{"id":9753,"date":"2024-01-14T21:22:09","date_gmt":"2024-01-14T18:22:09","guid":{"rendered":"https:\/\/enspridetravel.com\/?post_type=product&#038;p=9753"},"modified":"2024-04-26T14:10:35","modified_gmt":"2024-04-26T11:10:35","slug":"alanya-jeep-safari","status":"publish","type":"product","link":"https:\/\/enspridetravel.com\/tr\/urun\/alanya-jeep-safari\/","title":{"rendered":"Alanya Jeep Safari"},"content":{"rendered":"<div class=\"header-ul\"><\/div>\n<div class=\"header-ul\">\n<h3><img decoding=\"async\" class=\"rounded img-fluid float-sm-left mt-2 mr-sm-4 mb-2\" style=\"font-size: 16px;\" src=\"https:\/\/www.dailytoursinalanya.com\/Content\/images\/tours\/5\/thumb\/alanya-jeep-safari-14.webp\" alt=\"Alanya Jeep Safari 2\" \/><\/h3>\n<\/div>\n<div class=\"content-text\">\n<h1>JEEP SAFAR\u0130<\/h1>\n<h2>\u201cMacera ruhunuzu serbest b\u0131rak\u0131n: Alanya&#039;da tatil gezili jeep safari turlar\u0131\u201d<\/h2>\n<p>Heyecan arayan biriyseniz ve s\u0131ra d\u0131\u015f\u0131 bir deneyim arzuluyorsan\u0131z, Alanya&#039;daki heyecan verici jeep safari turlar\u0131na g\u00f6z at\u0131n. T\u00fcrk Rivieras\u0131&#039;n\u0131n inan\u0131lmaz g\u00fczelli\u011finin ortas\u0131nda yer alan Alanya, ke\u015ffedilecek \u00e7ok say\u0131da engebeli arazi ve muhte\u015fem manzaralar sunuyor. Sa\u011flam bir 4x4 cipe atlay\u0131n ve pitoresk da\u011flar, b\u00fcy\u00fcleyici k\u00f6yler ve gizli do\u011fa harikalar\u0131 aras\u0131nda unutulmaz bir maceraya haz\u0131rlan\u0131n. Bu tatil gezi turunda sizi Alanya jeep safari turlar\u0131n\u0131n heyecan\u0131na ve cazibesine kapt\u0131rarak inan\u0131lmaz bir yolculu\u011fa \u00e7\u0131karaca\u011f\u0131z.<\/p>\n<h2>Bozulmam\u0131\u015f g\u00fczellikteki off-road:<\/h2>\n<p>Alanya&#039;da Jeep safari turlar\u0131 al\u0131\u015f\u0131lagelmi\u015fin d\u0131\u015f\u0131na \u00e7\u0131kman\u0131n ve b\u00f6lgenin vah\u015fi g\u00fczelliklerini ke\u015ffetmenin m\u00fckemmel bir yoludur. Deneyimli s\u00fcr\u00fcc\u00fcn\u00fcz sizi do\u011fan\u0131n kalbine g\u00f6t\u00fcren engebeli arazide gezinirken arazi s\u00fcr\u00fc\u015f\u00fcn\u00fcn heyecan\u0131n\u0131 ya\u015fay\u0131n. Tozlu patikalarda ilerleyin, dik yama\u00e7lar\u0131 a\u015f\u0131n ve Toros Da\u011flar\u0131&#039;n\u0131n nefes kesen manzaras\u0131n\u0131n tad\u0131n\u0131 \u00e7\u0131kar\u0131n.<\/p>\n<h2>Gizli hazineleri ke\u015ffedin:<\/h2>\n<p>Bu turlar turistlerin radar\u0131n\u0131n d\u0131\u015f\u0131ndaki gizli m\u00fccevherleri ke\u015ffetmek i\u00e7in e\u015fsiz bir f\u0131rsat sunuyor. Geleneksel ya\u015fam tarzlar\u0131na tan\u0131k olabilece\u011finiz ve dost canl\u0131s\u0131 yerel halkla etkile\u015fime girebilece\u011finiz ilgin\u00e7 geleneksel k\u00f6ylere seyahat edin. Bir fincan zengin T\u00fcrk kahvesinin tad\u0131n\u0131 \u00e7\u0131karmak ve yerel k\u00fclt\u00fcr ve gelenekler hakk\u0131nda sohbet etmek i\u00e7in kahvehane olarak bilinen geleneksel T\u00fcrk kahvesi d\u00fckkanlar\u0131na u\u011fray\u0131n.<\/p>\n<h2>Muhte\u015fem Do\u011fa Harikalar\u0131:<\/h2>\n<p>Alanya&#039;da jeep safari sizi kal\u0131c\u0131 bir izlenim b\u0131rakacak, hayranl\u0131k uyand\u0131ran do\u011fa harikalar\u0131na g\u00f6t\u00fcrecektir. Z\u00fcmr\u00fct ye\u015fili nehri, yemye\u015fil bitki \u00f6rt\u00fcs\u00fc ve \u00e7a\u011flayan \u015felaleleriyle \u00fcnl\u00fc Dim Vadisi&#039;nin b\u00fcy\u00fcleyici g\u00fczelli\u011fine hayran kalmaya haz\u0131rlan\u0131n. Serinletici do\u011fal havuzlara dal\u0131n ve antik \u00e7\u0131nar a\u011fa\u00e7lar\u0131n\u0131n g\u00f6lgesinde dinlenin.<\/p>\n<h2>Herkes i\u00e7in bir macera:<\/h2>\n<p>\u0130ster adrenalin tutkunu biri olun, ister e\u015fsiz bir macera arayan bir aile olun, Alanya jeep safari turlar\u0131 her t\u00fcrl\u00fc gezgine uygundur. Tur se\u00e7enekleri, heyecan verici off-road gezilerinden, macera ve rahatlaman\u0131n m\u00fckemmel kar\u0131\u015f\u0131m\u0131n\u0131 sunan daha keyifli rotalara kadar \u00e7e\u015fitlilik g\u00f6sterir. Deneyimli rehberler yolculu\u011funuz boyunca size e\u015flik ederek herkesin stressiz ve keyifli bir deneyim ya\u015famas\u0131n\u0131 sa\u011flarken g\u00fcvenli\u011fin en \u00f6nemli \u00f6ncelik oldu\u011fundan emin olabilirsiniz.<\/p>\n<h2>Pratik hususlar:<\/h2>\n<p>Alanya jeep safari turunuzdan en iyi \u015fekilde yararlanmak i\u00e7in i\u015fte dikkate alman\u0131z gereken baz\u0131 pratik ipu\u00e7lar\u0131. Rahat giyinin, g\u00fcne\u015f kremi kullan\u0131n ve g\u00fcne\u015ften korunmak i\u00e7in mutlaka \u015fapka ve g\u00fcne\u015f g\u00f6zl\u00fc\u011f\u00fc getirin. \u0130nan\u0131lmaz manzaralar\u0131 yakalamak i\u00e7in su, at\u0131\u015ft\u0131rmal\u0131klar ve kamera gibi temel e\u015fyalar\u0131n bulundu\u011fu k\u00fc\u00e7\u00fck bir s\u0131rt \u00e7antas\u0131 ta\u015f\u0131man\u0131z tavsiye edilir. \u00c7o\u011fu tur, konaklama yerinizden al\u0131nmay\u0131 i\u00e7erir, bu nedenle erken bir ba\u015flang\u0131\u00e7 ve macera dolu bir g\u00fcn i\u00e7in haz\u0131rl\u0131kl\u0131 olun.<\/p>\n<p>Alanya&#039;da Jeep safari turlar\u0131, T\u00fcrk Rivieras\u0131&#039;n\u0131n vah\u015fi g\u00fczelli\u011finde heyecan verici bir tatil sunuyor. Sizi engebeli da\u011flara, b\u00fcy\u00fcleyici k\u00f6ylere ve b\u00fcy\u00fcleyici do\u011fa harikalar\u0131na g\u00f6t\u00fcrecek bir off-road maceras\u0131na at\u0131lmaya haz\u0131r olun. \u0130ster adrenalin dolu bir deneyim, ister benzersiz bir k\u00fclt\u00fcrel deneyim ar\u0131yor olun, Alanya jeep safari turlar\u0131, heyecan, nefes kesen manzaralar ve \u00f6m\u00fcr boyu s\u00fcrecek an\u0131larla dolu, unutulmaz bir yolculuk sunmay\u0131 vaat ediyor.<\/p>\n<h2>ALANYA&#039;DA JEEP SAFAR\u0130 TUR PROGRAMI:<\/h2>\n<p>* Landrover cipleriyle Alanya&#039;daki otellerden\/apartmanlardan ara\u00e7la alma.<br \/>\n* \u0130stasyonumuzdaki di\u011fer safari jeeplerimize kat\u0131l\u0131n.<br \/>\n* Safarinin ba\u015flang\u0131c\u0131 ve k\u00f6ylerin ve meyve (portakal, limon, muz vb.) bah\u00e7elerinin i\u00e7inden ge\u00e7ilmesi.<br \/>\n* Obakai Nehri yak\u0131n\u0131ndaki k\u00fc\u00e7\u00fck \u015felale ziyareti ve foto\u011fraf molas\u0131.<br \/>\n* Toros Da\u011flar\u0131na T\u0131rman\u0131\u015f.<br \/>\n* Da\u011fda foto\u011fraf molas\u0131 ve muhte\u015fem Alanya \u015fehri manzaras\u0131.<br \/>\n* Bir T\u00fcrk k\u00f6y evini ziyaret edin, k\u00f6y ya\u015fam\u0131 ve e\u011flenceli aktiviteler hakk\u0131nda bilgi al\u0131n.<br \/>\n* K\u00f6y camisini ziyaret ederek cami ve \u0130slam dini hakk\u0131nda bilgi edinin.<br \/>\n* Dim Vadisi gezisi.<br \/>\n* Dim Baraj\u0131&#039;nda foto\u011fraf duraklamas\u0131.<br \/>\n* \u00d6\u011fle yeme\u011fi, dinlenme, Dim\u00e7ay \u00c7ay\u0131&#039;nda y\u00fczme (yakla\u015f\u0131k 2 saat).<br \/>\n* Dim Ma\u011faras\u0131 ziyareti (iste\u011fe ba\u011fl\u0131).<br \/>\n*Alanya&#039;daki otel ve apartlar\u0131n\u0131za hareket.<\/p>\n<h2>F\u0130YATA DAH\u0130L OLANLAR:<\/h2>\n<p>* Alanya&#039;daki otel ve apartmanlardan alma\/b\u0131rakma.<br \/>\n* Rehber, \u00d6\u011fle Yeme\u011fi (\u0131zgara bal\u0131k veya tavuk, salata, pilav) (vejetaryen men\u00fc de mevcuttur).<\/p>\n<h2>\u0130STE\u011eE BA\u011eLI AKSESUARLAR:<\/h2>\n<p>\u2022 \u0130\u00e7ecekler, foto\u011fraflar, DVD&#039;ler.<\/p>\n<h2>EK B\u0130LG\u0130 VE \u0130PU\u00c7LARI:<\/h2>\n<p>* Tozlu da\u011flara uygun elbise ve ayakkab\u0131 giyin.<br \/>\n*Dim\u00e7ay \u00c7ay\u0131&#039;nda y\u00fczmek istiyorsan\u0131z yan\u0131n\u0131za mayo ve havlu al\u0131n.<br \/>\n*Foto\u011fraf hizmetimiz mevcuttur ancak dilerseniz kendi foto\u011fraf makinenizi de getirebilirsiniz.<br \/>\n*Alanya jeep safari turu \u00e7ocuklu aileler i\u00e7in de uygundur. Jeep safari turuna g\u00f6n\u00fcl rahatl\u0131\u011f\u0131yla kat\u0131l\u0131p keyif yapabilirler.<br \/>\n* Jeep s\u00fcr\u00fcc\u00fclerimiz uzun y\u0131llara dayanan s\u00fcr\u00fc\u015f tecr\u00fcbesine sahip profesyonellerdir.<\/p>\n<p>Alanya, T\u00fcrkiye&#039;deki tatiliniz boyunca size unutulmaz an\u0131lar dileriz.<\/p>\n<p>PS Daha fazla bilgi i\u00e7in telefonla veya WhatsApp mesaj\u0131yla da ileti\u015fime ge\u00e7ebilirsiniz.<\/p>\n<\/div>","protected":false},"excerpt":{"rendered":"<p>JEEP SAFARI &#8220;Unleash your spirit of adventure: jeep safari tours in Alanya with holiday excursion&#8221; If you are a thrill-seeker and crave an extraordinary experience, check out the exciting jeep safari tours in Alanya. Set amidst the incredible beauty of the Turkish Riviera, Alanya offers plenty of rugged terrain and stunning scenery to explore. Hop [&hellip;]<\/p>","protected":false},"featured_media":9754,"comment_status":"open","ping_status":"closed","template":"","meta":{"_monsterinsights_skip_tracking":false,"_monsterinsights_sitenote_active":false,"_monsterinsights_sitenote_note":"","_monsterinsights_sitenote_category":0},"product_cat":[97],"product_tag":[],"class_list":{"0":"post-9753","1":"product","2":"type-product","3":"status-publish","4":"has-post-thumbnail","6":"product_cat-alanya-jeep-safari","8":"first","9":"instock","10":"sale","11":"shipping-taxable","12":"purchasable","13":"product-type-ovabrw_car_rental"},"aioseo_notices":[],"_links":{"self":[{"href":"https:\/\/enspridetravel.com\/tr\/wp-json\/wp\/v2\/product\/9753","targetHints":{"allow":["GET"]}}],"collection":[{"href":"https:\/\/enspridetravel.com\/tr\/wp-json\/wp\/v2\/product"}],"about":[{"href":"https:\/\/enspridetravel.com\/tr\/wp-json\/wp\/v2\/types\/product"}],"replies":[{"embeddable":true,"href":"https:\/\/enspridetravel.com\/tr\/wp-json\/wp\/v2\/comments?post=9753"}],"wp:featuredmedia":[{"embeddable":true,"href":"https:\/\/enspridetravel.com\/tr\/wp-json\/wp\/v2\/media\/9754"}],"wp:attachment":[{"href":"https:\/\/enspridetravel.com\/tr\/wp-json\/wp\/v2\/media?parent=9753"}],"wp:term":[{"taxonomy":"product_cat","embeddable":true,"href":"https:\/\/enspridetravel.com\/tr\/wp-json\/wp\/v2\/product_cat?post=9753"},{"taxonomy":"product_tag","embeddable":true,"href":"https:\/\/enspridetravel.com\/tr\/wp-json\/wp\/v2\/product_tag?post=9753"}],"curies":[{"name":"wp","href":"https:\/\/api.w.org\/{rel}","templated":true}]}}