{"id":9737,"date":"2024-01-14T21:03:58","date_gmt":"2024-01-14T18:03:58","guid":{"rendered":"https:\/\/enspridetravel.com\/?post_type=product&#038;p=9737"},"modified":"2024-04-26T15:49:03","modified_gmt":"2024-04-26T12:49:03","slug":"pamukkale-tour-from-alanya","status":"publish","type":"product","link":"https:\/\/enspridetravel.com\/tr\/urun\/pamukkale-tour-from-alanya\/","title":{"rendered":"Alanya&#039;dan Pamukkale Turu"},"content":{"rendered":"<h1>Salda G\u00f6l\u00fc Pamukkale<\/h1>\n<h2>B\u00fcy\u00fcleyici harikalar: Salda G\u00f6l\u00fc Pamukkale&#039;yi ke\u015ffetmek<\/h2>\n<p>T\u00fcrkiye&#039;nin en b\u00fcy\u00fcleyici do\u011fa harikalar\u0131ndan ikisine tan\u0131k olmak i\u00e7in heyecan verici bir yolculu\u011fa \u00e7\u0131k\u0131n: Salda G\u00f6l\u00fc ve Pamukkale G\u00f6l\u00fc. Bu tur sizi, Salda G\u00f6l\u00fc&#039;n\u00fcn berrak turkuaz sular\u0131na ve Pamukkale&#039;nin ola\u011fan\u00fcst\u00fc terasl\u0131 traverten havuzlar\u0131na hayran kalaca\u011f\u0131n\u0131z g\u00fcneybat\u0131 T\u00fcrkiye&#039;nin muhte\u015fem manzaralar\u0131na g\u00f6t\u00fcrecek. Bu b\u00fcy\u00fcleyici turda sizi bekleyen \u00f6nemli anlar\u0131 ve deneyimleri ke\u015ffederken bize kat\u0131l\u0131n.<\/p>\n<h3>1. Salda G\u00f6l\u00fc, Pamukkale: T\u00fcrk Maldivleri:<\/h3>\n<p>\u201cT\u00fcrk Maldivleri\u201d olarak bilinen Salda G\u00f6l\u00fc, nefes kesen do\u011fal g\u00fczelli\u011fin ortas\u0131nda yer alan gizli bir m\u00fccevherdir. Kristal berrakl\u0131\u011f\u0131nda turkuaz suyu, beyaz kumlu plajlar\u0131 ve pitoresk \u00e7evresi ile bu muhte\u015fem g\u00f6l, e\u015fsiz ve sakin bir deneyim sunuyor. Serinletici sulara dal\u0131n, tertemiz k\u0131y\u0131larda rahatlay\u0131n ve ger\u00e7ek\u00fcst\u00fc manzaralar\u0131n Instagram&#039;a lay\u0131k foto\u011fraflar\u0131n\u0131 \u00e7ekin. Sizi b\u00fcy\u00fcleyecek ger\u00e7ek bir cennet olan Salda G\u00f6l\u00fc&#039;n\u00fcn b\u00fcy\u00fcleyici g\u00fczelli\u011fini ke\u015ffedin.<\/p>\n<h3>2. Pamukkale&#039;deki Salda G\u00f6l\u00fc: Bir do\u011fa harikas\u0131:<\/h3>\n<p>\u201cPamuk Kalesi\u201d olarak da an\u0131lan Pamukkale&#039;nin b\u00fcy\u00fcs\u00fcne kap\u0131lmaya haz\u0131rlan\u0131n. Bu UNESCO D\u00fcnya Miras\u0131 Alan\u0131, ger\u00e7ek\u00fcst\u00fc bir manzara yaratan termal suyla dolu terasl\u0131 traverten havuzlara sahiptir. Teraslara t\u0131rman\u0131rken, s\u0131cak ve \u015fifal\u0131 mineral bak\u0131m\u0131ndan zengin sular\u0131n tad\u0131n\u0131 \u00e7\u0131kar\u0131rken, g\u00f6z kama\u015ft\u0131r\u0131c\u0131 beyaz olu\u015fumlara hayran kal\u0131n. Ye\u015fil bir fon \u00fczerinde basamakl\u0131 havuzlar\u0131n ger\u00e7ek\u00fcst\u00fc g\u00f6r\u00fcnt\u00fcs\u00fc ger\u00e7ekten g\u00f6r\u00fclmeye de\u011fer bir manzarad\u0131r. Pamukkale ayr\u0131ca antik kal\u0131nt\u0131lar\u0131 ke\u015ffedebilece\u011finiz ve tarihi \u00f6nemini \u00f6\u011frenebilece\u011finiz Hierapolis Antik Kenti&#039;ni ke\u015ffetme f\u0131rsat\u0131 da sunuyor.<\/p>\n<h3>3. Pamukkale Salda G\u00f6l\u00fc&#039;ndeki termal banyolar ve tedaviler:<\/h3>\n<p>Pamukkale termal sular\u0131n\u0131n gen\u00e7le\u015ftirici ve iyile\u015ftirici \u00f6zelli\u011fiyle kendinizi \u015f\u0131mart\u0131n. \u015eifal\u0131 \u00f6zellikleriyle bilinen bu do\u011fal olarak \u0131s\u0131nan, mineral bak\u0131m\u0131ndan zengin sular, unutulmaz bir banyo deneyimi sunuyor. Pamukkale Termal Banyolar\u0131, muhte\u015fem do\u011fal g\u00fczelliklerle \u00e7evrili, dinlenmek ve yenilenmek i\u00e7in e\u015fsiz bir f\u0131rsat sunar. Kendinizi \u0131l\u0131k suya soktu\u011funuzu, v\u00fccudunuzu yeniledi\u011finizi ve t\u00fcm stresin eriyip gitti\u011fini hissetti\u011finizi hayal edin.<\/p>\n<h3>4. Pamukkale Salda G\u00f6l\u00fc Turu. Rehber deneyimi ve konforu:<\/h3>\n<p>Pamukkale&#039;deki Salda G\u00f6l\u00fc Turu, b\u00f6lgenin tarihi, k\u00fclt\u00fcr\u00fc ve do\u011fal g\u00fczellikleri konusunda bilgili, deneyimli rehberlerin deneyimini sunuyor. Tur boyunca size e\u015flik edecek, anlay\u0131\u015fl\u0131 yorumlarda bulunarak konforunuzu ve g\u00fcvenli\u011finizi sa\u011flayacaklar. Destinasyonlara ili\u015fkin bilgi ve tutkular\u0131, turun \u00f6nemli noktalar\u0131n\u0131 anlaman\u0131z\u0131 ve takdir etmenizi b\u00fcy\u00fck \u00f6l\u00e7\u00fcde art\u0131racak ve kendinizi Salda G\u00f6l\u00fc ve Pamukkale&#039;nin harikalar\u0131na tamamen kapt\u0131rman\u0131za olanak tan\u0131yacakt\u0131r.<\/p>\n<h3>5. Do\u011fan\u0131n Nefes Kesen Kontrast\u0131:<\/h3>\n<p>Pamukkale&#039;deki Salda G\u00f6l\u00fc Turu, iki muhte\u015fem do\u011fa harikas\u0131 aras\u0131nda e\u015fsiz bir kontrast sa\u011flar. Salda G\u00f6l\u00fc&#039;n\u00fcn berrak turkuaz sular\u0131 ve kumlu k\u0131y\u0131lar\u0131 ile huzurlu ve sakin bir ortam\u0131n i\u00e7inde olacaks\u0131n\u0131z. Pamukkale&#039;ye ta\u015f\u0131nd\u0131\u011f\u0131n\u0131zda etkileyici terasl\u0131 havuzlar ve antik kal\u0131nt\u0131lar dinamik ve etkileyici bir atmosfer yarat\u0131r. Bu tur T\u00fcrkiye&#039;nin sundu\u011fu muhte\u015fem do\u011fal g\u00fczellikleri g\u00f6rmenize olanak sa\u011flayacakt\u0131r.<\/p>\n<p>Salda G\u00f6l\u00fc Pamukkale turu sizi T\u00fcrkiye&#039;nin muhte\u015fem do\u011fa harikalar\u0131na hayran b\u0131rakmay\u0131 vaat ediyor. Salda G\u00f6l\u00fc&#039;n\u00fcn ger\u00e7ek\u00fcst\u00fc manzaralar\u0131ndan ve turkuaz sular\u0131ndan Pamukkale&#039;nin terasl\u0131 traverten havuzlar\u0131na kadar bu tur sizi nefes kesen manzaralar aras\u0131nda b\u00fcy\u00fcleyici bir yolculu\u011fa \u00e7\u0131karacak. Deneyimli rehberlerle bu ola\u011fan\u00fcst\u00fc yerlerin tarihi ve k\u00fclt\u00fcrel \u00f6nemi hakk\u0131nda daha derin bir anlay\u0131\u015f kazanacaks\u0131n\u0131z. Size \u00f6m\u00fcr boyu unutulmayacak an\u0131lar b\u0131rakacak unutulmaz bir maceraya at\u0131lmaya haz\u0131r olun.<\/p>\n<h2>SALDA PAMUKKALE G\u00d6L\u00dc TUR PROGRAMI:<\/h2>\n<p>*Alanya ve \u00e7evresindeki otel ve apartlardan transfer.<br \/>\n* Denizli \u015fehir i\u00e7inden Pamukkale&#039;ye gezi, kahvalt\u0131.<br \/>\n* Konforlu konaklama. Pamukkale&#039;ye var\u0131\u015f (10:00 civar\u0131).<br \/>\n* Hierapolis Antik Kenti ve Nekropol Ziyareti (Yakla\u015f\u0131k 1 saat)<br \/>\n* Pamukkale&#039;nin (Pamuk Kalesi) kire\u00e7ta\u015f\u0131 teraslar\u0131n\u0131 ziyaret edin ve ard\u0131ndan serbest zaman\u0131n tad\u0131n\u0131 \u00e7\u0131kar\u0131n (yakla\u015f\u0131k 3 saat).<br \/>\n* Ak\u015fam yeme\u011fi. Salda G\u00f6l\u00fc ziyareti. Ke\u015ffetmek i\u00e7in serbest zaman\u0131n tad\u0131n\u0131 \u00e7\u0131kar\u0131n (yakla\u015f\u0131k bir saat).<br \/>\n* Ak\u015fam yeme\u011fi, Toros Da\u011f\u0131 \u00fczerinden Antalya&#039;ya d\u00f6n\u00fc\u015f.<br \/>\n*Alanya&#039;daki otel ve apartlara hareket (23:30-24:00).<\/p>\n<h2>F\u0130YATA DAH\u0130L OLANLAR:<\/h2>\n<p>* Alanya&#039;daki otel ve apartmanlardan alma\/b\u0131rakma.<br \/>\n* Rehberlik, kahvalt\u0131, \u00f6\u011fle yeme\u011fi, ak\u015fam yeme\u011fi<br \/>\n* Pamukkale, Hierapolis Antik Kenti ve Salda G\u00f6l\u00fc&#039;ne giri\u015f \u00fccretleri.<\/p>\n<h2>\u0130STE\u011eE BA\u011eLI AKSESUARLAR:<\/h2>\n<p>*Personel maliyetleri<br \/>\n* Kleopatra termal havuzunda y\u00fczmek (11\u20ac)<\/p>\n<h2>EK B\u0130LG\u0130 VE \u0130PU\u00c7LARI:<\/h2>\n<p>\u2022 Pamukkale teraslar\u0131nda y\u00fczmeye ve y\u00fcr\u00fcy\u00fc\u015fe izin verilmektedir. Rahat k\u0131yafetler ve ayakkab\u0131lar giyin<br \/>\n\u2022 Pamukkale Termal Havuzlar\u0131 veya Kleopatra Havuzu&#039;nda y\u00fczmek istiyorsan\u0131z l\u00fctfen mayo, havlu ve g\u00fcne\u015f kremi getirin.<br \/>\n\u2022 Kleopatra&#039;n\u0131n havuzunu \u00fccretsiz olarak g\u00f6rebilir, gezebilir ve foto\u011fraf \u00e7ekebilirsiniz. Sadece havuzda y\u00fczmek de ek bir se\u00e7enektir.<\/p>\n<p>Fiyata transfer, sigorta, \u00f6\u011fle yeme\u011fi ve rehberli tur dahildir.<\/p>\n<p>Antalya, Alanya, Side, Manavgat, Belek&#039;ten temin edilebilir. Tam al\u0131m saatini \u00f6\u011frenmek i\u00e7in l\u00fctfen bizimle ileti\u015fime ge\u00e7in.<\/p>\n<p>Alanya, T\u00fcrkiye&#039;deki tatiliniz boyunca size unutulmaz an\u0131lar dileriz.<\/p>\n<p>PS Daha fazla bilgi i\u00e7in telefonla veya WhatsApp mesaj\u0131yla da ileti\u015fime ge\u00e7ebilirsiniz.<\/p>","protected":false},"excerpt":{"rendered":"<p>Lake Salda Pamukkale Enchanting wonders: exploring Lake Salda Pamukkale Embark on an exciting journey to witness two of Turkey&#8217;s most mesmerizing natural wonders: Lake Salda and Lake Pamukkale. This tour will take you through the stunning landscapes of southwestern Turkey, where you will be amazed by the clear turquoise waters of Lake Salda and the [&hellip;]<\/p>","protected":false},"featured_media":9739,"comment_status":"open","ping_status":"closed","template":"","meta":{"_monsterinsights_skip_tracking":false,"_monsterinsights_sitenote_active":false,"_monsterinsights_sitenote_note":"","_monsterinsights_sitenote_category":0},"product_cat":[95],"product_tag":[],"class_list":{"0":"post-9737","1":"product","2":"type-product","3":"status-publish","4":"has-post-thumbnail","6":"product_cat-pamukkale-tour-from-alanya","8":"first","9":"instock","10":"sale","11":"shipping-taxable","12":"purchasable","13":"product-type-ovabrw_car_rental"},"aioseo_notices":[],"_links":{"self":[{"href":"https:\/\/enspridetravel.com\/tr\/wp-json\/wp\/v2\/product\/9737","targetHints":{"allow":["GET"]}}],"collection":[{"href":"https:\/\/enspridetravel.com\/tr\/wp-json\/wp\/v2\/product"}],"about":[{"href":"https:\/\/enspridetravel.com\/tr\/wp-json\/wp\/v2\/types\/product"}],"replies":[{"embeddable":true,"href":"https:\/\/enspridetravel.com\/tr\/wp-json\/wp\/v2\/comments?post=9737"}],"wp:featuredmedia":[{"embeddable":true,"href":"https:\/\/enspridetravel.com\/tr\/wp-json\/wp\/v2\/media\/9739"}],"wp:attachment":[{"href":"https:\/\/enspridetravel.com\/tr\/wp-json\/wp\/v2\/media?parent=9737"}],"wp:term":[{"taxonomy":"product_cat","embeddable":true,"href":"https:\/\/enspridetravel.com\/tr\/wp-json\/wp\/v2\/product_cat?post=9737"},{"taxonomy":"product_tag","embeddable":true,"href":"https:\/\/enspridetravel.com\/tr\/wp-json\/wp\/v2\/product_tag?post=9737"}],"curies":[{"name":"wp","href":"https:\/\/api.w.org\/{rel}","templated":true}]}}