{"id":9732,"date":"2024-01-14T03:04:02","date_gmt":"2024-01-14T00:04:02","guid":{"rendered":"https:\/\/enspridetravel.com\/?post_type=product&#038;p=9732"},"modified":"2024-04-25T17:17:03","modified_gmt":"2024-04-25T14:17:03","slug":"alanya-aquapark","status":"publish","type":"product","link":"https:\/\/enspridetravel.com\/tr\/urun\/alanya-aquapark\/","title":{"rendered":"Alanya Su Park\u0131"},"content":{"rendered":"<h1 id=\"tw-target-text\" class=\"tw-data-text tw-text-large tw-ta\" dir=\"ltr\" data-placeholder=\"\u00c7eviri\" aria-label=\"\u00c7evrilmi\u015f metin\" data-ved=\"2ahUKEwjs5fyCxd2FAxV6VPEDHT1gANYQ3ewLegQIBRAU\"><span class=\"Y2IQFc\" lang=\"en\">ALANYA SU PARKI TURU<\/span><\/h1>\n<h2 id=\"tw-target-text\" class=\"tw-data-text tw-text-large tw-ta\" dir=\"ltr\" data-placeholder=\"\u00c7eviri\" aria-label=\"\u00c7evrilmi\u015f metin\" data-ved=\"2ahUKEwjs5fyCxd2FAxV6VPEDHT1gANYQ3ewLegQIBRAU\"><span class=\"Y2IQFc\" lang=\"en\">T\u00fcm aile i\u00e7in e\u011flence: Alanya su park\u0131 turu ve \u00e7ok daha fazlas\u0131<\/span><\/h2>\n<p id=\"tw-target-text\" class=\"tw-data-text tw-text-large tw-ta\" dir=\"ltr\" data-placeholder=\"\u00c7eviri\" aria-label=\"\u00c7evrilmi\u015f metin\" data-ved=\"2ahUKEwjs5fyCxd2FAxV6VPEDHT1gANYQ3ewLegQIBRAU\"><span class=\"Y2IQFc\" lang=\"en\">Bir aile tatili planlamaya gelince, Alanya, T\u00fcrkiye m\u00fckemmel bir destinasyondur. \u00c7arp\u0131c\u0131 Akdeniz k\u0131y\u0131 \u015feridi, tarihi mekanlar\u0131 ve t\u00fcm aileye y\u00f6nelik pek \u00e7ok aktivite ile Alanya, herkese uygun bir \u015feyler sunmaktad\u0131r. Bu tatil gezisi turunda, aileler i\u00e7in en heyecan verici aktivitelerden biri olan Alanya Su Park\u0131 Turu&#039;nun yan\u0131 s\u0131ra her ya\u015ftan ki\u015fiye e\u011flenceli bir deneyim garanti eden di\u011fer harika se\u00e7eneklere odaklanaca\u011f\u0131z.<\/span><\/p>\n<h3>1. Alanya Su Park\u0131 Turu:<\/h3>\n<p>Alanya Su Park\u0131, suda macera ve heyecan dolu bir g\u00fcn vaat eden heyecan verici bir su park\u0131d\u0131r. Bu aile dostu turistik mekandan neler bekleyebilece\u011finizi burada bulabilirsiniz:<\/p>\n<h3>A) Su kayd\u0131raklar\u0131 ve havuzlar:<\/h3>\n<p>Su park\u0131nda her ya\u015fa ve heyecan seviyesine uygun \u00e7ok \u00e7e\u015fitli su kayd\u0131raklar\u0131 bulunmaktad\u0131r. K\u00fc\u00e7\u00fck \u00e7ocuklar i\u00e7in hafif e\u011fimlerden gen\u00e7ler ve yeti\u015fkinler i\u00e7in adrenalin pompalayan y\u00fcksek h\u0131zl\u0131 kayd\u0131raklara kadar herkes i\u00e7in bir \u015feyler var. Farkl\u0131 boyut ve derinliklerdeki havuzlarda aileler rahatlayabilir, serinletici suyun tad\u0131n\u0131 \u00e7\u0131karabilir veya birlikte e\u011flenebilirler.<\/p>\n<h3>B) Tembel nehir ve dalga havuzu:<\/h3>\n<p>Su park\u0131n\u0131n \u00f6ne \u00e7\u0131kan \u00f6zelliklerinden biri de tembel nehirdir. T\u00fcp\u00fc al\u0131n, rahatlay\u0131n ve hafif ak\u0131nt\u0131n\u0131n sizi park boyunca ta\u015f\u0131mas\u0131na izin vererek rahatlat\u0131c\u0131 ve keyifli bir deneyim sa\u011flay\u0131n. Dalga havuzu, ara s\u0131ra dalgalar\u0131n gelgitiyle okyanustaym\u0131\u015f hissi veren bir ba\u015fka favori aktivitedir.<\/p>\n<h3>C) \u00c7ocuk oyun alan\u0131:<\/h3>\n<p>Su park\u0131 k\u00fc\u00e7\u00fck \u00e7ocuklar i\u00e7in tasarlanm\u0131\u015ft\u0131r ve mini kayd\u0131raklar, s\u0131\u00e7rama havuzlar\u0131 ve interaktif su atraksiyonlar\u0131 i\u00e7eren \u00f6zel bir oyun alan\u0131na sahiptir. Ebeveynler, k\u00fc\u00e7\u00fck \u00e7ocuklar\u0131n\u0131n g\u00fcvenli ve kontroll\u00fc bir ortamda e\u011flenmesini izleyebilir.<\/p>\n<p>Alanya, her ya\u015ftan insana \u00e7e\u015fitli deneyimler sunan muhte\u015fem bir aile tatil beldesidir. Alanya Aquapark Turu, birbirinden keyifli su kayd\u0131raklar\u0131, tembel nehir ve dalga havuzuyla sonsuz e\u011flence ve heyecan ya\u015fat\u0131yor. Alanya, tarihi mekanlar\u0131 ke\u015ffetmekten g\u00fczel plajlar\u0131n ve nefes kesen manzaralar\u0131n keyfini \u00e7\u0131karmaya kadar, unutulmaz an\u0131lar yaratacak \u00e7ok \u00e7e\u015fitli aile dostu aktiviteler sunmaktad\u0131r. O halde \u00e7antalar\u0131n\u0131z\u0131 toplay\u0131n, g\u00fcne\u015fte biraz e\u011flenmeye haz\u0131rlan\u0131n ve ailenizi Alanya&#039;n\u0131n b\u00fcy\u00fcleyici ortam\u0131nda birbirine yakla\u015ft\u0131racak bir geziye \u00e7\u0131k\u0131n.<\/p>\n<p id=\"tw-target-text\" class=\"tw-data-text tw-text-large tw-ta\" dir=\"ltr\" data-placeholder=\"\u00c7eviri\" aria-label=\"\u00c7evrilmi\u015f metin\" data-ved=\"2ahUKEwjs5fyCxd2FAxV6VPEDHT1gANYQ3ewLegQIBRAU\"><span class=\"Y2IQFc\" lang=\"en\">Sizi e\u011flenceli, aksiyon ve macera dolu bir g\u00fcne davet ediyoruz! <\/span><\/p>\n<p class=\"tw-data-text tw-text-large tw-ta\" dir=\"ltr\" data-placeholder=\"\u00c7eviri\" aria-label=\"\u00c7evrilmi\u015f metin\" data-ved=\"2ahUKEwjs5fyCxd2FAxV6VPEDHT1gANYQ3ewLegQIBRAU\"><span class=\"Y2IQFc\" lang=\"en\">Su park\u0131 t\u00fcm ya\u015f gruplar\u0131 i\u00e7in harika, sa\u011fl\u0131kl\u0131 e\u011flenceler sunuyor. <\/span><\/p>\n<p class=\"tw-data-text tw-text-large tw-ta\" dir=\"ltr\" data-placeholder=\"\u00c7eviri\" aria-label=\"\u00c7evrilmi\u015f metin\" data-ved=\"2ahUKEwjs5fyCxd2FAxV6VPEDHT1gANYQ3ewLegQIBRAU\"><span class=\"Y2IQFc\" lang=\"en\">T\u00fcrk Rivieras\u0131n\u0131n \u00f6nde gelen su park\u0131 sizi su park\u0131nda e\u011flence, e\u011flence, heyecan dolu bir g\u00fcn ge\u00e7irmeye davet ediyor\u2026<\/span><\/p>\n<p>T\u00fcrk Rivieras\u0131&#039;n\u0131n en iyi hissini veren e\u015fsiz bir su park\u0131, her ya\u015f i\u00e7in en muhte\u015fem su atraksiyonlar\u0131n\u0131 bulacaks\u0131n\u0131z. Sizi yemye\u015fil bitki \u00f6rt\u00fcs\u00fcyle \u00e7evrili en sansasyonel ve ferahlat\u0131c\u0131 yaz g\u00fcn\u00fcn\u00fcn tad\u0131n\u0131 \u00e7\u0131karmaya davet ediyoruz. \u00dcnl\u00fc dalga havuzu, \u00e7ocuk alanlar\u0131 ve \u00e7ocuk lag\u00fcn\u00fc, d\u00f6nen kayd\u0131raklar, sonsuz damlalar, dinlendirici havuzlar ve \u00e7\u0131lg\u0131n nehirleri ka\u00e7\u0131rmamal\u0131s\u0131n\u0131z.<\/p>\n<p>\u0130ster gen\u00e7 ister ya\u015fl\u0131 olun, favori Akdeniz su park\u0131nda ya\u015fayabilece\u011finiz e\u011flencenin s\u0131n\u0131r\u0131 yok.<\/p>\n<p>G\u00fcnl\u00fck 2000 ki\u015fi kapasitesiyle T\u00fcrkiye&#039;nin Akdeniz b\u00f6lgesinin en b\u00fcy\u00fck su park\u0131 sizi e\u011flenceye, aksiyona ve maceraya davet ediyor. Akdeniz&#039;in en sevilen su cennetinde gen\u00e7 ya da ya\u015fl\u0131 fark etmez e\u011flencenin s\u0131n\u0131r\u0131 yok.<\/p>\n<p>Rafting yaparak e\u011flenebilir, ormandan deniz manzaras\u0131 e\u015fli\u011finde dinlenebilir, ya da adrenalininizi y\u00fckseltip kayd\u0131raklara binebilirsiniz.<br \/>\nFamily Slide ile aile boyu e\u011flence, Kamikaze ile y\u00fcksek h\u0131z, Multi Slide ile 4 ki\u015finin yan yana oldu\u011fu, \u00f6zel tasar\u0131m\u0131yla sizi ba\u015fka bir boyuta ta\u015f\u0131yan; Kara delik, yoku\u015fta kayd\u0131rakl\u0131 yukar\u0131, a\u015fa\u011f\u0131 ve tekrar, \u00e7ocuklar i\u00e7in \u00e7ocuk kayd\u0131raklar\u0131 ve \u00e7ok daha fazlas\u0131\u2026<\/p>\n<h3 id=\"tw-target-text\" class=\"tw-data-text tw-text-large tw-ta\" dir=\"ltr\" data-placeholder=\"\u00c7eviri\" aria-label=\"\u00c7evrilmi\u015f metin\" data-ved=\"2ahUKEwjs5fyCxd2FAxV6VPEDHT1gANYQ3ewLegQIBRAU\"><span class=\"Y2IQFc\" lang=\"en\">Fiyata dahildir:<\/span><\/h3>\n<p class=\"tw-data-text tw-text-large tw-ta\" dir=\"ltr\" data-placeholder=\"\u00c7eviri\" aria-label=\"\u00c7evrilmi\u015f metin\" data-ved=\"2ahUKEwjs5fyCxd2FAxV6VPEDHT1gANYQ3ewLegQIBRAU\"><span class=\"Y2IQFc\" lang=\"en\"> otelden otele transfer \u2013 rehber \u2013 su park\u0131na giri\u015f, \u00f6\u011fle yeme\u011fi. <\/span><\/p>\n<p class=\"tw-data-text tw-text-large tw-ta\" dir=\"ltr\" data-placeholder=\"\u00c7eviri\" aria-label=\"\u00c7evrilmi\u015f metin\" data-ved=\"2ahUKEwjs5fyCxd2FAxV6VPEDHT1gANYQ3ewLegQIBRAU\"><span class=\"Y2IQFc\" lang=\"en\">00\u20136 ya\u015f \u00d6\u011fle yeme\u011fi dahil de\u011fildir, Su Park\u0131&#039;nda ayr\u0131ca \u00f6denir. <\/span><\/p>\n<p class=\"tw-data-text tw-text-large tw-ta\" dir=\"ltr\" data-placeholder=\"\u00c7eviri\" aria-label=\"\u00c7evrilmi\u015f metin\" data-ved=\"2ahUKEwjs5fyCxd2FAxV6VPEDHT1gANYQ3ewLegQIBRAU\"><span class=\"Y2IQFc\" lang=\"en\">Alanya, T\u00fcrkiye&#039;deki tatiliniz boyunca size unutulmaz an\u0131lar dileriz. PS Daha fazla bilgi i\u00e7in telefonla veya WhatsApp mesaj\u0131yla da ileti\u015fime ge\u00e7ebilirsiniz.<\/span><\/p>","protected":false},"excerpt":{"rendered":"<p>TOUR TO ALANYA WATER PARK Fun for the whole family: Alanya water park tour and much more When it comes to planning a family vacation, Alanya, Turkey is the perfect destination. With its stunning Mediterranean coastline, historical sites and plenty of activities for the whole family, Alanya offers something for everyone. On this holiday excursion [&hellip;]<\/p>","protected":false},"featured_media":9733,"comment_status":"open","ping_status":"closed","template":"","meta":{"_monsterinsights_skip_tracking":false,"_monsterinsights_sitenote_active":false,"_monsterinsights_sitenote_note":"","_monsterinsights_sitenote_category":0},"product_cat":[94],"product_tag":[],"class_list":{"0":"post-9732","1":"product","2":"type-product","3":"status-publish","4":"has-post-thumbnail","6":"product_cat-alanya-aquapark","8":"first","9":"instock","10":"sale","11":"shipping-taxable","12":"purchasable","13":"product-type-ovabrw_car_rental"},"aioseo_notices":[],"_links":{"self":[{"href":"https:\/\/enspridetravel.com\/tr\/wp-json\/wp\/v2\/product\/9732","targetHints":{"allow":["GET"]}}],"collection":[{"href":"https:\/\/enspridetravel.com\/tr\/wp-json\/wp\/v2\/product"}],"about":[{"href":"https:\/\/enspridetravel.com\/tr\/wp-json\/wp\/v2\/types\/product"}],"replies":[{"embeddable":true,"href":"https:\/\/enspridetravel.com\/tr\/wp-json\/wp\/v2\/comments?post=9732"}],"wp:featuredmedia":[{"embeddable":true,"href":"https:\/\/enspridetravel.com\/tr\/wp-json\/wp\/v2\/media\/9733"}],"wp:attachment":[{"href":"https:\/\/enspridetravel.com\/tr\/wp-json\/wp\/v2\/media?parent=9732"}],"wp:term":[{"taxonomy":"product_cat","embeddable":true,"href":"https:\/\/enspridetravel.com\/tr\/wp-json\/wp\/v2\/product_cat?post=9732"},{"taxonomy":"product_tag","embeddable":true,"href":"https:\/\/enspridetravel.com\/tr\/wp-json\/wp\/v2\/product_tag?post=9732"}],"curies":[{"name":"wp","href":"https:\/\/api.w.org\/{rel}","templated":true}]}}