{"id":9727,"date":"2024-01-14T02:57:54","date_gmt":"2024-01-13T23:57:54","guid":{"rendered":"https:\/\/enspridetravel.com\/?post_type=product&#038;p=9727"},"modified":"2024-04-26T15:12:41","modified_gmt":"2024-04-26T12:12:41","slug":"alanya-land-of-legends-theme-park","status":"publish","type":"product","link":"https:\/\/enspridetravel.com\/tr\/urun\/alanya-land-of-legends-theme-park\/","title":{"rendered":"Alanya Land Of Legends Tema Park\u0131"},"content":{"rendered":"<h1>EFSANELER \u00dcLKES\u0130<\/h1>\n<h2>Land of Legends turuyla maceray\u0131 ve merak\u0131 ke\u015ffedin<\/h2>\n<p>\u00c7arp\u0131c\u0131 T\u00fcrk k\u0131y\u0131 \u015feridinde yer alan Belek, tarih, k\u00fclt\u00fcr ve do\u011fal g\u00fczelli\u011fin b\u00fcy\u00fcleyici bir birle\u015fimini sunuyor. Pek \u00e7ok ilgi \u00e7ekici yer aras\u0131nda Land of Legends, s\u0131ra d\u0131\u015f\u0131 ve heyecan verici bir deneyim arayan gezginlerin mutlaka ziyaret etmesi gereken bir destinasyon olarak \u00f6ne \u00e7\u0131k\u0131yor. Bu tatil gezi turu program\u0131, sizi bekleyen maceralar\u0131n ve harikalar\u0131n canl\u0131 bir resmini \u00e7izerek sizi Land of Legends Belek&#039;le tan\u0131\u015ft\u0131racak.<\/p>\n<h3>1. Ba\u015fka hi\u00e7bir \u015feye benzemeyen efsanevi bir tema park\u0131:<\/h3>\n<p>Land of Legends bir tema park\u0131ndan daha fazlas\u0131d\u0131r; buras\u0131 bir sihir ve heyecan diyar\u0131d\u0131r. Bu geni\u015fleyen kompleks, 2,5 milyon metrekarenin \u00fczerinde bir alana yay\u0131l\u0131yor ve her ya\u015ftan ziyaret\u00e7iye \u00e7e\u015fitli heyecan verici geziler, su maceralar\u0131 ve inan\u0131lmaz e\u011flence sunuyor. Heyecan verici h\u0131z trenlerinden sim\u00fcle edilmi\u015f ya\u011fmur ormanlar\u0131na kadar Land of Legends, hayal g\u00fcc\u00fcn\u00fc yakalar ve unutulmaz an\u0131lar yarat\u0131r.<\/p>\n<h3>2. Mitolojiye yolculuk:<\/h3>\n<p>Efsaneler Diyar\u0131&#039;nda mitolojinin hayat buldu\u011fu bir d\u00fcnyaya ad\u0131m at\u0131n. Antik mitlerden ve efsanelerden ilham alan park, ziyaret\u00e7ilere Yunan, Roma ve T\u00fcrk folkloruna dair s\u00fcr\u00fckleyici bir deneyim sunuyor. Park\u0131 ke\u015ffederken Herk\u00fcl veya Midas gibi efsanevi fig\u00fcrlerle tan\u0131\u015f\u0131n ve bu efsanevi masallar\u0131 hayata ge\u00e7iren destans\u0131 canl\u0131 performanslara tan\u0131k olun.<\/p>\n<h3>3. Herkes i\u00e7in su maceralar\u0131:<\/h3>\n<p>Land of Legends turunun \u00f6ne \u00e7\u0131kan noktalar\u0131ndan biri de ola\u011fan\u00fcst\u00fc su park\u0131d\u0131r. Heyecan verici kayd\u0131raklar, dalga havuzlar\u0131, tembel nehirler ve canl\u0131 lag\u00fcnlerin bulundu\u011fu geni\u015f bir su oyun alan\u0131na kendinizi kapt\u0131r\u0131n. \u0130ster adrenalin patlamas\u0131 ister tropik manzaralarda rahatlat\u0131c\u0131 bir y\u00fczme ar\u0131yor olun, su park\u0131 her tercihe ve ilgiye hitap etmektedir.<\/p>\n<h3>4. Yunuslar ve beyaz balinalar aras\u0131ndaki etkile\u015fim:<\/h3>\n<p>Hayvan severler i\u00e7in Land of Legends, yunuslar ve beyaz balinalarla etkile\u015fime ge\u00e7mek i\u00e7in e\u015fsiz f\u0131rsatlar sunuyor. Bu ak\u0131ll\u0131, nazik deniz canl\u0131lar\u0131yla yak\u0131ndan tan\u0131\u015fman\u0131n mutlulu\u011funu ve b\u00fcy\u00fcs\u00fcn\u00fc ya\u015fay\u0131n ve b\u00fcy\u00fcleyici davran\u0131\u015flar\u0131n\u0131 profesyonel e\u011fitmenlerden \u00f6\u011frenin. Bu g\u00f6rkemli hayvanlarla tan\u0131\u015fmak unutulmaz an\u0131lar b\u0131rak\u0131yor.<\/p>\n<h3>5. Al\u0131\u015fveri\u015f ve e\u011flence fantezisi:<\/h3>\n<p>Heyecan verici maceralar\u0131n yan\u0131 s\u0131ra Land of Legends kapsaml\u0131 bir e\u011flence sunuyor. Uluslararas\u0131 markalarla dolu l\u00fcks bir caddede birinci s\u0131n\u0131f al\u0131\u015fveri\u015fin keyfini \u00e7\u0131kar\u0131n. \u00dcst d\u00fczey modadan mutfak lezzetlerine kadar bu a\u00e7\u0131k hava al\u0131\u015fveri\u015f b\u00f6lgesi, ziyaretinize ekstra bir cazibe katacak.<\/p>\n<h3>6. Muhte\u015fem konut:<\/h3>\n<p>Park\u0131n i\u00e7inde yer alan Kingdom Hotel&#039;de konaklamay\u0131 se\u00e7erek Land of Legends deneyiminizi daha da unutulmaz k\u0131l\u0131n. Bu muhte\u015fem otel, l\u00fcks konaklama birimleri, birinci s\u0131n\u0131f olanaklar ve park\u0131n t\u00fcm turistik mekanlar\u0131na kolay eri\u015fim imkan\u0131 sunmaktad\u0131r. Park\u0131n ku\u015fbak\u0131\u015f\u0131 manzaras\u0131yla uyand\u0131\u011f\u0131n\u0131z\u0131, macera dolu bir g\u00fcne daha ba\u015flamaya haz\u0131r oldu\u011funuzu hayal edin. The Land of Legends&#039;\u0131n alanya turu.<\/p>\n<h3>7. Ak\u015fam g\u00f6sterileri ve muhte\u015fem havai fi\u015fekler:<\/h3>\n<p>G\u00fcn \u0131\u015f\u0131\u011f\u0131 yerini ak\u015fama b\u0131rak\u0131rken Land of Legends b\u00fcy\u00fcl\u00fc bir harikalar diyar\u0131na d\u00f6n\u00fc\u015f\u00fcyor. Yer \u00e7ekimine meydan okuyan g\u00f6steriler, akrobasi ve ba\u015f d\u00f6nd\u00fcr\u00fcc\u00fc performanslar i\u00e7eren muhte\u015fem canl\u0131 g\u00f6sterilerin keyfini \u00e7\u0131kar\u0131n. Gece g\u00f6ky\u00fcz\u00fc, Land of Legend maceran\u0131z\u0131n b\u00fcy\u00fck finali olacak muhte\u015fem bir havai fi\u015fek g\u00f6sterisiyle canlan\u0131yor<\/p>\n<p>The Land of Legends Belek turu sizi nefes kesen bir ortamda fanteziyi, maceray\u0131 ve merak\u0131 deneyimlemeye davet ediyor. Heyecan verici gezilerden b\u00fcy\u00fcleyici mitolojiye, yunuslar ve beyaz balinalarla kar\u015f\u0131la\u015fmalara kadar park, \u00e7e\u015fitli heyecan verici deneyimler sunuyor. \u0130ster ailenizle, ister arkada\u015flar\u0131n\u0131zla, ister sevdiklerinizle bu yolculu\u011fa \u00e7\u0131k\u0131n, Land of Legends size \u00f6m\u00fcr boyu s\u00fcrecek an\u0131lar vaat ediyor. \u00d6yleyse bu ola\u011fan\u00fcst\u00fc krall\u0131\u011fa ziyaretinizi planlay\u0131n ve i\u00e7inizdeki macerac\u0131y\u0131 serbest b\u0131rak\u0131n.<\/p>\n<h2>F\u0130YATA DAH\u0130L OLANLAR:<\/h2>\n<p>* Otelden alma ve otele b\u0131rakma<br \/>\n*The Land of Legends Tema Park Giri\u015f \u00dccreti<br \/>\n* Yunus ve deniz aslan\u0131 g\u00f6sterisi<br \/>\n* Aktiviteler, kayd\u0131raklar, havuzlar<br \/>\n* 5D sinema<\/p>\n<h2>\u0130STE\u011eE BA\u011eLI AKSESUARLAR:<\/h2>\n<p>*Yiyecek i\u00e7ecekleri<br \/>\n*Ki\u015fisel giderler<br \/>\n* Yunuslarla y\u00fczmek<\/p>\n<h2>EK B\u0130LG\u0130 VE \u0130PU\u00c7LARI:<\/h2>\n<p>* Mayo ve g\u00fcne\u015f kremi getirin.<br \/>\n*Cep telefonunuzu ve kameran\u0131z\u0131 yan\u0131n\u0131zda g\u00f6t\u00fcrebilirsiniz.<\/p>","protected":false},"excerpt":{"rendered":"<p>LAND OF LEGENDS Discover adventure and wonder with a Land of Legends tour Situated along the stunning Turkish coastline, Belek offers a fascinating combination of history, culture and natural beauty. Among the many attractions, the Land of Legends stands out as a must-visit destination for travelers seeking an extraordinary and exciting experience. This holiday excursion [&hellip;]<\/p>","protected":false},"featured_media":9728,"comment_status":"open","ping_status":"closed","template":"","meta":{"_monsterinsights_skip_tracking":false,"_monsterinsights_sitenote_active":false,"_monsterinsights_sitenote_note":"","_monsterinsights_sitenote_category":0},"product_cat":[93],"product_tag":[],"class_list":{"0":"post-9727","1":"product","2":"type-product","3":"status-publish","4":"has-post-thumbnail","6":"product_cat-alanya-land-of-legends-theme-park","8":"first","9":"instock","10":"sale","11":"shipping-taxable","12":"purchasable","13":"product-type-ovabrw_car_rental"},"aioseo_notices":[],"_links":{"self":[{"href":"https:\/\/enspridetravel.com\/tr\/wp-json\/wp\/v2\/product\/9727","targetHints":{"allow":["GET"]}}],"collection":[{"href":"https:\/\/enspridetravel.com\/tr\/wp-json\/wp\/v2\/product"}],"about":[{"href":"https:\/\/enspridetravel.com\/tr\/wp-json\/wp\/v2\/types\/product"}],"replies":[{"embeddable":true,"href":"https:\/\/enspridetravel.com\/tr\/wp-json\/wp\/v2\/comments?post=9727"}],"wp:featuredmedia":[{"embeddable":true,"href":"https:\/\/enspridetravel.com\/tr\/wp-json\/wp\/v2\/media\/9728"}],"wp:attachment":[{"href":"https:\/\/enspridetravel.com\/tr\/wp-json\/wp\/v2\/media?parent=9727"}],"wp:term":[{"taxonomy":"product_cat","embeddable":true,"href":"https:\/\/enspridetravel.com\/tr\/wp-json\/wp\/v2\/product_cat?post=9727"},{"taxonomy":"product_tag","embeddable":true,"href":"https:\/\/enspridetravel.com\/tr\/wp-json\/wp\/v2\/product_tag?post=9727"}],"curies":[{"name":"wp","href":"https:\/\/api.w.org\/{rel}","templated":true}]}}