{"id":9717,"date":"2024-01-14T01:32:37","date_gmt":"2024-01-13T22:32:37","guid":{"rendered":"https:\/\/enspridetravel.com\/?post_type=product&#038;p=9717"},"modified":"2024-04-26T13:18:19","modified_gmt":"2024-04-26T10:18:19","slug":"alanya-dolphin-show","status":"publish","type":"product","link":"https:\/\/enspridetravel.com\/tr\/urun\/alanya-dolphin-show\/","title":{"rendered":"Alanya Yunus G\u00f6sterisi"},"content":{"rendered":"<div class=\"header-ul\"><\/div>\n<div class=\"header-ul\">\n<h3><img decoding=\"async\" class=\"rounded img-fluid float-sm-left mt-2 mr-sm-4 mb-2\" style=\"font-size: 16px;\" src=\"https:\/\/www.dailytoursinalanya.com\/Content\/images\/tours\/16\/thumb\/alanya-dolphin-show-9.webp\" alt=\"Alanya Dolphin Show 2\" \/><\/h3>\n<h1>Alanya&#039;da yunus g\u00f6sterisi<\/h1>\n<h2>B\u00fcy\u00fcleyici Deneyim: Alanya&#039;daki Muhte\u015fem Yunus G\u00f6sterisine Tan\u0131k Olun<\/h2>\n<p>Alanya Yunus G\u00f6sterisi&#039;nde yunuslar\u0131n inan\u0131lmaz zekas\u0131 ve \u00e7evikli\u011fiyle b\u00fcy\u00fclenmeye haz\u0131rlan\u0131n. T\u00fcrkiye&#039;nin pitoresk Akdeniz k\u0131y\u0131s\u0131nda yer alan g\u00f6steri, sizi bu muhte\u015fem canl\u0131lar\u0131n su alt\u0131 d\u00fcnyas\u0131na heyecan verici bir yolculu\u011fa \u00e7\u0131karmay\u0131 vaat ediyor. Alanya yunus g\u00f6sterisinin \u00f6nemli noktalar\u0131n\u0131 ve harikalar\u0131n\u0131 ke\u015ffederken bize kat\u0131l\u0131n.<\/p>\n<h3>1. Yunuslar\u0131n g\u00f6sterilerinden keyif almak:<\/h3>\n<p>Y\u00fcksek e\u011fitimli yunuslar bir dizi muhte\u015fem performansla yeteneklerini ve yeteneklerini sergilerken hayran kalmaya haz\u0131rlan\u0131n. \u0130nan\u0131lmaz akrobatik hareketlerine, senkronize y\u00fczmelerine ve antren\u00f6rleriyle e\u011flenceli etkile\u015fimlerine tan\u0131k olun. Alanya Yunus G\u00f6sterisi hem e\u011flenceli hem de etkileyici, her ya\u015ftan izleyiciyi hayretler i\u00e7inde b\u0131rakan keyifli bir g\u00f6steri sunuyor.<\/p>\n<h3>2. Yunus davran\u0131\u015f\u0131na e\u011fitici bir bak\u0131\u015f a\u00e7\u0131s\u0131:<\/h3>\n<p>Alanya Yunus G\u00f6sterisi&#039;nde e\u011flenceli g\u00f6sterilerin yan\u0131 s\u0131ra yunuslar\u0131n davran\u0131\u015flar\u0131 ve zekalar\u0131 hakk\u0131nda e\u011fitici bilgiler de veriliyor. Do\u011fal ya\u015fam alanlar\u0131, sosyal yap\u0131lar\u0131 ve bu ola\u011fan\u00fcst\u00fc canl\u0131lar i\u00e7in koruma \u00e7abalar\u0131n\u0131n \u00f6nemi hakk\u0131nda bilgi edinin. Bilgilendirici yorumlar arac\u0131l\u0131\u011f\u0131yla g\u00f6steri, sorumlu ekoturizm ve deniz ya\u015fam\u0131n\u0131n korunmas\u0131 ihtiyac\u0131 konusunda fark\u0131ndal\u0131k yaratmay\u0131 ama\u00e7l\u0131yor.<\/p>\n<h3>3. Unutulmaz etkile\u015fimler:<\/h3>\n<p>Daha etkile\u015fimli bir deneyim arayanlar i\u00e7in Alanya Yunus G\u00f6sterisi, bu ola\u011fan\u00fcst\u00fc canl\u0131larla yak\u0131nla\u015fmak ve ki\u015fiselle\u015fmek i\u00e7in e\u015fsiz f\u0131rsatlar sunuyor. Mekana ba\u011fl\u0131 olarak yunuslarla y\u00fczme, foto\u011fraf \u00e7ektirme, hatta onlar\u0131 besleme f\u0131rsat\u0131na sahip olabilirsiniz. Bu etkile\u015fimler ya\u015fam boyu an\u0131lar yarat\u0131r ve bu inan\u0131lmaz hayvanlara daha derin bir takdir duymam\u0131z\u0131 sa\u011flar.<\/p>\n<h3>4. T\u00fcm aile i\u00e7in e\u011flence:<\/h3>\n<p>Alanya Yunus G\u00f6sterisi t\u00fcm aile i\u00e7in ideal bir aktivite olup, her ya\u015ftan ziyaret\u00e7iye e\u011flence sunmaktad\u0131r. Hem \u00e7ocuklar hem de yeti\u015fkinler, yunuslar\u0131n e\u011flenceli do\u011fas\u0131 ve zekas\u0131 kar\u015f\u0131s\u0131nda b\u00fcy\u00fclenecek. Bu inan\u0131lmaz yarat\u0131klar\u0131 \u00e7al\u0131\u015f\u0131rken izlemek sadece keyifli de\u011fil ayn\u0131 zamanda e\u011fiticidir. Bu, t\u00fcm aile \u00fczerinde kal\u0131c\u0131 bir izlenim b\u0131rakacak bir deneyimdir.<\/p>\n<h3>5. \u00c7arp\u0131c\u0131 konum ve profesyonel sunum:<\/h3>\n<p>Alanya Dolphin Show, modern konforlar ve konforlu oturma yerleri sunan birinci s\u0131n\u0131f bir mekanda ger\u00e7ekle\u015ftirilmektedir. Son teknoloji ses ve \u0131\u015f\u0131k sistemlerine sahip olan g\u00f6steri, genel e\u011flenceyi art\u0131ran profesyonel bir performans sunuyor. Kendinizi yunuslar\u0131n b\u00fcy\u00fcl\u00fc d\u00fcnyas\u0131na kapt\u0131r\u0131rken arkan\u0131za yaslan\u0131n ve rahatlay\u0131n ve onlar\u0131n inan\u0131lmaz yeteneklerine hayran kal\u0131n.<\/p>\n<p>Alanya Yunus G\u00f6sterisi sizi yunuslar\u0131n muhte\u015fem d\u00fcnyas\u0131na yakla\u015ft\u0131ran b\u00fcy\u00fcleyici bir deneyim sunuyor. Heyecan verici performanslardan e\u011fitici mesajlara kadar her ya\u015ftan insan\u0131 e\u011flendiren g\u00f6steri, denizlerin korunmas\u0131n\u0131n \u00f6nemini tan\u0131t\u0131yor. Etkileyici akrobatik performanslar, interaktif ve e\u011fitici aktiviteler ya da sadece e\u011flenceli bir aile gezisi ar\u0131yorsan\u0131z, Alanya Yunus G\u00f6sterisi unutulmaz bir deneyim sa\u011flayacakt\u0131r. Size \u00f6m\u00fcr boyu s\u00fcrecek an\u0131lar b\u0131rakacak bu ola\u011fan\u00fcst\u00fc yarat\u0131klar\u0131n g\u00fczelli\u011fi ve zekas\u0131yla b\u00fcy\u00fclenmeye haz\u0131rlan\u0131n.<\/p>\n<p>Alanya&#039;da Sealanya Dolphinarium&#039;da yunus g\u00f6sterileri g\u00fcnde iki kez d\u00fczenlenmektedir.<\/p>\n<p>Sabah grubu: Toplant\u0131: 09:00 D\u00f6n\u00fc\u015f: 12:00.<\/p>\n<p>G\u00fcn grubu: Toplant\u0131: 14:00. D\u00f6n\u00fc\u015f: 17:00.<\/p>\n<h2>TUR PROGRAMI \u201cALANYA YUNUS G\u00d6STER\u0130S\u0130\u201d:<\/h2>\n<p>*Alanya ve \u00e7evresindeki otel\/apartlardan transfer.<br \/>\n* Silanyi Yunus Akvaryumu&#039;na var\u0131\u015f.<br \/>\n* Yunus ve deniz aslan\u0131 g\u00f6sterisi<br \/>\n*Alanya ve \u00e7evresindeki otel\/apartlara hareket.<\/p>\n<h2>F\u0130YATA DAH\u0130L OLANLAR:<\/h2>\n<p>* Alanya ve \u00e7evresindeki otellerden\/apartlardan alma ve b\u0131rakma.<br \/>\n* Tur rehberi<br \/>\n* Yunus ve deniz aslan\u0131 g\u00f6sterisi (yakla\u015f\u0131k bir saat)<\/p>\n<h2>\u0130STE\u011eE BA\u011eLI AKSESUARLAR:<\/h2>\n<p>*Yunuslarla y\u00fczmek ki\u015fi ba\u015f\u0131 120 \u20ac, \u00f6nceden rezervasyon gereklidir.<br \/>\n*Parktaki i\u00e7ecek, yiyecek vb. ki\u015fisel harcamalar<br \/>\n* Foto\u011fraf\u00e7\u0131lar\u0131n \u00e7ekti\u011fi yunus foto\u011fraflar\u0131<\/p>\n<h2>EK B\u0130LG\u0130 VE \u0130PU\u00c7LARI:<\/h2>\n<p>*Sadece yunuslarla y\u00fczmek istiyorsan\u0131z, sadece 120\u20ac kar\u015f\u0131l\u0131\u011f\u0131nda \u00fccretsiz transferle Alanya Yunuslarla Y\u00fczme turuna rezervasyon yapt\u0131rabilirsiniz.<br \/>\n*3 ya\u015f alt\u0131 \u00e7ocuklar\u0131n yunuslarla y\u00fczmesine izin verilmez.<br \/>\n*4-6 ya\u015f aras\u0131 \u00e7ocuklara bir yeti\u015fkinin e\u015flik etmesi gerekmektedir.<br \/>\n*Y\u00fczme seans\u0131n\u0131z i\u00e7in \u00f6nceden rezervasyon yapt\u0131rmal\u0131s\u0131n\u0131z (sezon boyunca yo\u011fundur).<\/p>\n<p>Fiyata transfer, giri\u015f bileti ve sigorta dahildir.<\/p>\n<p>Alanya, T\u00fcrkiye&#039;deki tatiliniz boyunca size unutulmaz an\u0131lar dileriz.<\/p>\n<p>PS Daha fazla bilgi i\u00e7in telefonla veya WhatsApp mesaj\u0131yla da ileti\u015fime ge\u00e7ebilirsiniz.<\/p>\n<\/div>","protected":false},"excerpt":{"rendered":"<p>Dolphin show in Alanya Mesmerizing Experience: Witness the Amazing Dolphin Show in Alanya Prepare to be mesmerized by the incredible intelligence and agility of dolphins during the Alanya Dolphin Show. Set on the picturesque Mediterranean coast of Turkey, the show promises to take you on an exciting journey into the underwater world of these magnificent [&hellip;]<\/p>","protected":false},"featured_media":9719,"comment_status":"open","ping_status":"closed","template":"","meta":{"_monsterinsights_skip_tracking":false,"_monsterinsights_sitenote_active":false,"_monsterinsights_sitenote_note":"","_monsterinsights_sitenote_category":0},"product_cat":[91],"product_tag":[],"class_list":{"0":"post-9717","1":"product","2":"type-product","3":"status-publish","4":"has-post-thumbnail","6":"product_cat-alanya-dolphin-show","8":"first","9":"instock","10":"sale","11":"shipping-taxable","12":"purchasable","13":"product-type-ovabrw_car_rental"},"aioseo_notices":[],"_links":{"self":[{"href":"https:\/\/enspridetravel.com\/tr\/wp-json\/wp\/v2\/product\/9717","targetHints":{"allow":["GET"]}}],"collection":[{"href":"https:\/\/enspridetravel.com\/tr\/wp-json\/wp\/v2\/product"}],"about":[{"href":"https:\/\/enspridetravel.com\/tr\/wp-json\/wp\/v2\/types\/product"}],"replies":[{"embeddable":true,"href":"https:\/\/enspridetravel.com\/tr\/wp-json\/wp\/v2\/comments?post=9717"}],"wp:featuredmedia":[{"embeddable":true,"href":"https:\/\/enspridetravel.com\/tr\/wp-json\/wp\/v2\/media\/9719"}],"wp:attachment":[{"href":"https:\/\/enspridetravel.com\/tr\/wp-json\/wp\/v2\/media?parent=9717"}],"wp:term":[{"taxonomy":"product_cat","embeddable":true,"href":"https:\/\/enspridetravel.com\/tr\/wp-json\/wp\/v2\/product_cat?post=9717"},{"taxonomy":"product_tag","embeddable":true,"href":"https:\/\/enspridetravel.com\/tr\/wp-json\/wp\/v2\/product_tag?post=9717"}],"curies":[{"name":"wp","href":"https:\/\/api.w.org\/{rel}","templated":true}]}}