{"id":9697,"date":"2024-01-14T00:55:41","date_gmt":"2024-01-13T21:55:41","guid":{"rendered":"https:\/\/enspridetravel.com\/?post_type=product&#038;p=9697"},"modified":"2025-10-06T15:24:36","modified_gmt":"2025-10-06T12:24:36","slug":"manavgat-waterfall-aspendos-side-tour-from-alanya","status":"publish","type":"product","link":"https:\/\/enspridetravel.com\/tr\/urun\/manavgat-waterfall-aspendos-side-tour-from-alanya\/","title":{"rendered":"Alanya \u00c7\u0131k\u0131\u015fl\u0131 Manavgat \u015eelalesi Aspendos Side Turu"},"content":{"rendered":"<div class=\"header-ul\"><\/div>\n<div class=\"header-ul\">\n<h3><img decoding=\"async\" class=\"rounded img-fluid float-sm-left mt-2 mr-sm-4 mb-2\" style=\"font-size: 16px;\" src=\"https:\/\/www.dailytoursinalanya.com\/Content\/images\/tours\/23\/thumb\/aspendes-side-manavgat-waterfall-tour-19.webp\" alt=\"Manavgat Waterfall Aspendos Side Tour from Alanya 2\" \/><\/h3>\n<\/div>\n<h1>S\u0130DE ASPENDOS MANAVGAT<\/h1>\n<h2>Kadim Harikalar\u0131 Ke\u015ffetmek: Side Aspendos Manavgat<\/h2>\n<p>Side Aspendos Manavgat turuna kat\u0131larak tarih ve do\u011fan\u0131n i\u00e7inde b\u00fcy\u00fcleyici bir yolculu\u011fa \u00e7\u0131k\u0131n. Bu gezi, eski uygarl\u0131klar\u0131n hazinelerini ke\u015ffetmek, nefes kesen manzaralar\u0131 g\u00f6rmek ve T\u00fcrkiye&#039;nin Antalya b\u00f6lgesinin b\u00fcy\u00fcleyici hikayelerine kendinizi kapt\u0131rmak i\u00e7in e\u015fsiz bir f\u0131rsat sunuyor. Bu tatil rehberli turda, sizi bu unutulmaz turda bekleyebilece\u011finiz \u00f6nemli noktalar ve deneyimlerle tan\u0131\u015ft\u0131raca\u011f\u0131z.<\/p>\n<h3>1. Taraf: Ya\u015fayan Antik \u00c7a\u011f M\u00fczesi:<\/h3>\n<p>Akdeniz ile Side Nehri aras\u0131nda pitoresk bir yar\u0131mada \u00fczerinde yer alan antik Side kentini ke\u015ffederken zamanda geriye ad\u0131m at\u0131n. Apollon Tap\u0131na\u011f\u0131&#039;n\u0131n iyi korunmu\u015f kal\u0131nt\u0131lar\u0131, b\u00fcy\u00fck Roma tiyatrosu ve Agora kal\u0131nt\u0131lar\u0131 sayesinde, bir zamanlar hareketli olan bu liman \u015fehrinin canl\u0131 tarihi ve k\u00fclt\u00fcr\u00fc hakk\u0131nda fikir sahibi olacaks\u0131n\u0131z. Roma surlar\u0131yla \u00e7evrili b\u00fcy\u00fcleyici sokaklarda dola\u015f\u0131n, her f\u0131rsatta gizli m\u00fccevherleri ke\u015ffedin ve antik kal\u0131nt\u0131lar\u0131n modern ya\u015famla birle\u015fimine tan\u0131k olun.<\/p>\n<h3>2. Aspendos: Bir mimari mucizesi:<\/h3>\n<p>Manavgat&#039;ta Side Aspendos Turu D\u00fcnyan\u0131n en iyi korunmu\u015f antik tiyatrolar\u0131ndan birine ev sahipli\u011fi yapan Aspendos&#039;un ihti\u015fam\u0131na hayran kalmaya haz\u0131rlan\u0131n. MS 2. y\u00fczy\u0131lda in\u015fa edilen bu muhte\u015fem amfitiyatro, d\u00f6neminin mimari dehas\u0131n\u0131 g\u00f6zler \u00f6n\u00fcne seriyor. En y\u00fcksek koltuklardan f\u0131s\u0131lt\u0131lar\u0131 bile duyman\u0131za olanak tan\u0131yan ola\u011fan\u00fcst\u00fc akusti\u011fe hayran kalacaks\u0131n\u0131z ve bir zamanlar bu sahneyi s\u00fcsleyen muhte\u015fem performanslar\u0131 hayal edeceksiniz. Bu mimari \u015faheserin duvarlar\u0131 aras\u0131nda dururken ge\u00e7mi\u015fle inan\u0131lmaz bir ba\u011f hissedeceksiniz.<\/p>\n<h3>3. Manavgat \u015eelalesi: Do\u011fan\u0131n huzuru:<\/h3>\n<p>Tarihi harikalar\u0131n aras\u0131nda Manavgat \u015eelalesi&#039;nde do\u011fan\u0131n huzuruna dal\u0131n. Side&#039;ye sadece birka\u00e7 kilometre uzakl\u0131kta, g\u00fcr ye\u015filliklerle \u00e7evrili bu muhte\u015fem \u00e7a\u011flayan, Manavgat Nehri&#039;ne d\u00f6k\u00fclerek pitoresk bir manzara yarat\u0131yor. Nehir k\u0131y\u0131s\u0131nda sakin bir y\u00fcr\u00fcy\u00fc\u015fe \u00e7\u0131k\u0131n, suyun a\u015fa\u011f\u0131daki havuza akt\u0131\u011f\u0131 sisi hissedin ve bu do\u011fa harikas\u0131n\u0131n huzurunu ve g\u00fczelli\u011fini temsil eden unutulmaz foto\u011fraflar \u00e7ekin.<\/p>\n<h3>4. K\u00fclt\u00fcrel deneyim ve e\u011flence:<\/h3>\n<p>Tarihi ve do\u011fa harikalar\u0131na Side Aspendos Manavgat gezisi. Side Aspendos Manavgat turu, kendinizi yerel k\u00fclt\u00fcre kapt\u0131rman\u0131z i\u00e7in geni\u015f f\u0131rsatlar sunar. Yerel restoranlarda otantik T\u00fcrk mutfa\u011f\u0131n\u0131n tad\u0131n\u0131 \u00e7\u0131kar\u0131n, b\u00f6lgesel lezzetlerin ve geleneksel tatlar\u0131n tad\u0131n\u0131 \u00e7\u0131kar\u0131n. Yerel sat\u0131c\u0131larla etkile\u015fime girebilece\u011finiz ve size gezinizi hat\u0131rlatacak benzersiz hediyelik e\u015fyalar bulabilece\u011finiz, renkli kuma\u015flar, baharatlar ve el sanatlar\u0131 ile dolu canl\u0131 yerel pazarlar\u0131 ke\u015ffedin.<\/p>\n<h3>5. Profesyonel tur:<\/h3>\n<p>Unutulmaz ve zenginle\u015ftirici bir deneyim sa\u011flamak i\u00e7in Side Aspendos Manavgat turuna bilgili ve g\u00fcler y\u00fczl\u00fc rehberler e\u015flik etmektedir. Deneyimli rehberler size her b\u00f6lgenin tarihini, mitolojisini ve \u00f6nemini tan\u0131tacak ve kar\u015f\u0131la\u015ft\u0131\u011f\u0131n\u0131z harikalar hakk\u0131nda daha derin bir anlay\u0131\u015f sunacakt\u0131r. Ayr\u0131ca T\u00fcrkiye&#039;nin bu b\u00fcy\u00fcleyici b\u00f6lgesinde zaman\u0131n\u0131z\u0131 en iyi \u015fekilde ge\u00e7irmenizi sa\u011flayacak faydal\u0131 ipu\u00e7lar\u0131 ve tavsiyeler de sunacaklar.<\/p>\n<p>Side-Aspendos-Manavgat turu, antik uygarl\u0131klar\u0131n b\u00fcy\u00fcs\u00fcn\u00fc, \u00e7arp\u0131c\u0131 do\u011fal manzaralar\u0131 ve k\u00fclt\u00fcrel zenginli\u011fi unutulmaz bir deneyimde birle\u015ftirir. Side&#039;nin etkileyici kal\u0131nt\u0131lar\u0131ndan mimari harikas\u0131 Aspendos&#039;a ve Manavgat \u015eelalesi&#039;nin huzuruna kadar bu tur, T\u00fcrkiye&#039;nin tarihi ve do\u011fal hazinelerinin kapsaml\u0131 bir ke\u015ffini sunuyor. \u00d6yleyse y\u00fcr\u00fcy\u00fc\u015f ayakkab\u0131lar\u0131n\u0131z\u0131 ba\u011flay\u0131n, merak duygusunu yan\u0131n\u0131zda getirin ve sizi zamanda geriye g\u00f6t\u00fcrecek ve \u00f6m\u00fcr boyu hat\u0131rlanacak an\u0131lar yaratacak bir yolculu\u011fa haz\u0131rlan\u0131n.<\/p>\n<h2>S\u0130DE ASPENDOS MANAVGAT \u015eELALES\u0130 TUR PROGRAMI<\/h2>\n<p>* Alanya&#039;daki otel ve dairelerden ara\u00e7la alma.<br \/>\n* Side&#039;yi ve antik kentini ziyaret edin, Aspendos&#039;taki amfi tiyatroyu ziyaret edin.<br \/>\n* \u00d6\u011fle yeme\u011fi, Manavgat \u015felalesi ziyareti.<br \/>\n*Alanya&#039;daki otel ve apartlar\u0131n\u0131za hareket.<\/p>\n<h2>S\u0130DE ASPENDOS MANAVGAT TURUNUN F\u0130YATINA DAH\u0130L OLANLAR:<\/h2>\n<p>* Alanya&#039;daki otel ve apartmanlardan alma ve b\u0131rakma.<br \/>\n*Rehber e\u015fli\u011finde \u00f6\u011fle yeme\u011fi (a\u00e7\u0131k b\u00fcfe)<br \/>\n*Giri\u015f \u00fccretleri (Aspendos amfitiyatrosu: 5 euro, Manavgat \u015felalesi: 2 euro)<\/p>\n<h2>\u0130STE\u011eE BA\u011eLI AKSESUARLAR:<\/h2>\n<p>\u2022 \u0130\u00e7ecekler, Ki\u015fisel harcamalar<\/p>\n<h2>ASPENDOS MANAVGAT TURU \u0130\u00c7\u0130N EK B\u0130LG\u0130LER VE \u0130PU\u00c7LARI:<\/h2>\n<p>* Tarihi mekanlarda foto\u011fraf \u00e7ekimine izin verilmektedir. Foto\u011fraf makinenizi ve cep telefonunuzu yan\u0131n\u0131za alabilirsiniz.<br \/>\n* Rahat y\u00fcr\u00fcy\u00fc\u015f ayakkab\u0131s\u0131 giyin.<br \/>\n*Sizi Manavgat \u015felalesine g\u00f6t\u00fcrece\u011fiz.<\/p>\n<p>T\u00fcrkiye&#039;deki tatiliniz boyunca size unutulmaz an\u0131lar dileriz.<\/p>\n<p>PS Daha fazla bilgi i\u00e7in telefonla veya WhatsApp mesaj\u0131yla da ileti\u015fime ge\u00e7ebilirsiniz.<\/p>","protected":false},"excerpt":{"rendered":"<p>SIDE ASPENDOS MANAVGAT Exploring Ancient Wonders: Side Aspendos Manavgat Embark on a fascinating journey through history and nature by joining the Side Aspendos Manavgat tour. This excursion offers a unique opportunity to discover the treasures of ancient civilizations, see breathtaking landscapes and immerse yourself in the fascinating stories of Turkey&#8217;s Antalya region. In this holiday [&hellip;]<\/p>","protected":false},"featured_media":9698,"comment_status":"open","ping_status":"closed","template":"","meta":{"_monsterinsights_skip_tracking":false,"_monsterinsights_sitenote_active":false,"_monsterinsights_sitenote_note":"","_monsterinsights_sitenote_category":0},"product_cat":[88],"product_tag":[],"class_list":{"0":"post-9697","1":"product","2":"type-product","3":"status-publish","4":"has-post-thumbnail","6":"product_cat-manavgat-waterfall-aspendos-side-tour-from-alanya","8":"first","9":"instock","10":"sale","11":"shipping-taxable","12":"purchasable","13":"product-type-ovabrw_car_rental"},"aioseo_notices":[],"_links":{"self":[{"href":"https:\/\/enspridetravel.com\/tr\/wp-json\/wp\/v2\/product\/9697","targetHints":{"allow":["GET"]}}],"collection":[{"href":"https:\/\/enspridetravel.com\/tr\/wp-json\/wp\/v2\/product"}],"about":[{"href":"https:\/\/enspridetravel.com\/tr\/wp-json\/wp\/v2\/types\/product"}],"replies":[{"embeddable":true,"href":"https:\/\/enspridetravel.com\/tr\/wp-json\/wp\/v2\/comments?post=9697"}],"wp:featuredmedia":[{"embeddable":true,"href":"https:\/\/enspridetravel.com\/tr\/wp-json\/wp\/v2\/media\/9698"}],"wp:attachment":[{"href":"https:\/\/enspridetravel.com\/tr\/wp-json\/wp\/v2\/media?parent=9697"}],"wp:term":[{"taxonomy":"product_cat","embeddable":true,"href":"https:\/\/enspridetravel.com\/tr\/wp-json\/wp\/v2\/product_cat?post=9697"},{"taxonomy":"product_tag","embeddable":true,"href":"https:\/\/enspridetravel.com\/tr\/wp-json\/wp\/v2\/product_tag?post=9697"}],"curies":[{"name":"wp","href":"https:\/\/api.w.org\/{rel}","templated":true}]}}