{"id":9692,"date":"2024-01-14T00:47:13","date_gmt":"2024-01-13T21:47:13","guid":{"rendered":"https:\/\/enspridetravel.com\/?post_type=product&#038;p=9692"},"modified":"2024-04-25T19:19:31","modified_gmt":"2024-04-25T16:19:31","slug":"demre-kekova-myra-tour-from-alanya","status":"publish","type":"product","link":"https:\/\/enspridetravel.com\/tr\/urun\/demre-kekova-myra-tour-from-alanya\/","title":{"rendered":"Alanya&#039;dan Demre Kekova Myra Turu"},"content":{"rendered":"<div class=\"header-ul\">\n<h3><img decoding=\"async\" class=\"rounded img-fluid float-sm-left mt-2 mr-sm-4 mb-2\" style=\"font-size: 16px;\" src=\"https:\/\/www.dailytoursinalanya.com\/Content\/images\/tours\/21\/thumb\/demre-kekova-myra-tour-from-alanya-7.webp\" alt=\"Demre Kekova Myra Tour From Alanya 2\" \/><\/h3>\n<h1>DEMRE M\u0130RA KEKOVA<\/h1>\n<h2>Kadim Harikalar\u0131 Ke\u015ffetmek: Demre Mira Kekova Turu Ke\u015ffi<\/h2>\n<p>Demre Mira Kekova turu ile antik tarihin ve nefes kesen do\u011fal g\u00fczelliklerin diyar\u0131n\u0131 deneyimleyin. \u00c7arp\u0131c\u0131 T\u00fcrkiye k\u0131y\u0131 \u015feridinde yer alan bu tatil gezisi, sizi zamanda geriye do\u011fru heyecan verici bir yolculu\u011fa \u00e7\u0131kararak Demre&#039;nin b\u00fcy\u00fcleyici hazinelerini ke\u015ffetmenize, gizemli bat\u0131k \u015fehir Kekova&#039;y\u0131 ke\u015ffetmenize ve kendinizi geleneksel Mira k\u00f6y\u00fcn\u00fcn cazibesine kapt\u0131rman\u0131za olanak tan\u0131r. . Bu tatil rehberli turda, bu harika turda sizi bekleyen \u00f6nemli anlar\u0131 ve deneyimleri ara\u015ft\u0131r\u0131yoruz.<\/p>\n<h3>1. Demre Myra Kekova: Antik Myra&#039;n\u0131n \u00c7\u00f6z\u00fclmesi:<\/h3>\n<p>Eski ad\u0131 Myra olan Demre, zengin bir tarihe ve mitolojiye sahiptir. \u0130yi korunmu\u015f Likya kaya mezarlar\u0131na hayran kalabilece\u011finiz Myra&#039;n\u0131n antik kal\u0131nt\u0131lar\u0131n\u0131 ziyaret edin. M\u00d6 2. y\u00fczy\u0131lda in\u015fa edilen, g\u00fczel bir \u015fekilde dekore edilmi\u015f Bar\u0131\u015f Tiyatrosu&#039;na hayran kalacaks\u0131n\u0131z ve \u00f6nemli bir hac b\u00f6lgesi olan Roma d\u00f6neminden kalma St. Nicholas Kilisesi&#039;nin etkileyici kal\u0131nt\u0131lar\u0131n\u0131 ke\u015ffedeceksiniz. Uzman rehberler sizi Demre&#039;nin antik harikalar\u0131na gezdirirken bu tarihi mekanlar\u0131n ard\u0131ndaki hikayeleri \u00f6\u011frenin.<\/p>\n<h3>2. Kekova: Bat\u0131k \u015eehrin Gizemi:<\/h3>\n<p>K\u0131smen sular alt\u0131nda kalan kal\u0131nt\u0131lar\u0131yla \u00fcnl\u00fc Kekova&#039;n\u0131n sular\u0131nda yelken a\u00e7arak s\u0131ra d\u0131\u015f\u0131 bir maceraya at\u0131l\u0131n. Y\u00fczy\u0131llar \u00f6nce bir depremle yok olan bat\u0131k \u015fehir, \u015fimdi muhte\u015fem bir su alt\u0131 manzaras\u0131 sunuyor. Bu arkeolojik hazinenin \u00fczerinde \u015fnorkelli dal\u0131\u015f yaparken veya cam tabanl\u0131 bir tekne turu yaparken antik duvarlar\u0131n, merdivenlerin ve hatta su alt\u0131ndaki binalar\u0131n kal\u0131nt\u0131lar\u0131na hayran kalacaks\u0131n\u0131z. Bat\u0131k \u015fehrin ge\u00e7mi\u015finin s\u0131rlar\u0131n\u0131 ortaya \u00e7\u0131kar\u0131n ve bir zamanlar m\u00fcreffeh olan bu metropolde ya\u015fam\u0131n nas\u0131l oldu\u011funu hayal edin.<\/p>\n<h3>3. Myra: Zamans\u0131z Sadelik ve Yerel K\u00fclt\u00fcr:<\/h3>\n<p>Pitoresk manzaralar aras\u0131nda ger\u00e7ek k\u0131rsal ya\u015fam\u0131n ortaya \u00e7\u0131kt\u0131\u011f\u0131 geleneksel T\u00fcrk k\u00f6y\u00fc Mira&#039;y\u0131 ziyaret edin. Kendinizi Mira&#039;n\u0131n s\u0131cakl\u0131\u011f\u0131na ve sadeli\u011fine kapt\u0131r\u0131rken b\u00fcy\u00fcleyici yerel k\u00f6yleri, ta\u015f evleri ve cennet gibi zeytinliklerini ke\u015ffedin. Yerel olarak \u00fcretilen zeytinya\u011f\u0131 ve taze pi\u015fmi\u015f ekmek gibi geleneksel lezzetlerin tad\u0131na bak\u0131n ve k\u00fclt\u00fcrel miraslar\u0131n\u0131 gururla koruyan dost canl\u0131s\u0131 yerel halkla kayna\u015f\u0131n. Mira, tur s\u0131ras\u0131nda kar\u015f\u0131la\u015faca\u011f\u0131n\u0131z antik harikalarla sakin ve rahatlat\u0131c\u0131 bir kontrast sunuyor.<\/p>\n<h3>4. Do\u011fan\u0131n ihti\u015fam\u0131na bak\u0131n:<\/h3>\n<p>Demre Mira Kekova turu, tarihi ve k\u00fclt\u00fcrel zenginliklerin yan\u0131 s\u0131ra ziyaret\u00e7ilerine nefes kesen do\u011fa manzaralar\u0131 da sunmaktad\u0131r. Farkl\u0131 lokasyonlar aras\u0131nda seyahat ederken Akdeniz&#039;in turkuaz sular\u0131n\u0131n muhte\u015fem manzaras\u0131n\u0131n keyfini \u00e7\u0131karabileceksiniz. Bu ola\u011fan\u00fcst\u00fc yolculu\u011fun arka plan\u0131n\u0131 olu\u015fturan engebeli k\u0131y\u0131 \u015feridine, yemye\u015fil tepelere ve b\u00fcy\u00fcleyici Toros Da\u011flar\u0131&#039;na hayran kalacaks\u0131n\u0131z. G\u00f6zlerden uzak koylarda y\u00fczmek ve sakl\u0131 koylar\u0131 ke\u015ffetmek i\u00e7in e\u015fsiz f\u0131rsatlar sunan tur, do\u011fayla en saf haliyle ba\u011flant\u0131 kurman\u0131za olanak tan\u0131yor.<\/p>\n<h3>5. Uzmanl\u0131k ve konfor:<\/h3>\n<p>Demre Mira Kekova turu b\u00f6lgenin tarihi, k\u00fclt\u00fcr\u00fc ve do\u011fal g\u00fczellikleri konusunda bilgili, deneyimli rehberler taraf\u0131ndan y\u00fcr\u00fct\u00fclmektedir. Bu bilgili rehberler tur boyunca size e\u015flik edecek, ilgi \u00e7ekici bilgiler payla\u015facak ve g\u00fcvenli ve rahat bir deneyim sa\u011flayacakt\u0131r. \u0130ster antik kal\u0131nt\u0131lar\u0131 ke\u015ffetmeyi, ister sadece do\u011fal g\u00fczelli\u011fin tad\u0131n\u0131 \u00e7\u0131karmay\u0131 se\u00e7in, onlar\u0131n deneyimi turun \u00f6nemli noktalar\u0131n\u0131 anlaman\u0131z\u0131 ve takdir etmenizi art\u0131racakt\u0131r.<\/p>\n<p>Demre Mira Kekova Turu, tarih, k\u00fclt\u00fcr ve do\u011fal g\u00fczelliklerin e\u015fsiz bir birle\u015fimini sunarak eski uygarl\u0131klar\u0131n gizemlerini \u00e7\u00f6zmenize, bat\u0131k bir \u015fehrin gizemini ke\u015ffetmenize ve kendinizi geleneksel bir T\u00fcrk k\u00f6y\u00fcn\u00fcn zamans\u0131z sadeli\u011fine kapt\u0131rman\u0131za olanak tan\u0131r. Deneyimli rehberlerin rehberli\u011finde, zenginle\u015ftirici ve unutulmaz bir deneyim vaat eden bu tur, T\u00fcrkiye&#039;nin tarihi ve do\u011fal miras\u0131n\u0131n derinli\u011fine dair derin bir takdir uyand\u0131r\u0131yor.<\/p>\n<h2>DEMRE D\u00dcNYA KEKOVA TURU PROGRAMI:<\/h2>\n<p>* Alanya&#039;daki otel ve apartmanlardan alma\/b\u0131rakma.<br \/>\n*Antalya yak\u0131n\u0131nda kahvalt\u0131 molas\u0131<br \/>\n* Aziz Nikolaos m\u00fcze-kilisesini ve ikon merkezini ziyaret.<br \/>\n* Myra Antik Kenti, Antik Tiyatro ve Ta\u015f Mezarl\u0131k ziyareti, \u00f6\u011fle yeme\u011fi.<br \/>\n* Kekova Adas\u0131 ve Bat\u0131k \u015eehir&#039;e tekneyle gidi\u015f (2 saat)<br \/>\n* Mira&#039;dan hareket, Antalya yak\u0131nlar\u0131nda mola.<br \/>\n*Alanya&#039;daki otel ve apartlar\u0131n\u0131za hareket.<\/p>\n<h2>F\u0130YATA DAH\u0130L OLANLAR:<\/h2>\n<p>* Alanya&#039;daki otel ve apartmanlardan alma\/b\u0131rakma.<br \/>\n* Rehberlik, \u00f6\u011fle yeme\u011fi, bat\u0131k \u015fehirde tekne turu.<br \/>\n* T\u00fcm giri\u015f \u00fccretleri (Myra Antik Kenti ve St. Nicholas M\u00fczesi)<\/p>\n<h2>\u0130STE\u011eE BA\u011eLI AKSESUARLAR:<\/h2>\n<p>*\u0130\u00e7ecekler<\/p>\n<h2>EK B\u0130LG\u0130 VE \u0130PU\u00c7LARI:<\/h2>\n<p>\u2022 Kamera, mayo, havlu, g\u00fcne\u015f g\u00f6zl\u00fc\u011f\u00fc ve rahat ayakkab\u0131lar getirin.<\/p>\n<p>Antalya, Alanya, Side, Manavgat, Belek&#039;ten temin edilebilir. Tam al\u0131m saatini \u00f6\u011frenmek i\u00e7in l\u00fctfen bizimle ileti\u015fime ge\u00e7in.<\/p>\n<p>T\u00fcrkiye&#039;deki tatiliniz boyunca size unutulmaz an\u0131lar dileriz.<\/p>\n<p>PS Daha fazla bilgi i\u00e7in telefonla veya WhatsApp mesaj\u0131yla da ileti\u015fime ge\u00e7ebilirsiniz.<\/p>\n<\/div>","protected":false},"excerpt":{"rendered":"<p>DEMRE MIRA KEKOVA Exploring Ancient Wonders: Demre Mira Kekova Tour Discovery Experience a realm of ancient history and breathtaking natural beauty with a Demre Mira Kekova tour. Set on the stunning Turkish coastline, this holiday excursion takes you on an exciting journey back in time, allowing you to discover the fascinating treasures of Demre, explore [&hellip;]<\/p>","protected":false},"featured_media":9694,"comment_status":"open","ping_status":"closed","template":"","meta":{"_monsterinsights_skip_tracking":false,"_monsterinsights_sitenote_active":false,"_monsterinsights_sitenote_note":"","_monsterinsights_sitenote_category":0},"product_cat":[87],"product_tag":[],"class_list":{"0":"post-9692","1":"product","2":"type-product","3":"status-publish","4":"has-post-thumbnail","6":"product_cat-demre-kekova-myra-tour-from-alanya","8":"first","9":"instock","10":"sale","11":"shipping-taxable","12":"purchasable","13":"product-type-ovabrw_car_rental"},"aioseo_notices":[],"_links":{"self":[{"href":"https:\/\/enspridetravel.com\/tr\/wp-json\/wp\/v2\/product\/9692","targetHints":{"allow":["GET"]}}],"collection":[{"href":"https:\/\/enspridetravel.com\/tr\/wp-json\/wp\/v2\/product"}],"about":[{"href":"https:\/\/enspridetravel.com\/tr\/wp-json\/wp\/v2\/types\/product"}],"replies":[{"embeddable":true,"href":"https:\/\/enspridetravel.com\/tr\/wp-json\/wp\/v2\/comments?post=9692"}],"wp:featuredmedia":[{"embeddable":true,"href":"https:\/\/enspridetravel.com\/tr\/wp-json\/wp\/v2\/media\/9694"}],"wp:attachment":[{"href":"https:\/\/enspridetravel.com\/tr\/wp-json\/wp\/v2\/media?parent=9692"}],"wp:term":[{"taxonomy":"product_cat","embeddable":true,"href":"https:\/\/enspridetravel.com\/tr\/wp-json\/wp\/v2\/product_cat?post=9692"},{"taxonomy":"product_tag","embeddable":true,"href":"https:\/\/enspridetravel.com\/tr\/wp-json\/wp\/v2\/product_tag?post=9692"}],"curies":[{"name":"wp","href":"https:\/\/api.w.org\/{rel}","templated":true}]}}