{"id":9686,"date":"2024-01-13T22:41:29","date_gmt":"2024-01-13T19:41:29","guid":{"rendered":"https:\/\/enspridetravel.com\/?post_type=product&#038;p=9686"},"modified":"2024-03-29T01:45:52","modified_gmt":"2024-03-28T22:45:52","slug":"alanya-all-inclusive-boat-tour","status":"publish","type":"product","link":"https:\/\/enspridetravel.com\/tr\/urun\/alanya-all-inclusive-boat-tour\/","title":{"rendered":"Alanya Her\u015fey Dahil Tekne Turu"},"content":{"rendered":"<div class=\"header-ul\">\n<p><strong>Alanya Sahil Yat Gezisi<\/strong><\/p>\n<p>Alanya&#039;n\u0131n pitoresk sahilinde unutulmaz bir g\u00fcnl\u00fck yat gezisine \u00e7\u0131k\u0131n. Bu yolculuk size b\u00fcy\u00fcleyici A\u015fk Ma\u011faras\u0131&#039;n\u0131 ve tarihi korsan r\u0131ht\u0131mlar\u0131n\u0131 ke\u015ffetme, bal\u0131klar\u0131 besleyerek kendinizi deniz ya\u015fam\u0131na kapt\u0131rma ve canl\u0131 k\u00f6p\u00fck partisi de dahil olmak \u00fczere gemideki \u00e7e\u015fitli e\u011flencelere kat\u0131lma f\u0131rsat\u0131 sunuyor. A\u00e7\u0131k denizde gezinirken yunuslar\u0131 ve deniz kaplumba\u011falar\u0131n\u0131 do\u011fal ortamlar\u0131nda g\u00f6rme \u015fans\u0131n\u0131 yakalamak i\u00e7in g\u00f6zlerinizi d\u00f6rt a\u00e7\u0131n.<\/p>\n<p><strong>Turun \u00d6ne \u00c7\u0131kanlar\u0131<\/strong><\/p>\n<ul>\n<li><strong>A\u015fk Ma\u011faras\u0131 ve Korsan R\u0131ht\u0131mlar\u0131<\/strong>: Gizemli A\u015fk Ma\u011faras\u0131 ve antik korsan r\u0131ht\u0131mlar\u0131ndaki duraklarla, Alanya sahil \u015feridinin do\u011fal g\u00fczelli\u011fini ve tarihi cazibesini ke\u015ffedin.<\/li>\n<li><strong>Deniz Ya\u015fam\u0131 Bulu\u015fmas\u0131<\/strong>: Bal\u0131k beslemenin keyfini, yunuslar\u0131 ve deniz kaplumba\u011falar\u0131n\u0131 yak\u0131ndan g\u00f6zlemleme imkan\u0131n\u0131 ya\u015fay\u0131n.<\/li>\n<li><strong>U\u00e7akta E\u011flence<\/strong>: Deniz maceran\u0131za e\u011flence katan, g\u00fcvertede canl\u0131 k\u00f6p\u00fckl\u00fc diskonun keyfini \u00e7\u0131kar\u0131n.<\/li>\n<li><strong>\u00d6\u011fle Yeme\u011fi ve \u0130kramlar<\/strong>: G\u00fcn boyunca susuz kalmaman\u0131z\u0131 sa\u011flayacak \u00e7e\u015fitli alkols\u00fcz i\u00e7ecekler e\u015fli\u011finde gemide servis edilen leziz bir \u00f6\u011fle yeme\u011finin tad\u0131n\u0131 \u00e7\u0131kar\u0131n.<\/li>\n<\/ul>\n<p><strong>Neler Dahil:<\/strong><\/p>\n<ul>\n<li>Yata gidi\u015f-d\u00f6n\u00fc\u015f uygun otel transferleri<\/li>\n<li>Gemide haz\u0131rlanan keyifli bir \u00f6\u011fle yeme\u011fi<\/li>\n<li>Tur boyunca \u00e7e\u015fitli alkols\u00fcz i\u00e7ecekler mevcuttur<\/li>\n<li>Heyecan verici bir k\u00f6p\u00fck disko partisi<\/li>\n<\/ul>\n<p><strong>Ek Bilgiler:<\/strong><\/p>\n<ul>\n<li>Alkoll\u00fc i\u00e7ecekler, foto\u011fraf\u00e7\u0131 hizmetleri, dondurma ve su sporlar\u0131 olanaklar\u0131 fiyata dahil de\u011fildir ancak tur s\u0131ras\u0131nda sat\u0131n al\u0131nabilir.<\/li>\n<li>Yat gezinizden en iyi \u015fekilde yararlanmak i\u00e7in g\u00fcne\u015fin, denizin ve teknedeki aktivitelerin tad\u0131n\u0131 doyas\u0131ya \u00e7\u0131karmak i\u00e7in yan\u0131n\u0131za mayo, havlu ve g\u00fcne\u015f kremi alman\u0131z\u0131 \u00f6neririz.<\/li>\n<\/ul>\n<p>Akdeniz&#039;in berrak sular\u0131n\u0131n, tarihi mekanlar\u0131n cazibesinin ve deniz kar\u015f\u0131la\u015fmalar\u0131n\u0131n heyecan\u0131n\u0131n denizde m\u00fckemmel bir g\u00fcn i\u00e7in bir araya geldi\u011fi unutulmaz bir Alanya Tekne Turu i\u00e7in bize kat\u0131l\u0131n.<\/p>\n<\/div>","protected":false},"excerpt":{"rendered":"<p>Alanya Coastal Yacht Excursion Set sail on a memorable one-day yacht excursion along the picturesque coast of Alanya. This journey offers you the opportunity to explore the enchanting Love Cave and the historic pirate docks, immerse yourself in marine life by feeding the fish, and partake in an array of onboard entertainment, including a lively [&hellip;]<\/p>","protected":false},"featured_media":9689,"comment_status":"open","ping_status":"closed","template":"","meta":{"_monsterinsights_skip_tracking":false,"_monsterinsights_sitenote_active":false,"_monsterinsights_sitenote_note":"","_monsterinsights_sitenote_category":0},"product_cat":[66],"product_tag":[],"class_list":{"0":"post-9686","1":"product","2":"type-product","3":"status-publish","4":"has-post-thumbnail","6":"product_cat-tekne-turlari","8":"first","9":"instock","10":"sale","11":"shipping-taxable","12":"purchasable","13":"product-type-ovabrw_car_rental"},"aioseo_notices":[],"_links":{"self":[{"href":"https:\/\/enspridetravel.com\/tr\/wp-json\/wp\/v2\/product\/9686","targetHints":{"allow":["GET"]}}],"collection":[{"href":"https:\/\/enspridetravel.com\/tr\/wp-json\/wp\/v2\/product"}],"about":[{"href":"https:\/\/enspridetravel.com\/tr\/wp-json\/wp\/v2\/types\/product"}],"replies":[{"embeddable":true,"href":"https:\/\/enspridetravel.com\/tr\/wp-json\/wp\/v2\/comments?post=9686"}],"wp:featuredmedia":[{"embeddable":true,"href":"https:\/\/enspridetravel.com\/tr\/wp-json\/wp\/v2\/media\/9689"}],"wp:attachment":[{"href":"https:\/\/enspridetravel.com\/tr\/wp-json\/wp\/v2\/media?parent=9686"}],"wp:term":[{"taxonomy":"product_cat","embeddable":true,"href":"https:\/\/enspridetravel.com\/tr\/wp-json\/wp\/v2\/product_cat?post=9686"},{"taxonomy":"product_tag","embeddable":true,"href":"https:\/\/enspridetravel.com\/tr\/wp-json\/wp\/v2\/product_tag?post=9686"}],"curies":[{"name":"wp","href":"https:\/\/api.w.org\/{rel}","templated":true}]}}