{"id":10010,"date":"2024-03-29T02:03:51","date_gmt":"2024-03-28T23:03:51","guid":{"rendered":"https:\/\/enspridetravel.com\/?post_type=product&#038;p=10010"},"modified":"2024-03-29T02:05:14","modified_gmt":"2024-03-28T23:05:14","slug":"dim-river-dim-cave-tour","status":"publish","type":"product","link":"https:\/\/enspridetravel.com\/tr\/urun\/dim-river-dim-cave-tour\/","title":{"rendered":"Dim \u00c7ay\u0131 ve Dim Ma\u011faras\u0131 Turu"},"content":{"rendered":"<p><strong>D\u0130M \u00c7ay\u0131 ve D\u0130M Ma\u011fara Turu<\/strong><\/p>\n<p>Nefes kesen manzaralar ve jeolojik harikalar aras\u0131nda b\u00fcy\u00fcleyici bir deneyim vaat eden Alanya&#039;n\u0131n Dim \u00c7ay\u0131 ve Dim Ma\u011faras\u0131&#039;n\u0131n do\u011fa harikalar\u0131n\u0131 ke\u015ffetmek i\u00e7in keyifli bir yolculu\u011fa \u00e7\u0131k\u0131n. Bu tur, rahatlama ve keyif alma f\u0131rsatlar\u0131 sunarken sizi do\u011fan\u0131n g\u00fczelli\u011fine kapt\u0131rmak i\u00e7in tasarlanm\u0131\u015ft\u0131r.<\/p>\n<p><strong>Muhte\u015fem DIM Ma\u011faras\u0131n\u0131 Ke\u015ffedin<\/strong><\/p>\n<p>Alanya b\u00f6lgesinin en b\u00fcy\u00fck ve en b\u00fcy\u00fcleyici kire\u00e7ta\u015f\u0131 ma\u011faras\u0131 olarak bilinen D\u0130M Ma\u011faras\u0131&#039;n\u0131 ziyaret ederek maceran\u0131za ba\u015flay\u0131n. Milyonlarca y\u0131ld\u0131r suyun hafif hareketleriyle \u015fekillenen bu do\u011fa harikas\u0131n\u0131n derinliklerine dal\u0131n. B\u00fcy\u00fcleyici bir manzara yaratan, ma\u011faran\u0131n i\u00e7ini s\u00fcsleyen karma\u015f\u0131k sark\u0131t ve dikit olu\u015fumlar\u0131na hayret edin.<\/p>\n<p><strong>Meyve Bah\u00e7esi&#039;nde Taze Meyvelerin Keyfini \u00c7\u0131kar\u0131n<\/strong><\/p>\n<p>D\u0130M Ma\u011faras\u0131 ke\u015ffinizin ard\u0131ndan, birbirinden lezzetli taze meyvelerin tad\u0131na bakma f\u0131rsat\u0131 bulaca\u011f\u0131n\u0131z keyifli bir meyve bah\u00e7esine do\u011fru yolculu\u011funuza devam edin. Muz ve portakaldan nar ve kiviye kadar, bu nefis ikramlar\u0131n do\u011fal lezzetlerinin tad\u0131n\u0131 \u00e7\u0131kar\u0131rken duyular\u0131n\u0131z\u0131 \u015f\u0131mart\u0131n. Hatta meyveleri do\u011frudan a\u011fa\u00e7lardan kendi ellerinizle toplama \u015fans\u0131n\u0131z bile olabilir, bu da deneyiminizi art\u0131r\u0131r.<\/p>\n<p><strong>D\u0130M \u00c7ay\u0131nda Dinlenme ve Rekreasyon<\/strong><\/p>\n<p>Turunuzu, pitoresk ortam\u0131 ve davetkar sular\u0131yla pop\u00fcler bir piknik noktas\u0131 olan D\u0130M \u00c7ay\u0131&#039;n\u0131 (Dim\u00e7ay) ziyaret ederek sonland\u0131r\u0131n. Sakin sulara bakan kanepelerle donat\u0131lm\u0131\u015f, nehir kenar\u0131ndaki bir restoran\u0131n konforunda rahatlay\u0131n. S\u0131cak bir yaz g\u00fcn\u00fcnde serinletici nehirde y\u00fczerek serinleyin ya da macerac\u0131 ruhlar i\u00e7in bir atlama k\u00f6pr\u00fcs\u00fcnden atlay\u0131n. \u00c7ocuklar t\u00fcm aile i\u00e7in e\u011flence sa\u011flayan oyun alanlar\u0131n\u0131n ve su kayd\u0131raklar\u0131n\u0131n keyfini \u00e7\u0131karabilirler. Dim Vadisi&#039;nin do\u011fal g\u00fczellikleri aras\u0131nda dinlenme ve lezzetin m\u00fckemmel bir kar\u0131\u015f\u0131m\u0131n\u0131 sunan restoranda leziz yemeklerin tad\u0131n\u0131 \u00e7\u0131kar\u0131n.<\/p>\n<p><strong>Neler Dahil:<\/strong><\/p>\n<ul>\n<li>Pitoresk manzaralar aras\u0131nda unutulmaz bir yolculuk sa\u011flayan Land Rover cipleriyle konforlu transferler.<\/li>\n<li>Tur boyunca uzman rehberli\u011fi.<\/li>\n<li>\u00d6\u011fle yeme\u011fi, yerel mutfa\u011f\u0131n ve mutfak lezzetlerinin tad\u0131na bakma.<\/li>\n<\/ul>\n<p><strong>\u0130ste\u011fe ba\u011fl\u0131 ekstralar:<\/strong><\/p>\n<ul>\n<li>Yemek deneyiminizi tamamlayacak serinletici i\u00e7ecekler.<\/li>\n<li>D\u0130M Ma\u011faras\u0131 giri\u015f \u00fccreti (4\u20ac).<\/li>\n<li>Unutulmaz anlar\u0131n\u0131z\u0131 \u00f6l\u00fcms\u00fczle\u015ftirecek hat\u0131ra foto\u011fraflar\u0131 veya DVD&#039;ler.<\/li>\n<\/ul>\n<p><strong>Ek Bilgi ve \u0130pu\u00e7lar\u0131:<\/strong><\/p>\n<ul>\n<li>Bu tur, her ya\u015ftan bireye uygun, rahatlat\u0131c\u0131 bir deneyim sunmak i\u00e7in tasarlanm\u0131\u015ft\u0131r.<\/li>\n<li>Land Rover cipleri genellikle ula\u015f\u0131m i\u00e7in kullan\u0131l\u0131yor ancak daha b\u00fcy\u00fck gruplar i\u00e7in talep \u00fczerine otob\u00fcsle ula\u015f\u0131m i\u00e7in de d\u00fczenlemeler yap\u0131labilir.<\/li>\n<li>D\u0130M \u00c7ay\u0131&#039;ndaki do\u011fal g\u00fczelliklerin ve dinlence aktivitelerinin tad\u0131n\u0131 \u00e7\u0131karmak i\u00e7in bolca zaman ay\u0131r\u0131n.<\/li>\n<li>D\u0130M \u00c7ay\u0131&#039;n\u0131n serinletici sular\u0131na dalmak istiyorsan\u0131z mayolar\u0131n\u0131z\u0131 getirmeyi unutmay\u0131n.<\/li>\n<\/ul>\n<p>\u00c7arp\u0131c\u0131 manzaralar ve jeolojik harikalar aras\u0131nda maceran\u0131n dinlenmeyle bulu\u015ftu\u011fu Alanya&#039;n\u0131n D\u0130M Nehri ve D\u0130M Ma\u011faras\u0131&#039;n\u0131n huzurunu ve do\u011fal g\u00fczelli\u011fini deneyimleyin.<\/p>","protected":false},"excerpt":{"rendered":"<p>DIM Nehri ve DIM Ma\u011faras\u0131 Turu Nefes kesen manzaralar ve jeolojik harikalar aras\u0131nda b\u00fcy\u00fcleyici bir deneyim vadeden Alanya&#039;n\u0131n Dim Nehri ve Dim Ma\u011faras\u0131&#039;n\u0131n do\u011fal harikalar\u0131n\u0131 ke\u015ffetmek i\u00e7in keyifli bir yolculu\u011fa \u00e7\u0131k\u0131n. Bu tur, rahatlama ve keyif f\u0131rsatlar\u0131 sunarken sizi do\u011fan\u0131n g\u00fczelli\u011fine dald\u0131rmak i\u00e7in tasarlanm\u0131\u015ft\u0131r. Muhte\u015fem [\u2026]<\/p>","protected":false},"featured_media":10011,"comment_status":"open","ping_status":"closed","template":"","meta":{"_monsterinsights_skip_tracking":false,"_monsterinsights_sitenote_active":false,"_monsterinsights_sitenote_note":"","_monsterinsights_sitenote_category":0},"product_cat":[100],"product_tag":[],"class_list":{"0":"post-10010","1":"product","2":"type-product","3":"status-publish","4":"has-post-thumbnail","6":"product_cat-dim-river-dim-cave-tour","8":"first","9":"instock","10":"sale","11":"shipping-taxable","12":"purchasable","13":"product-type-ovabrw_car_rental"},"aioseo_notices":[],"_links":{"self":[{"href":"https:\/\/enspridetravel.com\/tr\/wp-json\/wp\/v2\/product\/10010","targetHints":{"allow":["GET"]}}],"collection":[{"href":"https:\/\/enspridetravel.com\/tr\/wp-json\/wp\/v2\/product"}],"about":[{"href":"https:\/\/enspridetravel.com\/tr\/wp-json\/wp\/v2\/types\/product"}],"replies":[{"embeddable":true,"href":"https:\/\/enspridetravel.com\/tr\/wp-json\/wp\/v2\/comments?post=10010"}],"wp:featuredmedia":[{"embeddable":true,"href":"https:\/\/enspridetravel.com\/tr\/wp-json\/wp\/v2\/media\/10011"}],"wp:attachment":[{"href":"https:\/\/enspridetravel.com\/tr\/wp-json\/wp\/v2\/media?parent=10010"}],"wp:term":[{"taxonomy":"product_cat","embeddable":true,"href":"https:\/\/enspridetravel.com\/tr\/wp-json\/wp\/v2\/product_cat?post=10010"},{"taxonomy":"product_tag","embeddable":true,"href":"https:\/\/enspridetravel.com\/tr\/wp-json\/wp\/v2\/product_tag?post=10010"}],"curies":[{"name":"wp","href":"https:\/\/api.w.org\/{rel}","templated":true}]}}