{"id":9491,"date":"2024-01-07T02:11:06","date_gmt":"2024-01-06T23:11:06","guid":{"rendered":"https:\/\/enspridetravel.com\/?page_id=9491"},"modified":"2024-01-12T04:11:19","modified_gmt":"2024-01-12T01:11:19","slug":"blog-3","status":"publish","type":"page","link":"https:\/\/enspridetravel.com\/tr\/blog-3\/","title":{"rendered":"Blog"},"content":{"rendered":"<div data-elementor-type=\"wp-page\" data-elementor-id=\"9491\" class=\"elementor elementor-9491\">\n\t\t\t\t\t\t\t\t\t<section class=\"elementor-section elementor-top-section elementor-element elementor-element-06983b8 elementor-section-boxed elementor-section-height-default elementor-section-height-default\" data-id=\"06983b8\" data-element_type=\"section\">\n\t\t\t\t\t\t<div class=\"elementor-container elementor-column-gap-default\">\n\t\t\t\t\t<div class=\"elementor-column elementor-col-100 elementor-top-column elementor-element elementor-element-eae6236\" data-id=\"eae6236\" data-element_type=\"column\">\n\t\t\t<div class=\"elementor-widget-wrap elementor-element-populated\">\n\t\t\t\t\t\t\t\t<div class=\"elementor-element elementor-element-6bc18f0 elementor-widget elementor-widget-tripgo_elementor_heading\" data-id=\"6bc18f0\" data-element_type=\"widget\" data-widget_type=\"tripgo_elementor_heading.default\">\n\t\t\t\t<div class=\"elementor-widget-container\">\n\t\t\t\t\t<div class=\"ova-title\">\n\n\t\t\t\t\t\t\t<h3 class=\"sub-title\">Blog<\/h3>\n\t\t\t\n\t\t\t\t\t\t\t\n\t\t\t\t\t<h2 class=\"title\">Seyahat \u0130pu\u00e7lar\u0131 ve Tavsiyeler<\/h2>\n\t\t\t\t\t\t\t\n\t\t\t\n\t\t<\/div> \n\t\t \t\n\t\t\t\t<\/div>\n\t\t\t\t<\/div>\n\t\t\t\t<div class=\"elementor-element elementor-element-3e81757 elementor-widget elementor-widget-tripgo_elementor_blog_grid\" data-id=\"3e81757\" data-element_type=\"widget\" data-widget_type=\"tripgo_elementor_blog_grid.default\">\n\t\t\t\t<div class=\"elementor-widget-container\">\n\t\t\t\t\t\n\t\t<ul class=\"ova-blog columns3 template1\">\n\t\t\t\t\t\t\t<li class=\"item\">\n\n\t\t\t\t\t\n\t\t\t\t\t    <div class=\"media\">\n\t\t\t\t        \t<a href=\"https:\/\/enspridetravel.com\/tr\/alanyada-geleneksel-turk-kulturunu-kesfedin\/\" rel=\"bookmark\" title=\"Alanya&#039;da Geleneksel T\u00fcrk K\u00fclt\u00fcr\u00fcn\u00fc Ke\u015ffedin\">\n\t\t\t\t        \t\t<img fetchpriority=\"high\" decoding=\"async\" width=\"768\" height=\"500\" src=\"https:\/\/enspridetravel.com\/wp-content\/uploads\/2024\/01\/6-1-768x500.png\" class=\"img-responsive wp-post-image\" alt=\"\" \/>\t\t\t\t        \t\t<div class=\"overlay\"><\/div>\n\t\t\t\t        \t<\/a>\n\t\t\t\t        <\/div>\n\n\t\t\t        \n\t\t        \t<div class=\"ova-content\">\n\t        \t\t\t<ul class=\"post-meta\">\n\t\t\t\t\t\t    \n\t\t\t\t\t\t\t\n\t\t\t\t\t\t<\/ul>\n\t\t\t\t\t\t\n\t\t\t\t\t\t\t\t\t\t            <h4 class=\"post-title\">\n\t\t\t\t\t\t        <a href=\"https:\/\/enspridetravel.com\/tr\/alanyada-geleneksel-turk-kulturunu-kesfedin\/\" rel=\"bookmark\" title=\"Alanya&#039;da Geleneksel T\u00fcrk K\u00fclt\u00fcr\u00fcn\u00fc Ke\u015ffedin\">Alanya&#039;da Geleneksel T\u00fcrk K\u00fclt\u00fcr\u00fcn\u00fc Ke\u015ffedin<\/a>\n\t\t\t\t\t\t    <\/h4>\n\t\t\t\t\t    \n\t\t\t\t\t    \t\t\t\t\t\t    <div class=\"short_desc\">\n\t\t\t\t\t\t    \t<p> Alanya, turistleri yaln\u0131zca do\u011fal g\u00fczellikleri ve tarihi zenginlikleriyle de\u011fil, ayn\u0131 zamanda zengin T\u00fcrk k\u00fclt\u00fcr\u00fcyle de b\u00fcy\u00fcl\u00fcyor. <\/p>\n\t\t\t\t\t\t    <\/div>\n\t\t\t\t\t\t\n\t\t\t\t\t    \t\t        \t<\/div>\n\t\t\t\t        \n\t\t\t\t<\/li>\t\n\t\t\t\t\t\n\t\t\t\t\t\t\t<li class=\"item\">\n\n\t\t\t\t\t\n\t\t\t\t\t    <div class=\"media\">\n\t\t\t\t        \t<a href=\"https:\/\/enspridetravel.com\/tr\/alanyanin-dogal-harikalari-kesfedilmeyi-bekleyen-guzellikler\/\" rel=\"bookmark\" title=\"Alanya&#039;n\u0131n Do\u011fa Harikalar\u0131: Ke\u015ffedilmeyi Bekleyen G\u00fczellikler\">\n\t\t\t\t        \t\t<img decoding=\"async\" width=\"768\" height=\"500\" src=\"https:\/\/enspridetravel.com\/wp-content\/uploads\/2024\/01\/5-1-768x500.png\" class=\"img-responsive wp-post-image\" alt=\"\" \/>\t\t\t\t        \t\t<div class=\"overlay\"><\/div>\n\t\t\t\t        \t<\/a>\n\t\t\t\t        <\/div>\n\n\t\t\t        \n\t\t        \t<div class=\"ova-content\">\n\t        \t\t\t<ul class=\"post-meta\">\n\t\t\t\t\t\t    \n\t\t\t\t\t\t\t\n\t\t\t\t\t\t<\/ul>\n\t\t\t\t\t\t\n\t\t\t\t\t\t\t\t\t\t            <h4 class=\"post-title\">\n\t\t\t\t\t\t        <a href=\"https:\/\/enspridetravel.com\/tr\/alanyanin-dogal-harikalari-kesfedilmeyi-bekleyen-guzellikler\/\" rel=\"bookmark\" title=\"Alanya&#039;n\u0131n Do\u011fa Harikalar\u0131: Ke\u015ffedilmeyi Bekleyen G\u00fczellikler\">Alanya&#039;n\u0131n Do\u011fa Harikalar\u0131: Ke\u015ffedilmeyi Bekleyen G\u00fczellikler<\/a>\n\t\t\t\t\t\t    <\/h4>\n\t\t\t\t\t    \n\t\t\t\t\t    \t\t\t\t\t\t    <div class=\"short_desc\">\n\t\t\t\t\t\t    \t<p> Alanya sadece plajlar\u0131 ve tarihi mekanlar\u0131yla de\u011fil, ayn\u0131 zamanda do\u011fal g\u00fczellikleriyle de dikkat \u00e7ekiyor. Bu blogda\u2026 <\/p>\n\t\t\t\t\t\t    <\/div>\n\t\t\t\t\t\t\n\t\t\t\t\t    \t\t        \t<\/div>\n\t\t\t\t        \n\t\t\t\t<\/li>\t\n\t\t\t\t\t\n\t\t\t\t\t\t\t<li class=\"item\">\n\n\t\t\t\t\t\n\t\t\t\t\t    <div class=\"media\">\n\t\t\t\t        \t<a href=\"https:\/\/enspridetravel.com\/tr\/alanyada-aileler-icin-eglence-cocuk-dostu-aktiviteler\/\" rel=\"bookmark\" title=\"Alanya&#039;da Aileler \u0130\u00e7in E\u011flence: \u00c7ocuk Dostu Aktiviteler\">\n\t\t\t\t        \t\t<img decoding=\"async\" width=\"768\" height=\"500\" src=\"https:\/\/enspridetravel.com\/wp-content\/uploads\/2024\/01\/4-1-768x500.png\" class=\"img-responsive wp-post-image\" alt=\"\" \/>\t\t\t\t        \t\t<div class=\"overlay\"><\/div>\n\t\t\t\t        \t<\/a>\n\t\t\t\t        <\/div>\n\n\t\t\t        \n\t\t        \t<div class=\"ova-content\">\n\t        \t\t\t<ul class=\"post-meta\">\n\t\t\t\t\t\t    \n\t\t\t\t\t\t\t\n\t\t\t\t\t\t<\/ul>\n\t\t\t\t\t\t\n\t\t\t\t\t\t\t\t\t\t            <h4 class=\"post-title\">\n\t\t\t\t\t\t        <a href=\"https:\/\/enspridetravel.com\/tr\/alanyada-aileler-icin-eglence-cocuk-dostu-aktiviteler\/\" rel=\"bookmark\" title=\"Alanya&#039;da Aileler \u0130\u00e7in E\u011flence: \u00c7ocuk Dostu Aktiviteler\">Alanya&#039;da Aileler \u0130\u00e7in E\u011flence: \u00c7ocuk Dostu Aktiviteler<\/a>\n\t\t\t\t\t\t    <\/h4>\n\t\t\t\t\t    \n\t\t\t\t\t    \t\t\t\t\t\t    <div class=\"short_desc\">\n\t\t\t\t\t\t    \t<p> Alanya sadece yeti\u015fkinler i\u00e7in de\u011fil, ayn\u0131 zamanda aileler ve \u00e7ocuklar i\u00e7in de harika bir tatil destinasyonudur. Bu yaz\u0131m\u0131zda\u2026 <\/p>\n\t\t\t\t\t\t    <\/div>\n\t\t\t\t\t\t\n\t\t\t\t\t    \t\t        \t<\/div>\n\t\t\t\t        \n\t\t\t\t<\/li>\t\n\t\t\t\t\t\n\t\t\t\t\t\t\t<li class=\"item\">\n\n\t\t\t\t\t\n\t\t\t\t\t    <div class=\"media\">\n\t\t\t\t        \t<a href=\"https:\/\/enspridetravel.com\/tr\/alanyada-unutulmaz-bir-tatil-icin-ipuclari\/\" rel=\"bookmark\" title=\"Alanya&#039;da Unutulmaz Bir Tatil \u0130\u00e7in \u0130pu\u00e7lar\u0131\">\n\t\t\t\t        \t\t<img loading=\"lazy\" decoding=\"async\" width=\"768\" height=\"500\" src=\"https:\/\/enspridetravel.com\/wp-content\/uploads\/2024\/01\/3-1-768x500.png\" class=\"img-responsive wp-post-image\" alt=\"\" \/>\t\t\t\t        \t\t<div class=\"overlay\"><\/div>\n\t\t\t\t        \t<\/a>\n\t\t\t\t        <\/div>\n\n\t\t\t        \n\t\t        \t<div class=\"ova-content\">\n\t        \t\t\t<ul class=\"post-meta\">\n\t\t\t\t\t\t    \n\t\t\t\t\t\t\t\n\t\t\t\t\t\t<\/ul>\n\t\t\t\t\t\t\n\t\t\t\t\t\t\t\t\t\t            <h4 class=\"post-title\">\n\t\t\t\t\t\t        <a href=\"https:\/\/enspridetravel.com\/tr\/alanyada-unutulmaz-bir-tatil-icin-ipuclari\/\" rel=\"bookmark\" title=\"Alanya&#039;da Unutulmaz Bir Tatil \u0130\u00e7in \u0130pu\u00e7lar\u0131\">Alanya&#039;da Unutulmaz Bir Tatil \u0130\u00e7in \u0130pu\u00e7lar\u0131<\/a>\n\t\t\t\t\t\t    <\/h4>\n\t\t\t\t\t    \n\t\t\t\t\t    \t\t\t\t\t\t    <div class=\"short_desc\">\n\t\t\t\t\t\t    \t<p> Alanya, the pearl of the Mediterranean, offers visitors a unique holiday experience. In this blog post, we will share some&hellip; <\/p>\n\t\t\t\t\t\t    <\/div>\n\t\t\t\t\t\t\n\t\t\t\t\t    \t\t        \t<\/div>\n\t\t\t\t        \n\t\t\t\t<\/li>\t\n\t\t\t\t\t\n\t\t\t\t\t\t\t<li class=\"item\">\n\n\t\t\t\t\t\n\t\t\t\t\t    <div class=\"media\">\n\t\t\t\t        \t<a href=\"https:\/\/enspridetravel.com\/tr\/alanyanin-kulturel-ve-tarihi-mirasinin-kesfi\/\" rel=\"bookmark\" title=\"Alanya&#039;n\u0131n K\u00fclt\u00fcrel ve Tarihi Miras\u0131n\u0131n Ke\u015ffi\">\n\t\t\t\t        \t\t<img loading=\"lazy\" decoding=\"async\" width=\"768\" height=\"500\" src=\"https:\/\/enspridetravel.com\/wp-content\/uploads\/2024\/01\/2-1-768x500.png\" class=\"img-responsive wp-post-image\" alt=\"\" \/>\t\t\t\t        \t\t<div class=\"overlay\"><\/div>\n\t\t\t\t        \t<\/a>\n\t\t\t\t        <\/div>\n\n\t\t\t        \n\t\t        \t<div class=\"ova-content\">\n\t        \t\t\t<ul class=\"post-meta\">\n\t\t\t\t\t\t    \n\t\t\t\t\t\t\t\n\t\t\t\t\t\t<\/ul>\n\t\t\t\t\t\t\n\t\t\t\t\t\t\t\t\t\t            <h4 class=\"post-title\">\n\t\t\t\t\t\t        <a href=\"https:\/\/enspridetravel.com\/tr\/alanyanin-kulturel-ve-tarihi-mirasinin-kesfi\/\" rel=\"bookmark\" title=\"Alanya&#039;n\u0131n K\u00fclt\u00fcrel ve Tarihi Miras\u0131n\u0131n Ke\u015ffi\">Alanya&#039;n\u0131n K\u00fclt\u00fcrel ve Tarihi Miras\u0131n\u0131n Ke\u015ffi<\/a>\n\t\t\t\t\t\t    <\/h4>\n\t\t\t\t\t    \n\t\t\t\t\t    \t\t\t\t\t\t    <div class=\"short_desc\">\n\t\t\t\t\t\t    \t<p> Alanya is a holiday destination that attracts attention not only with its sun and beaches, but also with its rich&hellip; <\/p>\n\t\t\t\t\t\t    <\/div>\n\t\t\t\t\t\t\n\t\t\t\t\t    \t\t        \t<\/div>\n\t\t\t\t        \n\t\t\t\t<\/li>\t\n\t\t\t\t\t\n\t\t\t\t\t\t\t<li class=\"item\">\n\n\t\t\t\t\t\n\t\t\t\t\t    <div class=\"media\">\n\t\t\t\t        \t<a href=\"https:\/\/enspridetravel.com\/tr\/alanyanin-kesfedilmemis-guzellikleri-gizli-cennetler-ve-essiz-deneyimler\/\" rel=\"bookmark\" title=\"Alanya&#039;n\u0131n Ke\u015ffedilmemi\u015f G\u00fczellikleri: Sakl\u0131 Cennetler ve E\u015fsiz Deneyimler\">\n\t\t\t\t        \t\t<img loading=\"lazy\" decoding=\"async\" width=\"768\" height=\"500\" src=\"https:\/\/enspridetravel.com\/wp-content\/uploads\/2024\/01\/1-1-768x500.png\" class=\"img-responsive wp-post-image\" alt=\"\" \/>\t\t\t\t        \t\t<div class=\"overlay\"><\/div>\n\t\t\t\t        \t<\/a>\n\t\t\t\t        <\/div>\n\n\t\t\t        \n\t\t        \t<div class=\"ova-content\">\n\t        \t\t\t<ul class=\"post-meta\">\n\t\t\t\t\t\t    \n\t\t\t\t\t\t\t\n\t\t\t\t\t\t<\/ul>\n\t\t\t\t\t\t\n\t\t\t\t\t\t\t\t\t\t            <h4 class=\"post-title\">\n\t\t\t\t\t\t        <a href=\"https:\/\/enspridetravel.com\/tr\/alanyanin-kesfedilmemis-guzellikleri-gizli-cennetler-ve-essiz-deneyimler\/\" rel=\"bookmark\" title=\"Alanya&#039;n\u0131n Ke\u015ffedilmemi\u015f G\u00fczellikleri: Sakl\u0131 Cennetler ve E\u015fsiz Deneyimler\">Alanya&#039;n\u0131n Ke\u015ffedilmemi\u015f G\u00fczellikleri: Sakl\u0131 Cennetler ve E\u015fsiz Deneyimler<\/a>\n\t\t\t\t\t\t    <\/h4>\n\t\t\t\t\t    \n\t\t\t\t\t    \t\t\t\t\t\t    <div class=\"short_desc\">\n\t\t\t\t\t\t    \t<p> Undiscovered Beauties of Alanya: Hidden Heavens and Unique Experiences Although Alanya is one of Turkey&#8217;s most popular holiday destinations, it&hellip; <\/p>\n\t\t\t\t\t\t    <\/div>\n\t\t\t\t\t\t\n\t\t\t\t\t    \t\t        \t<\/div>\n\t\t\t\t        \n\t\t\t\t<\/li>\t\n\t\t\t\t\t\n\t\t\t\t\t<\/ul>\n\t\t\n\t\t\n\t\t\t\t<\/div>\n\t\t\t\t<\/div>\n\t\t\t\t\t<\/div>\n\t\t<\/div>\n\t\t\t\t\t\t\t<\/div>\n\t\t<\/section>\n\t\t\t\t\t\t\t<\/div>","protected":false},"excerpt":{"rendered":"<p>Blog Travel Tips and Advice Alanya&#8217;da Geleneksel T\u00fcrk K\u00fclt\u00fcr\u00fcn\u00fc Ke\u015ffedin Alanya, sadece do\u011fal g\u00fczellikleri ve tarihi zenginlikleri ile de\u011fil, ayn\u0131 zamanda zengin T\u00fcrk k\u00fclt\u00fcr\u00fc ile de turistleri b\u00fcy\u00fcl\u00fcyor. Bu blog&hellip; Alanya&#8217;n\u0131n Do\u011fal Harikalar\u0131: Ke\u015ffedilmeyi Bekleyen G\u00fczellikler Alanya, sadece plajlar\u0131 ve tarihi mekanlar\u0131 ile de\u011fil, ayn\u0131 zamanda do\u011fal g\u00fczellikleri ile de dikkat \u00e7ekiyor. Bu blog yaz\u0131s\u0131nda, [&hellip;]<\/p>","protected":false},"author":1,"featured_media":0,"parent":0,"menu_order":0,"comment_status":"closed","ping_status":"closed","template":"elementor_header_footer","meta":{"_monsterinsights_skip_tracking":false,"_monsterinsights_sitenote_active":false,"_monsterinsights_sitenote_note":"","_monsterinsights_sitenote_category":0,"footnotes":""},"class_list":["post-9491","page","type-page","status-publish","hentry"],"aioseo_notices":[],"_links":{"self":[{"href":"https:\/\/enspridetravel.com\/tr\/wp-json\/wp\/v2\/pages\/9491","targetHints":{"allow":["GET"]}}],"collection":[{"href":"https:\/\/enspridetravel.com\/tr\/wp-json\/wp\/v2\/pages"}],"about":[{"href":"https:\/\/enspridetravel.com\/tr\/wp-json\/wp\/v2\/types\/page"}],"author":[{"embeddable":true,"href":"https:\/\/enspridetravel.com\/tr\/wp-json\/wp\/v2\/users\/1"}],"replies":[{"embeddable":true,"href":"https:\/\/enspridetravel.com\/tr\/wp-json\/wp\/v2\/comments?post=9491"}],"version-history":[{"count":7,"href":"https:\/\/enspridetravel.com\/tr\/wp-json\/wp\/v2\/pages\/9491\/revisions"}],"predecessor-version":[{"id":9634,"href":"https:\/\/enspridetravel.com\/tr\/wp-json\/wp\/v2\/pages\/9491\/revisions\/9634"}],"wp:attachment":[{"href":"https:\/\/enspridetravel.com\/tr\/wp-json\/wp\/v2\/media?parent=9491"}],"curies":[{"name":"wp","href":"https:\/\/api.w.org\/{rel}","templated":true}]}}