{"id":9860,"date":"2024-01-17T02:30:23","date_gmt":"2024-01-16T23:30:23","guid":{"rendered":"https:\/\/enspridetravel.com\/?post_type=product&#038;p=9860"},"modified":"2024-04-26T18:29:46","modified_gmt":"2024-04-26T15:29:46","slug":"alanya-big-kral-boat-tour","status":"publish","type":"product","link":"https:\/\/enspridetravel.com\/de\/urun\/alanya-big-kral-boat-tour\/","title":{"rendered":"Alanya Big Kral Bootstour"},"content":{"rendered":"<div class=\"header-ul\">\n<h1>ALANYA BOOTSTOUR<\/h1>\n<h2>Erleben Sie ein Abenteuer: Bootstour in Alanya<\/h2>\n<p>Erleben Sie das atemberaubende t\u00fcrkisfarbene Wasser des Mittelmeers kombiniert mit der bezaubernden Sch\u00f6nheit von Alanya in der T\u00fcrkei auf einer unvergesslichen Bootsfahrt. Eine Bootstour durch Alanya erm\u00f6glicht es Ihnen nicht nur, der gesch\u00e4ftigen Stadt zu entfliehen, sondern bietet Ihnen auch einzigartige Ausblicke auf die atemberaubende K\u00fcste der Region, versteckte H\u00f6hlen und Panoramablicke. Begleiten Sie uns auf diesem Urlaubsausflug, der Sie in die aufregende Welt der Alanya-Bootstouren eintauchen l\u00e4sst, und entdecken Sie die Abenteuer, die uns erwarten.<\/p>\n<h3>1. Segeln ins Paradies:<\/h3>\n<p>Wenn Sie im malerischen Hafen von Alanya an Bord des Bootes gehen, werden Sie von einer warmen Meeresbrise begr\u00fc\u00dft und es erwartet Sie ein Tag voller Entspannung und Entdeckungen. Kristallklares Wasser glitzert unter der sengenden Sonne und bietet einen Einblick in eine Welt voller Meereslebewesen und Naturwunder.<\/p>\n<h3>2. Entdecken Sie die Pracht der K\u00fcste:<\/h3>\n<p>W\u00e4hrend Ihr Boot entlang der K\u00fcste gleitet, haben Sie die M\u00f6glichkeit, Alanyas verborgene Sch\u00e4tze zu entdecken. Bewundern Sie die atemberaubenden Klippen, goldenen Sandstr\u00e4nde und abgeschiedenen Buchten, die diese Region so bezaubernd machen. Ihr sachkundiger Reiseleiter wird Ihnen faszinierende Informationen \u00fcber die Geschichte, Kultur und Naturmerkmale der Region geben und Ihre Reise mit spannenden Fakten und Geschichten bereichern.<\/p>\n<h3>3. Faszinierende H\u00f6hlen erkunden:<\/h3>\n<p>Einer der H\u00f6hepunkte einer Bootstour ab Alanya ist die M\u00f6glichkeit, die herrlichen Meeresh\u00f6hlen entlang der K\u00fcste zu erkunden. Beobachten Sie voller Ehrfurcht, wie Ihr Boot m\u00fchelos durch dunkle H\u00f6hlen navigiert und glitzernde Stalaktiten, schimmerndes t\u00fcrkisfarbenes Wasser und bezaubernde Felsformationen freigibt. Diese Naturwunder verleihen Ihrem Abenteuer einen Hauch von Mysterium und Wunder und bieten die perfekte Kulisse f\u00fcr unvergessliche Fotos und unvergessliche Erlebnisse.<\/p>\n<h3>4. Tauchen im Mittelmeer:<\/h3>\n<p>Sp\u00fcren Sie den Charme des Mittelmeers, wenn das Boot an abgelegenen Stellen ankert und Sie einl\u00e4dt, ein Bad im erfrischenden Wasser zu nehmen. Egal, ob Sie ein erfahrener Schwimmer oder ein Anf\u00e4nger sind, Schnorchelausr\u00fcstung wird oft bereitgestellt, sodass Sie eine Unterwasserwelt voller lebendiger Meereslebewesen erleben k\u00f6nnen. Schwimmen Sie neben bunten Fischen und treffen Sie andere erstaunliche Meeresbewohner, und schaffen Sie unvergessliche Erinnerungen an Ihre Zeit in Alanya.<\/p>\n<h3>5. Genie\u00dfen Sie die Freuden an Bord:<\/h3>\n<p>Eine Bootstour in Alanya ist nicht nur ein Abenteuer, sondern auch eine Gelegenheit, k\u00f6stliche lokale K\u00fcche zu genie\u00dfen. Bei vielen Touren wird ein k\u00f6stliches Mittagessen oder ein Snack an Bord angeboten, sodass Sie die Aromen der T\u00fcrkei genie\u00dfen und gleichzeitig die malerische Aussicht genie\u00dfen k\u00f6nnen. Lehnen Sie sich zur\u00fcck, entspannen Sie sich und lassen Sie die Aromen des Mittelmeers Ihren Gaumen erfreuen, w\u00e4hrend Sie die atemberaubende Umgebung genie\u00dfen.<\/p>\n<p>Eine Bootstour durch Alanya ist eine Gelegenheit, die Wunder von Land und Meer zu entdecken, die atemberaubende K\u00fcste zu erkunden, versteckte H\u00f6hlen zu genie\u00dfen und in das kristallklare Wasser des Mittelmeers einzutauchen. Es ist ein Erlebnis, das Abenteuer, Entspannung und kulturelles Eintauchen im K\u00fcstenparadies Alanya vereint. Machen Sie also eine Bootsfahrt, genie\u00dfen Sie die Sonne und lassen Sie diese unvergessliche Reise zum H\u00f6hepunkt Ihres Aufenthalts in der T\u00fcrkei werden.<\/p>\n<h2>ALANYA-SEE-TOUR-PROGRAMM:<\/h2>\n<p>* Transfer von Hotels\/Apartments in Alanya und Umgebung.<br \/>\n* Transport zum Hafen von Alanya, Abfahrt vom Hafen von Alanya um 18:30 Uhr.<br \/>\n* Besichtigung der alten Werft von Alanya, Roter Turm vom Schiff aus, Schwimmen in der N\u00e4he der Werft.<br \/>\n* Sie werden die Piratenh\u00f6hle, die H\u00f6hle der Liebenden, die Phosphorh\u00f6hle und Kleopatras Strand sehen.<br \/>\n* Mittagessen, Schwimmen am Ulaslar-Strand, Teufelsh\u00f6hle, Schwimmpausen,<br \/>\n*Wenn Sie Gl\u00fcck haben, k\u00f6nnen Sie manchmal Delfine sehen.<br \/>\n* Kehren Sie vom offenen Meer zum Hafen von Alanya zur\u00fcck und werden Sie zu Ihrer Adresse in Alanya und Umgebung zur\u00fcckgebracht.<br \/>\nKatamaranfahrt in Alanya<\/p>\n<h2>IM PREIS INBEGRIFFEN:<\/h2>\n<p>* Treffen und Abfahrt von Hotels und Apartments in Alanya, Reisef\u00fchrer, Mittagessen (gegrilltes H\u00e4hnchen, 3 Salatsorten, Reis)<br \/>\n* Alkoholfreie Getr\u00e4nke (Wasser, Cola, Fanta, Mineralwasser uvm.) Animationen, Unterhaltung, Schaumparty.<\/p>\n<h2>OPTIONALES ZUBEH\u00d6R:<\/h2>\n<p>\u2022 Alkoholische Getr\u00e4nke, Eis, Fotos.<\/p>\n<h2>WEITERE INFORMATIONEN UND TIPPS:<\/h2>\n<p>*Unsere Yacht verf\u00fcgt \u00fcber Umkleidekabinen, Toiletten, WCs und Duschen.<br \/>\n* Schwimmpausen sind mehrmals m\u00f6glich. Wenn Sie schwimmen m\u00f6chten<br \/>\n*Sie m\u00fcssen einen Badeanzug, Sonnencreme und ein Strandtuch mitbringen.<br \/>\n*F\u00fcr den Fall einer Seekrankheit wird den G\u00e4sten empfohlen, w\u00e4hrend der Tour die notwendigen Medikamente mitzuf\u00fchren.<\/p>\n<p>Wir w\u00fcnschen Ihnen unvergessliche Erinnerungen w\u00e4hrend Ihres Urlaubs in Alanya, T\u00fcrkei.<\/p>\n<p>PS: F\u00fcr weitere Informationen k\u00f6nnen Sie uns auch telefonisch oder per WhatsApp-Nachricht kontaktieren.<\/p>\n<\/div>","protected":false},"excerpt":{"rendered":"<p>ALANYA BOAT TOUR Go on an Adventure: Boat Tour in Alanya Experience the stunning turquoise waters of the Mediterranean combined with the captivating beauty of Alanya, Turkey on an unforgettable boat ride. A boat tour of Alanya will not only allow you to escape the bustling city, but will also give you unique views of [&hellip;]<\/p>","protected":false},"featured_media":9858,"comment_status":"open","ping_status":"closed","template":"","meta":{"_monsterinsights_skip_tracking":false,"_monsterinsights_sitenote_active":false,"_monsterinsights_sitenote_note":"","_monsterinsights_sitenote_category":0},"product_cat":[66],"product_tag":[],"class_list":{"0":"post-9860","1":"product","2":"type-product","3":"status-publish","4":"has-post-thumbnail","6":"product_cat-tekne-turlari","8":"first","9":"instock","10":"sale","11":"shipping-taxable","12":"purchasable","13":"product-type-ovabrw_car_rental"},"aioseo_notices":[],"_links":{"self":[{"href":"https:\/\/enspridetravel.com\/de\/wp-json\/wp\/v2\/product\/9860","targetHints":{"allow":["GET"]}}],"collection":[{"href":"https:\/\/enspridetravel.com\/de\/wp-json\/wp\/v2\/product"}],"about":[{"href":"https:\/\/enspridetravel.com\/de\/wp-json\/wp\/v2\/types\/product"}],"replies":[{"embeddable":true,"href":"https:\/\/enspridetravel.com\/de\/wp-json\/wp\/v2\/comments?post=9860"}],"wp:featuredmedia":[{"embeddable":true,"href":"https:\/\/enspridetravel.com\/de\/wp-json\/wp\/v2\/media\/9858"}],"wp:attachment":[{"href":"https:\/\/enspridetravel.com\/de\/wp-json\/wp\/v2\/media?parent=9860"}],"wp:term":[{"taxonomy":"product_cat","embeddable":true,"href":"https:\/\/enspridetravel.com\/de\/wp-json\/wp\/v2\/product_cat?post=9860"},{"taxonomy":"product_tag","embeddable":true,"href":"https:\/\/enspridetravel.com\/de\/wp-json\/wp\/v2\/product_tag?post=9860"}],"curies":[{"name":"wp","href":"https:\/\/api.w.org\/{rel}","templated":true}]}}