{"id":9854,"date":"2024-01-17T02:26:44","date_gmt":"2024-01-16T23:26:44","guid":{"rendered":"https:\/\/enspridetravel.com\/?post_type=product&#038;p=9854"},"modified":"2024-01-17T02:26:44","modified_gmt":"2024-01-16T23:26:44","slug":"alanya-legend-big-kral-boat-tour","status":"publish","type":"product","link":"https:\/\/enspridetravel.com\/de\/urun\/alanya-legend-big-kral-boat-tour\/","title":{"rendered":"Alanya Legend Big Kral Bootstour"},"content":{"rendered":"<div class=\"header-ul\">\n<h3>Erlebnisse der Alanya Legend Big Kral Bootstour<\/h3>\n<\/div>\n<div class=\"content-text tour-experiences\">\n<ul>\n<li><strong>Das spektakul\u00e4rste Piratenschiff der Welt:<\/strong>\u00a0Erleben Sie das Gef\u00fchl, die Meere an Bord des gr\u00f6\u00dften Piratenschiffs der Welt zu beherrschen, der \u201eLegend Big Kral\u201c. Mit seinen beeindruckenden Ausma\u00dfen und bemerkenswerten Details werden Sie in jedem Moment Nervenkitzel und Luxus erleben.<\/li>\n<li><strong>\u00dcberragendes Luxus-Erlebnis:<\/strong>\u00a0Die \u201eLegend Big Kral\u201c bietet Ihnen eine unvergessliche Reise und ist die luxuri\u00f6seste Bootstour in der T\u00fcrkei. Auf dieser einzigartigen Tour, bei der jedes Detail auf Perfektion und Komfort trifft, werden Sie das k\u00f6nigliche Privileg zutiefst sp\u00fcren.<\/li>\n<li><strong>Schillernde Eleganz:<\/strong>\u00a0Der atemberaubende Luxus des \u201eLegend Big Kral\u201c sorgt f\u00fcr ein Erlebnis voller unvergesslicher Erinnerungen. Mit den detailverliebten Wohnr\u00e4umen, dem reichhaltigen offenen Buffetmen\u00fc und der grenzenlosen Servicequalit\u00e4t wird jeder Moment, den Sie erleben, viel mehr bieten, als Sie erwarten.<\/li>\n<li><strong>Einzigartiges Zeiterlebnis:<\/strong>\u00a0Begeben Sie sich mit der \u201eLegend Big Kral\u201c auf ein Abenteuer, das l\u00e4nger dauern wird als alle anderen Bootstouren. Diese einzigartige Reise, die Sie in der warmen Sonne des Mittelmeers und im kristallklaren Wasser auf die Spitze des Luxus und Vergn\u00fcgens f\u00fchrt, wird Ihr Zeitgef\u00fchl neu definieren.<\/li>\n<li><strong>Endlose Erkundungsm\u00f6glichkeiten:<\/strong>\u00a0Erkunden Sie mit dem \u201eLegend Big Kral\u201c die unber\u00fchrtesten Buchten und geheimnisvollsten H\u00f6hlen des Mittelmeers. Auf dieser Tour voller Stopps und neuer Entdeckungen erleben Sie die verborgenen Sch\u00f6nheiten des Mittelmeers aus einer einzigartigen Perspektive.<\/li>\n<\/ul>\n<\/div>\n<div class=\"header-ul\">\n<h3>Programm der Alanya Legend Big Kral Bootstour<\/h3>\n<\/div>\n<div class=\"content-text\">\n<ul>\n<li>Ihr \u201eLegend Big Kral\u201c-Erlebnis beginnt mit einer kostenlosen Abholung vom Hotel oder zu Hause.<\/li>\n<li>Die Legende Big Kral segelt in Richtung des Blaus des Mittelmeers.<\/li>\n<li>Unser Miniclub ist zur Unterhaltung Ihrer Kinder gedacht und wird mit einer farbenfrohen Gesichtsbemalungsaktivit\u00e4t er\u00f6ffnet und w\u00e4hrend der gesamten Tour ge\u00f6ffnet.<\/li>\n<li>Der erste Stopp ist die Schlammh\u00f6hle, die zum Abk\u00fchlen und Spa\u00df haben einl\u00e4dt.<\/li>\n<li>Nach dem Schlammbad f\u00e4hrt die \u201eLegend Big Kral\u201c aufs offene Meer hinaus. M\u00f6glicherweise haben Sie die M\u00f6glichkeit, Caretta Carettas und Delfine zu beobachten.<\/li>\n<li>Wir verlassen die Tiefen des Meeres und wenden uns dem Hafen von Alanya zu.<\/li>\n<li>Mittags ankert die \u201eLegend Big Kral\u201c im Hafen von Alanya.<\/li>\n<li>Sie haben anderthalb Stunden Freizeit, um Alanyas historischen Hafen und den gesch\u00e4ftigen Basar zu erkunden. Wenn Sie m\u00f6chten, k\u00f6nnen Sie diese Zeit damit verbringen, auf dem Boot zu entspannen und das Meer zu genie\u00dfen.<\/li>\n<li>Das Mittagessen beginnt im Hafen von Alanya. Mit unserem offenen Buffet-Men\u00fc genie\u00dfen Sie eine k\u00f6stliche Mahlzeit und erfrischen sich gleichzeitig mit unseren alkoholfreien Getr\u00e4nken.<\/li>\n<li>\u201eLegend Big Kral\u201c l\u00e4sst den Hafen von Alanya hinter sich und nimmt Kurs auf die Piratenh\u00f6hle von einzigartiger Sch\u00f6nheit.<\/li>\n<li>Unser Guide informiert Sie \u00fcber die Geschichte der Piratenh\u00f6hle und es gibt eine kurze Pause zum Fotografieren.<\/li>\n<li>Bei Ihrer Ankunft in der Lover\u2019s Cave erwartet Sie eine Sondershow unseres Animationsteams.<\/li>\n<li>Der n\u00e4chste Halt ist die farbenfrohe Phosphorh\u00f6hle, reich an Meeresfauna und einzigartiger Sch\u00f6nheit.<\/li>\n<li>Eine Badepause bietet sich in der Phosphorh\u00f6hle an.<\/li>\n<li>Unser n\u00e4chster Halt ist der ber\u00fchmte Kleopatra-Strand. Auch hier machen wir eine Badepause und empfehlen Ihnen, zu tauchen, wenn Sie Ihren Schnorchel dabei haben.<\/li>\n<li>Nach der Schwimmpause beginnen Animationsshows und Gruppenspiele f\u00fcr Kinder und Erwachsene. Den Spielteilnehmern werden verschiedene \u00dcberraschungsgeschenke \u00fcberreicht.<\/li>\n<li>Nach den Spielen geht die Unterhaltung mit Clubtanz und aktueller Nachtclubmusik mit Begleitung eines DJs weiter.<\/li>\n<li>Mit einer Schaumparty steigt der Unterhaltungswert noch mehr.<\/li>\n<li>Die Unterhaltung geht bis zum Ende der Tour weiter.<\/li>\n<li>Die letzte Badepause wird in der Ula\u015f-Bucht eingelegt.<\/li>\n<li>Nach der Schwimmpause segelt \u201eLegend Big Kral\u201c seinem Ziel entgegen.<\/li>\n<li>Wir erreichen den Hafen \u201eT\u00fcrkler\u201c.<\/li>\n<li>Sie verlassen das Schiff und steigen in die Fahrzeuge um.<\/li>\n<li>Sie werden sicher und bequem zu Ihrem Hotel oder nach Hause gebracht.<\/li>\n<\/ul>\n<\/div>","protected":false},"excerpt":{"rendered":"<p>Experiences of Alanya Legend Big Kral Boat Tour World&#8217;s Most Spectacular Pirate Ship:\u00a0Experience the sense of ruling the seas aboard the world&#8217;s largest pirate ship, the &#8220;Legend Big Kral&#8221;. With its impressive dimensions and remarkable details, you will live the thrill and luxury at every moment. Superior Luxury Experience:\u00a0The &#8220;Legend Big Kral&#8221; offers you an [&hellip;]<\/p>","protected":false},"featured_media":9857,"comment_status":"open","ping_status":"closed","template":"","meta":{"_monsterinsights_skip_tracking":false,"_monsterinsights_sitenote_active":false,"_monsterinsights_sitenote_note":"","_monsterinsights_sitenote_category":0},"product_cat":[66],"product_tag":[],"class_list":{"0":"post-9854","1":"product","2":"type-product","3":"status-publish","4":"has-post-thumbnail","6":"product_cat-tekne-turlari","8":"first","9":"instock","10":"sale","11":"shipping-taxable","12":"purchasable","13":"product-type-ovabrw_car_rental"},"aioseo_notices":[],"_links":{"self":[{"href":"https:\/\/enspridetravel.com\/de\/wp-json\/wp\/v2\/product\/9854","targetHints":{"allow":["GET"]}}],"collection":[{"href":"https:\/\/enspridetravel.com\/de\/wp-json\/wp\/v2\/product"}],"about":[{"href":"https:\/\/enspridetravel.com\/de\/wp-json\/wp\/v2\/types\/product"}],"replies":[{"embeddable":true,"href":"https:\/\/enspridetravel.com\/de\/wp-json\/wp\/v2\/comments?post=9854"}],"wp:featuredmedia":[{"embeddable":true,"href":"https:\/\/enspridetravel.com\/de\/wp-json\/wp\/v2\/media\/9857"}],"wp:attachment":[{"href":"https:\/\/enspridetravel.com\/de\/wp-json\/wp\/v2\/media?parent=9854"}],"wp:term":[{"taxonomy":"product_cat","embeddable":true,"href":"https:\/\/enspridetravel.com\/de\/wp-json\/wp\/v2\/product_cat?post=9854"},{"taxonomy":"product_tag","embeddable":true,"href":"https:\/\/enspridetravel.com\/de\/wp-json\/wp\/v2\/product_tag?post=9854"}],"curies":[{"name":"wp","href":"https:\/\/api.w.org\/{rel}","templated":true}]}}