{"id":9753,"date":"2024-01-14T21:22:09","date_gmt":"2024-01-14T18:22:09","guid":{"rendered":"https:\/\/enspridetravel.com\/?post_type=product&#038;p=9753"},"modified":"2024-04-26T14:10:35","modified_gmt":"2024-04-26T11:10:35","slug":"alanya-jeep-safari","status":"publish","type":"product","link":"https:\/\/enspridetravel.com\/de\/urun\/alanya-jeep-safari\/","title":{"rendered":"Alanya Jeep-Safari"},"content":{"rendered":"<div class=\"header-ul\"><\/div>\n<div class=\"header-ul\">\n<h3><img decoding=\"async\" class=\"rounded img-fluid float-sm-left mt-2 mr-sm-4 mb-2\" style=\"font-size: 16px;\" src=\"https:\/\/www.dailytoursinalanya.com\/Content\/images\/tours\/5\/thumb\/alanya-jeep-safari-14.webp\" alt=\"Alanya Jeep Safari 2\" \/><\/h3>\n<\/div>\n<div class=\"content-text\">\n<h1>JEEP SAFARI<\/h1>\n<h2>\u201eEntfesseln Sie Ihren Abenteuergeist: Jeep-Safari-Touren in Alanya mit Urlaubsausflug\u201c<\/h2>\n<p>Wenn Sie auf der Suche nach Nervenkitzel sind und sich nach einem au\u00dfergew\u00f6hnlichen Erlebnis sehnen, sollten Sie sich die aufregenden Jeep-Safari-Touren in Alanya ansehen. Inmitten der unglaublichen Sch\u00f6nheit der t\u00fcrkischen Riviera bietet Alanya jede Menge zerkl\u00fcftetes Gel\u00e4nde und atemberaubende Landschaften zum Erkunden. Steigen Sie in einen robusten 4\u00d74-Jeep und machen Sie sich bereit f\u00fcr ein unvergessliches Abenteuer durch malerische Berge, charmante D\u00f6rfer und verborgene Naturwunder. Auf dieser Urlaubsausflugstour nehmen wir Sie mit auf eine unglaubliche Reise und lassen Sie in die Aufregung und den Charme der Jeep-Safari-Touren in Alanya eintauchen.<\/p>\n<h2>Offroad durch unber\u00fchrte Sch\u00f6nheit:<\/h2>\n<p>Jeep-Safari-Touren in Alanya sind die perfekte M\u00f6glichkeit, abseits der ausgetretenen Pfade die wilde Sch\u00f6nheit der Region zu entdecken. Erleben Sie den Nervenkitzel des Offroad-Fahrens, w\u00e4hrend Ihr erfahrener Fahrer Sie durch das raue Gel\u00e4nde navigiert und Sie ins Herz der Natur f\u00fchrt. Fahren Sie auf staubigen Pfaden, bezwingen Sie steile H\u00e4nge und genie\u00dfen Sie die atemberaubende Landschaft des Taurusgebirges.<\/p>\n<h2>Entdecken Sie verborgene Sch\u00e4tze:<\/h2>\n<p>Diese Touren bieten eine einzigartige Gelegenheit, verborgene Sch\u00e4tze zu entdecken, die abseits des Touristenrummels liegen. Reisen Sie in malerische, traditionelle D\u00f6rfer, wo Sie den traditionellen Lebensstil erleben und mit freundlichen Einheimischen in Kontakt treten k\u00f6nnen. Besuchen Sie traditionelle t\u00fcrkische Kaffeeh\u00e4user, bekannt als Kahvehane, um eine Tasse starken t\u00fcrkischen Kaffee zu genie\u00dfen und \u00fcber die lokale Kultur und Traditionen zu plaudern.<\/p>\n<h2>Spektakul\u00e4re Naturwunder:<\/h2>\n<p>Eine Jeepsafari in Alanya f\u00fchrt Sie zu beeindruckenden Naturwundern, die einen bleibenden Eindruck hinterlassen werden. Lassen Sie sich von der bezaubernden Sch\u00f6nheit des Dim-Tals verzaubern, das f\u00fcr seinen smaragdgr\u00fcnen Fluss, seine \u00fcppige Vegetation und seine rauschenden Wasserf\u00e4lle ber\u00fchmt ist. Tauchen Sie in erfrischende Naturpools ein und entspannen Sie einfach im Schatten uralter Platanen.<\/p>\n<h2>Ein Abenteuer f\u00fcr alle:<\/h2>\n<p>Egal, ob Sie ein begeisterter Adrenalinjunkie sind oder eine Familie auf der Suche nach einem einzigartigen Abenteuer, Alanyas Jeep-Safari-Touren sind f\u00fcr jeden Reisenden geeignet. Die Touroptionen reichen von aufregenden Offroad-Ausfl\u00fcgen bis hin zu gem\u00e4chlicheren Routen, die die perfekte Mischung aus Abenteuer und Entspannung bieten. Seien Sie versichert, dass Sicherheit oberste Priorit\u00e4t hat, da erfahrene Reiseleiter Sie w\u00e4hrend Ihrer gesamten Reise begleiten und daf\u00fcr sorgen, dass jeder ein stressfreies und angenehmes Erlebnis hat.<\/p>\n<h2>Praktische \u00dcberlegungen:<\/h2>\n<p>Damit Sie das Beste aus Ihrer Jeep-Safari-Tour durch Alanya herausholen, sollten Sie einige praktische Tipps beachten. Ziehen Sie sich bequem an, tragen Sie Sonnenschutz auf und bringen Sie unbedingt einen Hut und eine Sonnenbrille mit, um sich vor der Sonne zu sch\u00fctzen. Es ist ratsam, einen kleinen Rucksack mit wichtigen Dingen wie Wasser, Snacks und einer Kamera mitzunehmen, um die unglaubliche Aussicht einzufangen. Bei den meisten Touren ist die Abholung von Ihrer Unterkunft inbegriffen. Bereiten Sie sich also auf einen fr\u00fchen Start und einen ganzen Tag voller Abenteuer vor.<\/p>\n<p>Jeep-Safari-Touren in Alanya bieten einen aufregenden Urlaub in der wilden Sch\u00f6nheit der t\u00fcrkischen Riviera. Machen Sie sich bereit f\u00fcr ein Offroad-Abenteuer, das Sie durch schroffe Berge, charmante D\u00f6rfer und faszinierende Naturwunder f\u00fchrt. Egal, ob Sie einen Adrenalinsto\u00df oder ein einzigartiges kulturelles Erlebnis suchen, Jeep-Safari-Touren in Alanya versprechen eine unvergessliche Reise voller Aufregung, atemberaubender Landschaft und Erinnerungen, die ein Leben lang halten werden.<\/p>\n<h2>JEEP SAFARI TOUR PROGRAMM IN ALANYA:<\/h2>\n<p>* Abholung von Hotels\/Apartments in Alanya mit Landrover-Jeeps.<br \/>\n* Steigen Sie an unserer Station in unsere anderen Safari-Jeeps ein.<br \/>\n* Beginn der Safari und Fahrt durch D\u00f6rfer und Obstg\u00e4rten (Orangen, Zitronen, Bananen usw.).<br \/>\n* Besuch eines kleinen Wasserfalls in der N\u00e4he des Obakai-Flusses und Fotopause.<br \/>\n* Aufstieg zum Taurusgebirge.<br \/>\n* Fotopause auf dem Berg und fantastischer Ausblick auf die Stadt Alanya.<br \/>\n* Besuchen Sie ein t\u00fcrkisches Dorfhaus, erhalten Sie Informationen zum Dorfleben und zu unterhaltsamen Aktivit\u00e4ten.<br \/>\n* Besuchen Sie die Dorfmoschee und informieren Sie sich \u00fcber die Moschee und die Religion des Islam.<br \/>\n* Ausflug ins Dim-Tal.<br \/>\n* Fotopause am Dim-Damm.<br \/>\n* Mittagessen, Ausruhen, Schwimmen im Fluss Dimchay (ca. 2 Stunden).<br \/>\n* Besuch der Dim-H\u00f6hle (optional).<br \/>\n* Abfahrt zu Ihren Hotels und Apartments in Alanya.<\/p>\n<h2>IM PREIS INBEGRIFFEN:<\/h2>\n<p>* Abholung\/Abgabe von Hotels und Apartments in Alanya.<br \/>\n* Reiseleiter, Mittagessen (gegrillter Fisch oder Huhn, Salat, Reis) (auch vegetarisches Men\u00fc verf\u00fcgbar).<\/p>\n<h2>OPTIONALES ZUBEH\u00d6R:<\/h2>\n<p>\u2022 Getr\u00e4nke, Fotos, DVDs.<\/p>\n<h2>WEITERE INFORMATIONEN UND TIPPS:<\/h2>\n<p>* Tragen Sie angemessene Kleidung und Schuhe f\u00fcr die staubigen Berge.<br \/>\n*Wenn Sie im Dimchay-Fluss schwimmen m\u00f6chten, nehmen Sie Badeanzug und Handtuch mit.<br \/>\n*Wir bieten Fotodienste an, Sie k\u00f6nnen aber gerne Ihre eigene Kamera mitbringen, wenn Sie m\u00f6chten.<br \/>\n* Die Jeepsafari-Tour durch Alanya ist auch f\u00fcr Familien mit Kindern geeignet. Sie k\u00f6nnen mitmachen und die Jeepsafari-Tour in Ruhe genie\u00dfen.<br \/>\n* Unsere Jeepfahrer sind Profis mit langj\u00e4hriger Fahrerfahrung.<\/p>\n<p>Wir w\u00fcnschen Ihnen unvergessliche Erinnerungen w\u00e4hrend Ihres Urlaubs in Alanya, T\u00fcrkei.<\/p>\n<p>PS: F\u00fcr weitere Informationen k\u00f6nnen Sie uns auch telefonisch oder per WhatsApp-Nachricht kontaktieren.<\/p>\n<\/div>","protected":false},"excerpt":{"rendered":"<p>JEEP SAFARI &#8220;Unleash your spirit of adventure: jeep safari tours in Alanya with holiday excursion&#8221; If you are a thrill-seeker and crave an extraordinary experience, check out the exciting jeep safari tours in Alanya. Set amidst the incredible beauty of the Turkish Riviera, Alanya offers plenty of rugged terrain and stunning scenery to explore. Hop [&hellip;]<\/p>","protected":false},"featured_media":9754,"comment_status":"open","ping_status":"closed","template":"","meta":{"_monsterinsights_skip_tracking":false,"_monsterinsights_sitenote_active":false,"_monsterinsights_sitenote_note":"","_monsterinsights_sitenote_category":0},"product_cat":[97],"product_tag":[],"class_list":{"0":"post-9753","1":"product","2":"type-product","3":"status-publish","4":"has-post-thumbnail","6":"product_cat-alanya-jeep-safari","8":"first","9":"instock","10":"sale","11":"shipping-taxable","12":"purchasable","13":"product-type-ovabrw_car_rental"},"aioseo_notices":[],"_links":{"self":[{"href":"https:\/\/enspridetravel.com\/de\/wp-json\/wp\/v2\/product\/9753","targetHints":{"allow":["GET"]}}],"collection":[{"href":"https:\/\/enspridetravel.com\/de\/wp-json\/wp\/v2\/product"}],"about":[{"href":"https:\/\/enspridetravel.com\/de\/wp-json\/wp\/v2\/types\/product"}],"replies":[{"embeddable":true,"href":"https:\/\/enspridetravel.com\/de\/wp-json\/wp\/v2\/comments?post=9753"}],"wp:featuredmedia":[{"embeddable":true,"href":"https:\/\/enspridetravel.com\/de\/wp-json\/wp\/v2\/media\/9754"}],"wp:attachment":[{"href":"https:\/\/enspridetravel.com\/de\/wp-json\/wp\/v2\/media?parent=9753"}],"wp:term":[{"taxonomy":"product_cat","embeddable":true,"href":"https:\/\/enspridetravel.com\/de\/wp-json\/wp\/v2\/product_cat?post=9753"},{"taxonomy":"product_tag","embeddable":true,"href":"https:\/\/enspridetravel.com\/de\/wp-json\/wp\/v2\/product_tag?post=9753"}],"curies":[{"name":"wp","href":"https:\/\/api.w.org\/{rel}","templated":true}]}}