{"id":9702,"date":"2024-01-14T01:03:19","date_gmt":"2024-01-13T22:03:19","guid":{"rendered":"https:\/\/enspridetravel.com\/?post_type=product&#038;p=9702"},"modified":"2024-04-25T18:58:19","modified_gmt":"2024-04-25T15:58:19","slug":"alanya-fishing-tour","status":"publish","type":"product","link":"https:\/\/enspridetravel.com\/de\/urun\/alanya-fishing-tour\/","title":{"rendered":"Alanya-Angeltour"},"content":{"rendered":"<h1>Angeltour<\/h1>\n<h2>Tauchen Sie ein ins Abenteuer: Erkunden Sie die Tiefe bei einer Angeltour<\/h2>\n<p>F\u00fcr alle, die Abenteuer und Natur erleben m\u00f6chten, bieten Angeltouren die perfekte Kombination aus Spannung und Ruhe. Egal, ob Sie ein begeisterter Angler oder ein begeisterter Schnorchler sind, diese Touren bieten Ihnen ein wirklich einzigartiges Erlebnis des Wassers und seiner Bewohner. Auf dieser Tour mit Holiday Excursion tauchen wir in die Welt des Angelns ein, erkunden das reiche Meeresleben, atemberaubende Unterwasser\u00f6kosysteme und den Nervenkitzel, den Fang des Tages zu fangen.<\/p>\n<h3>1. Angel auswerfen: Angeltour:<\/h3>\n<p>Angeltouren sind nicht nur f\u00fcr erfahrene Angler geeignet; sie sind auch ideal f\u00fcr Anf\u00e4nger, die die Kunst des Angelns erlernen m\u00f6chten. In Begleitung professioneller Guides mit umfassenden Kenntnissen der \u00f6rtlichen Angelpl\u00e4tze haben Sie die M\u00f6glichkeit, die besten Angelpl\u00e4tze und -techniken der Gegend zu entdecken. Egal, ob Sie lieber im S\u00fc\u00df- oder Salzwasser angeln, diese Touren bieten die M\u00f6glichkeit, eine Vielzahl von Arten zu fangen, von Forellen und Lachsen bis hin zu Marlin und Thunfisch. Der Nervenkitzel des Ziehens an der Leine und die Vorfreude auf den Fang machen Angeltouren f\u00fcr jeden zu einem aufregenden Erlebnis.<\/p>\n<h3>2. Entdecken Sie die Wunder der Unterwasserwelt: Angeltour:<\/h3>\n<p>Bei Angeltouren k\u00f6nnen Sie in die pulsierende Unterwasserwelt eintauchen. Bewaffnet mit Maske, Schnorchel und Flossen k\u00f6nnen Sie durch das kristallklare Wasser gleiten und dabei eine unglaubliche Vielfalt an Meereslebewesen beobachten. Schnorcheltouren mit farbenfrohen, anmutigen Unterwassersch\u00f6nheiten, Meeresschildkr\u00f6ten und verspielten Delfinen bieten einen hautnahen Blick auf die Wunder der Natur. Erkunden Sie atemberaubende Unterwasserlandschaften, werden Sie Zeuge eines komplexen \u00d6kosystems und nutzen Sie sogar die M\u00f6glichkeit, in der N\u00e4he zu schnorcheln. Angeltouren sind ein aufregendes und lehrreiches Erlebnis f\u00fcr Naturliebhaber jeden Alters.<\/p>\n<h3>3. Umweltfreundliche Methoden und Erhaltung:<\/h3>\n<p>Bei verantwortungsvollen Angeltouren steht der Schutz und die Erhaltung der Meeres\u00f6kosysteme im Vordergrund. Viele Reiseveranstalter halten sich an nachhaltige Fischereipraktiken und stellen sicher, dass die Auswirkungen auf die Fischpopulationen durch Fang- und Freilassungsmethoden minimiert werden. Auch bei Schnorcheltouren wird die Bedeutung umweltfreundlichen Verhaltens betont, beispielsweise das Ber\u00fchren oder Besch\u00e4digen von Korallenriffen und der Respekt vor den nat\u00fcrlichen Lebensr\u00e4umen der Meeresbewohner. Indem Sie an diesen Touren teilnehmen, tragen Sie aktiv zu den Naturschutzbem\u00fchungen bei, die zum Schutz unserer Ozeane f\u00fcr zuk\u00fcnftige Generationen erforderlich sind.<\/p>\n<h3>4. Expertenempfehlungen und Sicherheitsma\u00dfnahmen:<\/h3>\n<p>Angeltouren werden von erfahrenen Guides und Ausbildern geleitet, denen Ihre Sicherheit und Ihr Vergn\u00fcgen am wichtigsten sind. Sie verf\u00fcgen \u00fcber umfassende Kenntnisse der \u00f6rtlichen Gew\u00e4sser, des Meereslebens und der besten Technologie f\u00fcr eine erfolgreiche Tour. Egal, ob Sie Anf\u00e4nger oder erfahrener Abenteurer sind, ihr Fachwissen wird Ihnen ein unvergessliches Erlebnis bescheren. Sicherheitsma\u00dfnahmen wie die Bereitstellung geeigneter Schwimmwesten und Erste-Hilfe-Sets werden ebenfalls getroffen, um Ihr Wohlbefinden w\u00e4hrend der Tour zu gew\u00e4hrleisten.<\/p>\n<h3>5. Unvergessliche Erinnerungen und Verbundenheit mit der Natur:<\/h3>\n<p>Die Teilnahme an einem Angelausflug \u00f6ffnet die T\u00fcr zu unvergesslichen Erinnerungen und einer tieferen Verbindung mit der Natur. Der Nervenkitzel des Angelns, die Ruhe des klaren Wassers und beeindruckende Begegnungen mit dem Meeresleben werden Ihren Abenteuergeist nachhaltig pr\u00e4gen. Diese Angeltouren bieten Ihnen die M\u00f6glichkeit, von Ihrem Alltag abzuschalten und sich wieder mit der Natur zu verbinden. Sie vermitteln ein Gef\u00fchl des Staunens und der Wertsch\u00e4tzung f\u00fcr die Sch\u00f6nheit, die unter der Oberfl\u00e4che liegt.<\/p>\n<p>Eine Angeltour bietet die M\u00f6glichkeit, die faszinierende Unterwasserwelt zu erkunden und in die Ruhe der Natur einzutauchen. Egal, ob Sie auf der Suche nach einem wertvollen Fang sind oder beim Schnorcheln inmitten lebendiger Meeres\u00f6kosysteme Ruhe suchen, diese Touren bieten Enthusiasten aller Niveaus ein unvergessliches Erlebnis. Also packen Sie Ihre Ausr\u00fcstung, tauchen Sie ein in das Abenteuer und schaffen Sie Erinnerungen, die Sie ein Leben lang begleiten, wenn Sie auf Angel- und Schnorcheltouren gehen.<\/p>\n<h2>ANGELTOUR-PROGRAMM IN ALANYA:<\/h2>\n<p>* Treffen in Hotels und Apartments in Alanya, Ankunft im Hafen von Alanya.<\/p>\n<p>* Ein Fischerboot verl\u00e4sst den Hafen und besch\u00e4digt dabei die Fischereiausr\u00fcstung.<\/p>\n<p>* Angeln im offenen Meer, Mittagessen auf dem Boot, Badepausen<\/p>\n<p>* R\u00fcckkehr zum Hafen von Alanya, Ausschiffung in Hotels und Apartments in Alanya.<\/p>\n<h2>IM PREIS INBEGRIFFEN:<\/h2>\n<p>* Abholung\/Abgabe von Hotels und Apartments in Alanya.<\/p>\n<p>* Kapit\u00e4n, Fischer, Angelausr\u00fcstung, Mittagessen, alkoholfreie Getr\u00e4nke<\/p>\n<h2>OPTIONALES ZUBEH\u00d6R:<\/h2>\n<p>\u2022 Alkoholische Getr\u00e4nke<\/p>\n<h2>WEITERE INFORMATIONEN UND TIPPS:<\/h2>\n<p>* Bringen Sie Badebekleidung, Sonnencreme und Handt\u00fccher mit.<\/p>\n<p>* Das Fischerboot verf\u00fcgt \u00fcber eine Toilette und eine Dusche.<\/p>\n<p>Wir w\u00fcnschen Ihnen unvergessliche Erinnerungen w\u00e4hrend Ihres Urlaubs in Alanya, T\u00fcrkei.<\/p>\n<p>PS: F\u00fcr weitere Informationen k\u00f6nnen Sie uns auch telefonisch oder per WhatsApp-Nachricht kontaktieren.<\/p>","protected":false},"excerpt":{"rendered":"<p>FISHING TOUR Dive into Adventure: Exploring the Deep with a Fishing Tour For those seeking adventure and immersion in nature, fishing tours offer the perfect combination of excitement and tranquility. Whether you&#8217;re a fishing enthusiast or an avid snorkeler, these tours will give you a truly unique experience of the water and its inhabitants. On [&hellip;]<\/p>","protected":false},"featured_media":9705,"comment_status":"open","ping_status":"closed","template":"","meta":{"_monsterinsights_skip_tracking":false,"_monsterinsights_sitenote_active":false,"_monsterinsights_sitenote_note":"","_monsterinsights_sitenote_category":0},"product_cat":[89],"product_tag":[],"class_list":{"0":"post-9702","1":"product","2":"type-product","3":"status-publish","4":"has-post-thumbnail","6":"product_cat-alanya-fishing-tour","8":"first","9":"instock","10":"sale","11":"shipping-taxable","12":"purchasable","13":"product-type-ovabrw_car_rental"},"aioseo_notices":[],"_links":{"self":[{"href":"https:\/\/enspridetravel.com\/de\/wp-json\/wp\/v2\/product\/9702","targetHints":{"allow":["GET"]}}],"collection":[{"href":"https:\/\/enspridetravel.com\/de\/wp-json\/wp\/v2\/product"}],"about":[{"href":"https:\/\/enspridetravel.com\/de\/wp-json\/wp\/v2\/types\/product"}],"replies":[{"embeddable":true,"href":"https:\/\/enspridetravel.com\/de\/wp-json\/wp\/v2\/comments?post=9702"}],"wp:featuredmedia":[{"embeddable":true,"href":"https:\/\/enspridetravel.com\/de\/wp-json\/wp\/v2\/media\/9705"}],"wp:attachment":[{"href":"https:\/\/enspridetravel.com\/de\/wp-json\/wp\/v2\/media?parent=9702"}],"wp:term":[{"taxonomy":"product_cat","embeddable":true,"href":"https:\/\/enspridetravel.com\/de\/wp-json\/wp\/v2\/product_cat?post=9702"},{"taxonomy":"product_tag","embeddable":true,"href":"https:\/\/enspridetravel.com\/de\/wp-json\/wp\/v2\/product_tag?post=9702"}],"curies":[{"name":"wp","href":"https:\/\/api.w.org\/{rel}","templated":true}]}}