{"id":9697,"date":"2024-01-14T00:55:41","date_gmt":"2024-01-13T21:55:41","guid":{"rendered":"https:\/\/enspridetravel.com\/?post_type=product&#038;p=9697"},"modified":"2025-10-06T15:24:36","modified_gmt":"2025-10-06T12:24:36","slug":"manavgat-waterfall-aspendos-side-tour-from-alanya","status":"publish","type":"product","link":"https:\/\/enspridetravel.com\/de\/urun\/manavgat-waterfall-aspendos-side-tour-from-alanya\/","title":{"rendered":"Manavgat-Wasserfall-Aspendos-Nebentour ab Alanya"},"content":{"rendered":"<div class=\"header-ul\"><\/div>\n<div class=\"header-ul\">\n<h3><img decoding=\"async\" class=\"rounded img-fluid float-sm-left mt-2 mr-sm-4 mb-2\" style=\"font-size: 16px;\" src=\"https:\/\/www.dailytoursinalanya.com\/Content\/images\/tours\/23\/thumb\/aspendes-side-manavgat-waterfall-tour-19.webp\" alt=\"Manavgat Waterfall Aspendos Side Tour from Alanya 2\" \/><\/h3>\n<\/div>\n<h1>SIDE ASPENDOS MANAVGAT<\/h1>\n<h2>Antike Wunder erkunden: Side Aspendos Manavgat<\/h2>\n<p>Begeben Sie sich auf eine faszinierende Reise durch Geschichte und Natur, indem Sie an der Side-Aspendos-Manavgat-Tour teilnehmen. Dieser Ausflug bietet eine einzigartige Gelegenheit, die Sch\u00e4tze alter Zivilisationen zu entdecken, atemberaubende Landschaften zu sehen und in die faszinierenden Geschichten der t\u00fcrkischen Region Antalya einzutauchen. Bei dieser gef\u00fchrten Urlaubstour stellen wir Ihnen die H\u00f6hepunkte und Erlebnisse vor, die Sie auf dieser unvergesslichen Tour erwarten k\u00f6nnen.<\/p>\n<h3>1. Seite: Lebendes Museum der Antike:<\/h3>\n<p>Machen Sie eine Zeitreise und erkunden Sie die antike Stadt Side, die auf einer malerischen Halbinsel zwischen dem Mittelmeer und dem Fluss Side liegt. Die gut erhaltenen Ruinen des Apollontempels, des gro\u00dfen r\u00f6mischen Theaters und der \u00dcberreste der Agora geben Ihnen einen Einblick in die lebendige Geschichte und Kultur dieser einst gesch\u00e4ftigen Hafenstadt. Schlendern Sie durch die bezaubernden Stra\u00dfen, die von r\u00f6mischen Mauern umgeben sind, entdecken Sie an jeder Ecke verborgene Sch\u00e4tze und erleben Sie die Verschmelzung antiker Ruinen mit modernem Leben.<\/p>\n<h3>2. Aspendos: ein Wunder der Architektur:<\/h3>\n<p>Bei der Side-Aspendos-Tour in Manavgat werden Sie von der Pracht von Aspendos \u00fcberrascht sein, wo sich eines der besterhaltenen antiken Theater der Welt befindet. Dieses im 2. Jahrhundert n. Chr. erbaute, pr\u00e4chtige Amphitheater ist ein Beweis f\u00fcr die architektonische Genialit\u00e4t seiner Zeit. Bewundern Sie die bemerkenswerte Akustik, die es Ihnen erm\u00f6glicht, sogar ein Fl\u00fcstern von den h\u00f6chsten Sitzen zu h\u00f6ren, und stellen Sie sich die spektakul\u00e4ren Auff\u00fchrungen vor, die einst auf dieser B\u00fchne stattfanden. Wenn Sie innerhalb der Mauern dieses architektonischen Meisterwerks stehen, werden Sie eine unglaubliche Verbindung zur Vergangenheit sp\u00fcren.<\/p>\n<h3>3. Manavgat-Wasserfall: Ruhe der Natur:<\/h3>\n<p>Tauchen Sie inmitten historischer Wunder in die Ruhe der Natur am Manavgat-Wasserfall ein. Umgeben von \u00fcppigem Gr\u00fcn und nur wenige Kilometer von Side entfernt, m\u00fcndet dieser spektakul\u00e4re Wasserfall in den Manavgat-Fluss und schafft eine malerische Landschaft. Machen Sie einen ruhigen Spaziergang am Flussufer entlang, sp\u00fcren Sie den Nebel, w\u00e4hrend das Wasser in das darunter liegende Becken st\u00fcrzt, und machen Sie unvergessliche Fotos, die die Ruhe und Sch\u00f6nheit dieses Naturwunders verk\u00f6rpern.<\/p>\n<h3>4. Kulturelles Erlebnis und Unterhaltung:<\/h3>\n<p>Ausflug nach Side, Aspendos und Manavgat zu historischen und nat\u00fcrlichen Wundern. Die Tour von Side nach Aspendos und Manavgat bietet reichlich Gelegenheit, in die lokale Kultur einzutauchen. Verw\u00f6hnen Sie sich in lokalen Restaurants mit authentischer t\u00fcrkischer K\u00fcche und genie\u00dfen Sie regionale K\u00f6stlichkeiten und traditionelle Aromen. Erkunden Sie die lebhaften lokalen Souks voller farbenfroher Textilien, Gew\u00fcrze und Kunsthandwerk, wo Sie mit lokalen H\u00e4ndlern interagieren und einzigartige Souvenirs finden k\u00f6nnen, die Sie an Ihre Reise erinnern werden.<\/p>\n<h3>5. Professionelle Tour:<\/h3>\n<p>Um ein unvergessliches und bereicherndes Erlebnis zu gew\u00e4hrleisten, wird die Side-Aspendos-Manavgat-Tour von sachkundigen und freundlichen Reiseleitern begleitet. Erfahrene Reiseleiter f\u00fchren Sie in die Geschichte, Mythologie und Bedeutung jeder St\u00e4tte ein und bieten Ihnen ein tieferes Verst\u00e4ndnis der Wunder, die Sie erleben. Sie geben Ihnen auch n\u00fctzliche Tipps und Ratschl\u00e4ge, damit Sie Ihre Zeit in dieser bezaubernden Region der T\u00fcrkei optimal nutzen k\u00f6nnen.<\/p>\n<p>Eine Side-Aspendos-Manavgat-Tour verbindet den Charme antiker Zivilisationen, atemberaubende Naturlandschaften und kulturelles Eintauchen zu einem unvergesslichen Erlebnis. Von den beeindruckenden Ruinen von Side \u00fcber das architektonische Wunder von Aspendos bis hin zur Ruhe der Manavgat-Wasserf\u00e4lle bietet diese Tour eine umfassende Erkundung der historischen und nat\u00fcrlichen Sch\u00e4tze der T\u00fcrkei. Schn\u00fcren Sie also Ihre Wanderschuhe, bringen Sie ein Gef\u00fchl des Staunens mit und machen Sie sich bereit f\u00fcr eine Reise, die Sie in die Vergangenheit zur\u00fcckversetzt und Erinnerungen schafft, die Sie ein Leben lang sch\u00e4tzen werden.<\/p>\n<h2>SIDE ASPENDOS MANAVGAT WASSERFALL TOURPROGRAMM<\/h2>\n<p>* Abholung von Hotels und Apartments in Alanya.<br \/>\n* Besuchen Sie Side und seine antike Stadt, besuchen Sie das Amphitheater in Aspendos.<br \/>\n* Mittagessen, Besuch des Manavgat-Wasserfalls.<br \/>\n* Abfahrt zu Ihren Hotels und Apartments in Alanya.<\/p>\n<h2>DER PREIS DER TOUR NACH SIDE ASPENDOS MANAVGAT BEINHALTET:<\/h2>\n<p>* Abholung und R\u00fccktransport von Hotels und Apartments in Alanya.<br \/>\n*Mittagessen mit Reiseleiter (Buffet)<br \/>\n* Eintrittspreise (Aspendos Amphitheater: 5 Euro, Manavgat Wasserfall: 2 Euro)<\/p>\n<h2>OPTIONALES ZUBEH\u00d6R:<\/h2>\n<p>\u2022 Getr\u00e4nke, pers\u00f6nliche Ausgaben<\/p>\n<h2>ZUS\u00c4TZLICHE INFORMATIONEN UND TIPPS ZUR ASPENDOS-MANAVGAT-TOUR:<\/h2>\n<p>* An historischen Orten ist das Fotografieren erlaubt. Sie k\u00f6nnen Ihre Kamera und Ihr Mobiltelefon mitnehmen.<br \/>\n* Tragen Sie bequeme Laufschuhe.<br \/>\n* Wir bringen Sie zum Manavgat-Wasserfall.<\/p>\n<p>Wir w\u00fcnschen Ihnen unvergessliche Erinnerungen w\u00e4hrend Ihres Urlaubs in der T\u00fcrkei.<\/p>\n<p>PS F\u00fcr weitere Informationen k\u00f6nnen Sie uns auch telefonisch oder per WhatsApp-Nachricht kontaktieren.<\/p>","protected":false},"excerpt":{"rendered":"<p>SIDE ASPENDOS MANAVGAT Exploring Ancient Wonders: Side Aspendos Manavgat Embark on a fascinating journey through history and nature by joining the Side Aspendos Manavgat tour. This excursion offers a unique opportunity to discover the treasures of ancient civilizations, see breathtaking landscapes and immerse yourself in the fascinating stories of Turkey&#8217;s Antalya region. In this holiday [&hellip;]<\/p>","protected":false},"featured_media":9698,"comment_status":"open","ping_status":"closed","template":"","meta":{"_monsterinsights_skip_tracking":false,"_monsterinsights_sitenote_active":false,"_monsterinsights_sitenote_note":"","_monsterinsights_sitenote_category":0},"product_cat":[88],"product_tag":[],"class_list":{"0":"post-9697","1":"product","2":"type-product","3":"status-publish","4":"has-post-thumbnail","6":"product_cat-manavgat-waterfall-aspendos-side-tour-from-alanya","8":"first","9":"instock","10":"sale","11":"shipping-taxable","12":"purchasable","13":"product-type-ovabrw_car_rental"},"aioseo_notices":[],"_links":{"self":[{"href":"https:\/\/enspridetravel.com\/de\/wp-json\/wp\/v2\/product\/9697","targetHints":{"allow":["GET"]}}],"collection":[{"href":"https:\/\/enspridetravel.com\/de\/wp-json\/wp\/v2\/product"}],"about":[{"href":"https:\/\/enspridetravel.com\/de\/wp-json\/wp\/v2\/types\/product"}],"replies":[{"embeddable":true,"href":"https:\/\/enspridetravel.com\/de\/wp-json\/wp\/v2\/comments?post=9697"}],"wp:featuredmedia":[{"embeddable":true,"href":"https:\/\/enspridetravel.com\/de\/wp-json\/wp\/v2\/media\/9698"}],"wp:attachment":[{"href":"https:\/\/enspridetravel.com\/de\/wp-json\/wp\/v2\/media?parent=9697"}],"wp:term":[{"taxonomy":"product_cat","embeddable":true,"href":"https:\/\/enspridetravel.com\/de\/wp-json\/wp\/v2\/product_cat?post=9697"},{"taxonomy":"product_tag","embeddable":true,"href":"https:\/\/enspridetravel.com\/de\/wp-json\/wp\/v2\/product_tag?post=9697"}],"curies":[{"name":"wp","href":"https:\/\/api.w.org\/{rel}","templated":true}]}}