{"id":9692,"date":"2024-01-14T00:47:13","date_gmt":"2024-01-13T21:47:13","guid":{"rendered":"https:\/\/enspridetravel.com\/?post_type=product&#038;p=9692"},"modified":"2024-04-25T19:19:31","modified_gmt":"2024-04-25T16:19:31","slug":"demre-kekova-myra-tour-from-alanya","status":"publish","type":"product","link":"https:\/\/enspridetravel.com\/de\/urun\/demre-kekova-myra-tour-from-alanya\/","title":{"rendered":"Demre Kekova Myra-Tour ab Alanya"},"content":{"rendered":"<div class=\"header-ul\">\n<h3><img decoding=\"async\" class=\"rounded img-fluid float-sm-left mt-2 mr-sm-4 mb-2\" style=\"font-size: 16px;\" src=\"https:\/\/www.dailytoursinalanya.com\/Content\/images\/tours\/21\/thumb\/demre-kekova-myra-tour-from-alanya-7.webp\" alt=\"Demre Kekova Myra Tour From Alanya 2\" \/><\/h3>\n<h1>DEMRE MIRA KEKOVA<\/h1>\n<h2>Antike Wunder erkunden: Demre Mira Kekova Tour Discovery<\/h2>\n<p>Erleben Sie bei einer Demre Mira Kekova-Tour ein Reich alter Geschichte und atemberaubender Natursch\u00f6nheit. Dieser Urlaubsausflug an der atemberaubenden t\u00fcrkischen K\u00fcste nimmt Sie mit auf eine spannende Reise in die Vergangenheit, bei der Sie die faszinierenden Sch\u00e4tze von Demre entdecken, die geheimnisvolle versunkene Stadt Kekova erkunden und in den Charme des traditionellen Dorfes Mira eintauchen k\u00f6nnen. Bei dieser gef\u00fchrten Urlaubstour gehen wir auf die H\u00f6hepunkte und Erlebnisse ein, die Sie auf dieser wunderbaren Tour erwarten.<\/p>\n<h3>1. Demre Myra Kekova: Das antike Myra entr\u00e4tseln:<\/h3>\n<p>Demre, fr\u00fcher bekannt als Myra, hat eine reiche Geschichte und Mythologie. Besuchen Sie die antiken Ruinen von Myra, wo Sie die gut erhaltenen lykischen Felsengr\u00e4ber bewundern k\u00f6nnen. Bewundern Sie das wundersch\u00f6n dekorierte Friedenstheater aus dem 2. Jahrhundert v. Chr. und erkunden Sie die beeindruckenden Ruinen der St.-Nikolaus-Kirche aus der R\u00f6merzeit, einem wichtigen Wallfahrtsort. Erfahren Sie die Geschichten hinter diesen historischen St\u00e4tten, w\u00e4hrend fachkundige F\u00fchrer Sie durch die antiken Wunder von Demre f\u00fchren.<\/p>\n<h3>2. Kekova: Das Geheimnis der versunkenen Stadt:<\/h3>\n<p>Begeben Sie sich auf ein au\u00dfergew\u00f6hnliches Abenteuer, w\u00e4hrend Sie durch die Gew\u00e4sser von Kekova segeln, einer Region, die f\u00fcr ihre teilweise versunkenen Ruinen ber\u00fchmt ist. Die versunkene Stadt, die vor Jahrhunderten durch ein Erdbeben zerst\u00f6rt wurde, bietet heute ein spektakul\u00e4res Unterwasserspektakel. Bewundern Sie die \u00dcberreste antiker Mauern, Treppen und sogar versunkener Geb\u00e4ude, w\u00e4hrend Sie schnorcheln oder eine Fahrt mit einem Glasbodenboot \u00fcber diesen arch\u00e4ologischen Schatz unternehmen. Entdecken Sie die Geheimnisse der Vergangenheit der versunkenen Stadt und stellen Sie sich vor, wie das Leben in dieser einst wohlhabenden Metropole war.<\/p>\n<h3>3. Myra: Zeitlose Einfachheit und lokale Kultur:<\/h3>\n<p>Besuchen Sie das traditionelle t\u00fcrkische Dorf Mira, wo sich inmitten malerischer Landschaften das echte Landleben abspielt. Erkunden Sie charmante D\u00f6rfer, Steinh\u00e4user und idyllische Olivenhaine, w\u00e4hrend Sie in die W\u00e4rme und Einfachheit von Mira eintauchen. Probieren Sie traditionelle K\u00f6stlichkeiten wie lokal produziertes Oliven\u00f6l und frisch gebackenes Brot und mischen Sie sich unter freundliche Einheimische, die stolz ihr kulturelles Erbe bewahren. Mira bietet einen ruhigen und entspannenden Kontrast zu den antiken Wundern, denen Sie w\u00e4hrend der Tour begegnen werden.<\/p>\n<h3>4. Bestaunen Sie die Pracht der Natur:<\/h3>\n<p>Neben dem historischen und kulturellen Reichtum bietet die Demre Mira Kekova-Tour den Besuchern auch atemberaubende Naturlandschaften. W\u00e4hrend Sie zwischen verschiedenen Orten reisen, k\u00f6nnen Sie atemberaubende Ausblicke auf das t\u00fcrkisfarbene Wasser des Mittelmeers genie\u00dfen. Bewundern Sie die zerkl\u00fcftete K\u00fcste, die \u00fcppigen gr\u00fcnen H\u00fcgel und das atemberaubende Taurusgebirge, die als Kulisse f\u00fcr diese bemerkenswerte Reise dienen. Die Tour bietet einzigartige M\u00f6glichkeiten, in abgelegenen Buchten zu schwimmen und versteckte Buchten zu erkunden, sodass Sie die Natur in ihrer reinsten Form erleben k\u00f6nnen.<\/p>\n<h3>5. Kompetenz und Komfort:<\/h3>\n<p>Die Demre Mira Kekova-Tour wird von erfahrenen Reiseleitern geleitet, die sich mit der Geschichte, Kultur und den Naturwundern der Region bestens auskennen. Diese sachkundigen Reiseleiter begleiten Sie w\u00e4hrend der gesamten Tour, vermitteln Ihnen faszinierende Einblicke und sorgen f\u00fcr ein sicheres und angenehmes Erlebnis. Egal, ob Sie antike Ruinen erkunden oder einfach nur die landschaftliche Sch\u00f6nheit genie\u00dfen m\u00f6chten, ihre Erfahrung wird Ihr Verst\u00e4ndnis und Ihre Wertsch\u00e4tzung f\u00fcr die H\u00f6hepunkte der Tour verbessern.<\/p>\n<p>Die Demre Mira Kekova Tour bietet eine einzigartige Kombination aus Geschichte, Kultur und Natursch\u00f6nheit. Sie k\u00f6nnen die Geheimnisse alter Zivilisationen l\u00fcften, die Mystik einer versunkenen Stadt erkunden und in die zeitlose Einfachheit eines traditionellen t\u00fcrkischen Dorfes eintauchen. Unter der Leitung erfahrener Reiseleiter verspricht diese Tour ein bereicherndes und unvergessliches Erlebnis, das Ihnen eine tiefe Wertsch\u00e4tzung f\u00fcr das historische und nat\u00fcrliche Erbe der T\u00fcrkei vermittelt.<\/p>\n<h2>DEMRE WELT KEKOVA TOURPROGRAMM:<\/h2>\n<p>* Abholung\/Abgabe von Hotels und Apartments in Alanya.<br \/>\n*Fr\u00fchst\u00fcckspause in der N\u00e4he von Antalya<br \/>\n* Besuch der Museumskirche St. Nikolaus und des Ikonenzentrums.<br \/>\n* Besuch der antiken Stadt Myra, des antiken Theaters und des Steinfriedhofs, Mittagessen.<br \/>\n* Boot zur Insel Kekova und der versunkenen Stadt (2 Stunden)<br \/>\n* Abfahrt von Mira, Pause in der N\u00e4he von Antalya.<br \/>\n* Abfahrt zu Ihren Hotels und Apartments in Alanya.<\/p>\n<h2>IM PREIS INBEGRIFFEN:<\/h2>\n<p>* Abholung\/Abgabe von Hotels und Apartments in Alanya.<br \/>\n* Reiseleiter, Mittagessen, Bootsfahrt durch die versunkene Stadt.<br \/>\n* S\u00e4mtliche Eintrittsgelder (antike Stadt Myra und St.-Nikolaus-Museum)<\/p>\n<h2>OPTIONALES ZUBEH\u00d6R:<\/h2>\n<p>*Getr\u00e4nke<\/p>\n<h2>WEITERE INFORMATIONEN UND TIPPS:<\/h2>\n<p>\u2022 Bringen Sie eine Kamera, Badeanzug, Handtuch, Sonnenbrille und bequeme Schuhe mit.<\/p>\n<p>Verf\u00fcgbar von Antalya, Alanya, Side, Manavgat, Belek. Um die genaue Abholzeit zu erfahren, kontaktieren Sie uns bitte.<\/p>\n<p>Wir w\u00fcnschen Ihnen unvergessliche Erinnerungen w\u00e4hrend Ihres Urlaubs in der T\u00fcrkei.<\/p>\n<p>PS: F\u00fcr weitere Informationen k\u00f6nnen Sie uns auch telefonisch oder per WhatsApp-Nachricht kontaktieren.<\/p>\n<\/div>","protected":false},"excerpt":{"rendered":"<p>DEMRE MIRA KEKOVA Exploring Ancient Wonders: Demre Mira Kekova Tour Discovery Experience a realm of ancient history and breathtaking natural beauty with a Demre Mira Kekova tour. Set on the stunning Turkish coastline, this holiday excursion takes you on an exciting journey back in time, allowing you to discover the fascinating treasures of Demre, explore [&hellip;]<\/p>","protected":false},"featured_media":9694,"comment_status":"open","ping_status":"closed","template":"","meta":{"_monsterinsights_skip_tracking":false,"_monsterinsights_sitenote_active":false,"_monsterinsights_sitenote_note":"","_monsterinsights_sitenote_category":0},"product_cat":[87],"product_tag":[],"class_list":{"0":"post-9692","1":"product","2":"type-product","3":"status-publish","4":"has-post-thumbnail","6":"product_cat-demre-kekova-myra-tour-from-alanya","8":"first","9":"instock","10":"sale","11":"shipping-taxable","12":"purchasable","13":"product-type-ovabrw_car_rental"},"aioseo_notices":[],"_links":{"self":[{"href":"https:\/\/enspridetravel.com\/de\/wp-json\/wp\/v2\/product\/9692","targetHints":{"allow":["GET"]}}],"collection":[{"href":"https:\/\/enspridetravel.com\/de\/wp-json\/wp\/v2\/product"}],"about":[{"href":"https:\/\/enspridetravel.com\/de\/wp-json\/wp\/v2\/types\/product"}],"replies":[{"embeddable":true,"href":"https:\/\/enspridetravel.com\/de\/wp-json\/wp\/v2\/comments?post=9692"}],"wp:featuredmedia":[{"embeddable":true,"href":"https:\/\/enspridetravel.com\/de\/wp-json\/wp\/v2\/media\/9694"}],"wp:attachment":[{"href":"https:\/\/enspridetravel.com\/de\/wp-json\/wp\/v2\/media?parent=9692"}],"wp:term":[{"taxonomy":"product_cat","embeddable":true,"href":"https:\/\/enspridetravel.com\/de\/wp-json\/wp\/v2\/product_cat?post=9692"},{"taxonomy":"product_tag","embeddable":true,"href":"https:\/\/enspridetravel.com\/de\/wp-json\/wp\/v2\/product_tag?post=9692"}],"curies":[{"name":"wp","href":"https:\/\/api.w.org\/{rel}","templated":true}]}}