{"id":9686,"date":"2024-01-13T22:41:29","date_gmt":"2024-01-13T19:41:29","guid":{"rendered":"https:\/\/enspridetravel.com\/?post_type=product&#038;p=9686"},"modified":"2024-03-29T01:45:52","modified_gmt":"2024-03-28T22:45:52","slug":"alanya-all-inclusive-boat-tour","status":"publish","type":"product","link":"https:\/\/enspridetravel.com\/de\/urun\/alanya-all-inclusive-boat-tour\/","title":{"rendered":"Alanya All-Inclusive-Bootstour"},"content":{"rendered":"<div class=\"header-ul\">\n<p><strong>Yachtausflug entlang der K\u00fcste von Alanya<\/strong><\/p>\n<p>Setzen Sie die Segel f\u00fcr einen unvergesslichen eint\u00e4gigen Yachtausflug entlang der malerischen K\u00fcste von Alanya. Diese Reise bietet Ihnen die M\u00f6glichkeit, die bezaubernde Liebesh\u00f6hle und die historischen Piraten-Docks zu erkunden, beim F\u00fcttern der Fische in das Meeresleben einzutauchen und an einer Reihe von Unterhaltungsangeboten an Bord teilzunehmen, darunter eine lebhafte Schaumparty. Halten Sie die Augen offen, um Delfine und Meeresschildkr\u00f6ten in ihrem nat\u00fcrlichen Lebensraum zu entdecken, w\u00e4hrend Sie auf dem offenen Meer kreuzen.<\/p>\n<p><strong>H\u00f6hepunkte der Tour<\/strong><\/p>\n<ul>\n<li><strong>Liebesh\u00f6hle und Piratenstege<\/strong>: Entdecken Sie die nat\u00fcrliche Sch\u00f6nheit und den historischen Reiz der K\u00fcste von Alanya mit Stopps an der geheimnisvollen Liebesh\u00f6hle und den alten Piratenanlegestellen.<\/li>\n<li><strong>Begegnung mit Meereslebewesen<\/strong>: Erleben Sie den Spa\u00df beim F\u00fcttern von Fischen und die M\u00f6glichkeit, Delfine und Meeresschildkr\u00f6ten aus n\u00e4chster N\u00e4he zu beobachten.<\/li>\n<li><strong>Unterhaltung an Bord<\/strong>: Genie\u00dfen Sie eine stimmungsvolle Schaumdisco an Deck, die Ihrem Seeabenteuer eine Extraportion Spa\u00df verleiht.<\/li>\n<li><strong>Mittagessen und Erfrischungen<\/strong>: Genie\u00dfen Sie ein k\u00f6stliches Mittagessen an Bord, begleitet von einer Auswahl an alkoholfreien Getr\u00e4nken, damit Sie den ganzen Tag \u00fcber ausreichend Fl\u00fcssigkeit zu sich nehmen.<\/li>\n<\/ul>\n<p><strong>Was ist inbegriffen:<\/strong><\/p>\n<ul>\n<li>Bequemer Hoteltransfer zur und von der Yacht<\/li>\n<li>Ein k\u00f6stliches, an Bord zubereitetes Mittagessen<\/li>\n<li>Eine Auswahl an alkoholfreien Getr\u00e4nken ist w\u00e4hrend der gesamten Tour verf\u00fcgbar<\/li>\n<li>Eine aufregende Schaum-Disko-Party<\/li>\n<\/ul>\n<p><strong>Weitere Informationen:<\/strong><\/p>\n<ul>\n<li>Alkoholische Getr\u00e4nke, Fotografendienste, Eiscreme und Wassersportm\u00f6glichkeiten sind nicht im Preis inbegriffen, k\u00f6nnen aber w\u00e4hrend der Tour m\u00f6glicherweise erworben werden.<\/li>\n<li>Um Ihren Yachtausflug optimal zu nutzen, empfehlen wir Ihnen, Badeanzug, Handtuch und Sonnencreme mitzubringen, um Sonne, Meer und Aktivit\u00e4ten an Bord in vollen Z\u00fcgen zu genie\u00dfen.<\/li>\n<\/ul>\n<p>Begleiten Sie uns auf einer unvergesslichen Bootstour ab Alanya, bei der das kristallklare Wasser des Mittelmeers, der Reiz historischer St\u00e4tten und der Nervenkitzel maritimer Begegnungen zu einem perfekten Tag auf See zusammenkommen.<\/p>\n<\/div>","protected":false},"excerpt":{"rendered":"<p>Alanya Coastal Yacht Excursion Set sail on a memorable one-day yacht excursion along the picturesque coast of Alanya. This journey offers you the opportunity to explore the enchanting Love Cave and the historic pirate docks, immerse yourself in marine life by feeding the fish, and partake in an array of onboard entertainment, including a lively [&hellip;]<\/p>","protected":false},"featured_media":9689,"comment_status":"open","ping_status":"closed","template":"","meta":{"_monsterinsights_skip_tracking":false,"_monsterinsights_sitenote_active":false,"_monsterinsights_sitenote_note":"","_monsterinsights_sitenote_category":0},"product_cat":[66],"product_tag":[],"class_list":{"0":"post-9686","1":"product","2":"type-product","3":"status-publish","4":"has-post-thumbnail","6":"product_cat-tekne-turlari","8":"first","9":"instock","10":"sale","11":"shipping-taxable","12":"purchasable","13":"product-type-ovabrw_car_rental"},"aioseo_notices":[],"_links":{"self":[{"href":"https:\/\/enspridetravel.com\/de\/wp-json\/wp\/v2\/product\/9686","targetHints":{"allow":["GET"]}}],"collection":[{"href":"https:\/\/enspridetravel.com\/de\/wp-json\/wp\/v2\/product"}],"about":[{"href":"https:\/\/enspridetravel.com\/de\/wp-json\/wp\/v2\/types\/product"}],"replies":[{"embeddable":true,"href":"https:\/\/enspridetravel.com\/de\/wp-json\/wp\/v2\/comments?post=9686"}],"wp:featuredmedia":[{"embeddable":true,"href":"https:\/\/enspridetravel.com\/de\/wp-json\/wp\/v2\/media\/9689"}],"wp:attachment":[{"href":"https:\/\/enspridetravel.com\/de\/wp-json\/wp\/v2\/media?parent=9686"}],"wp:term":[{"taxonomy":"product_cat","embeddable":true,"href":"https:\/\/enspridetravel.com\/de\/wp-json\/wp\/v2\/product_cat?post=9686"},{"taxonomy":"product_tag","embeddable":true,"href":"https:\/\/enspridetravel.com\/de\/wp-json\/wp\/v2\/product_tag?post=9686"}],"curies":[{"name":"wp","href":"https:\/\/api.w.org\/{rel}","templated":true}]}}